{"id":584426,"date":"2025-09-05T18:16:13","date_gmt":"2025-09-05T15:16:13","guid":{"rendered":"https:\/\/staging.nbg.eu\/product\/mak-viper-fts-left\/"},"modified":"2025-10-16T16:00:54","modified_gmt":"2025-10-16T13:00:54","slug":"mak-viper-fts-kreisa","status":"publish","type":"product","link":"https:\/\/staging.nbg.eu\/lv\/product\/mak-viper-fts-kreisa\/","title":{"rendered":"MAK Viper FTS kreisa"},"content":{"rendered":"<div class=\"product-description\">\n<h2>MAK Viper FTS kreis\u0101<\/h2>\n<p>MAK Viper FTS kreis\u0101 ir \u0161autenes t\u0113mek\u013ca stiprin\u0101jums, kas paredz\u0113ts kreis\u0101s rokas \u0161\u0101v\u0113jiem. \u0160im stiprin\u0101jumam ir \u0161\u0101das \u012bpa\u0161\u012bbas:<\/p>\n<ul>\n<li>Alum\u012bnija konstrukcija vieglumam un iztur\u012bbai<\/li>\n<li>Fiks\u0113ta griezes momenta sist\u0113ma (FTS) konsekventai uzst\u0101d\u012b\u0161anai<\/li>\n<li>\u0100tr\u0101s atbr\u012bvo\u0161anas svira vieglai t\u0113mek\u013ca no\u0146em\u0161anai un uzlik\u0161anai<\/li>\n<li>Kreis\u0101s rokas konfigur\u0101cija uzlabotai ergonomikai<\/li>\n<li>Sader\u012bgs ar Picatinny un Weaver slied\u0113m<\/li>\n<li>Pieejams da\u017e\u0101dos gredzenu izm\u0113ros da\u017e\u0101diem t\u0113mek\u013cu diametriem<\/li>\n<\/ul>\n<p>MAK Viper FTS kreis\u0101 nodro\u0161ina stabilit\u0101ti un saglab\u0101 nulles punktu pat pie sp\u0113c\u012bga atsitiena. \u0160is t\u0113mek\u013ca stiprin\u0101jums ir izstr\u0101d\u0101ts kreis\u0101s rokas \u0161\u0101v\u0113jiem.<\/p>\n<\/div>\n","protected":false},"excerpt":{"rendered":"<p>MAK Viper FTS kreisajiem: Augstas precizit\u0101tes taktiskais t\u0113meklis kreis\u0101s rokas \u0161\u0101v\u0113jiem.<\/p>\n","protected":false},"featured_media":0,"template":"","meta":{"_acf_changed":false},"product_brand":[],"product_cat":[],"product_tag":[],"class_list":{"0":"post-584426","1":"product","2":"type-product","3":"status-publish","6":"first","7":"instock","8":"taxable","9":"shipping-taxable","10":"purchasable","11":"product-type-simple"},"acf":[],"_links":{"self":[{"href":"https:\/\/staging.nbg.eu\/lv\/wp-json\/wp\/v2\/product\/584426","targetHints":{"allow":["GET"]}}],"collection":[{"href":"https:\/\/staging.nbg.eu\/lv\/wp-json\/wp\/v2\/product"}],"about":[{"href":"https:\/\/staging.nbg.eu\/lv\/wp-json\/wp\/v2\/types\/product"}],"wp:attachment":[{"href":"https:\/\/staging.nbg.eu\/lv\/wp-json\/wp\/v2\/media?parent=584426"}],"wp:term":[{"taxonomy":"product_brand","embeddable":true,"href":"https:\/\/staging.nbg.eu\/lv\/wp-json\/wp\/v2\/product_brand?post=584426"},{"taxonomy":"product_cat","embeddable":true,"href":"https:\/\/staging.nbg.eu\/lv\/wp-json\/wp\/v2\/product_cat?post=584426"},{"taxonomy":"product_tag","embeddable":true,"href":"https:\/\/staging.nbg.eu\/lv\/wp-json\/wp\/v2\/product_tag?post=584426"}],"curies":[{"name":"wp","href":"https:\/\/api.w.org\/{rel}","templated":true}]}}