{"id":583693,"date":"2025-10-10T23:40:13","date_gmt":"2025-10-10T20:40:13","guid":{"rendered":"https:\/\/staging.nbg.eu\/product\/dillon-4-pack-primer-pickup-tubes-small-primer\/"},"modified":"2025-10-16T15:28:42","modified_gmt":"2025-10-16T12:28:42","slug":"dillon-4-gab-kapselu-uznemsanas-caurulites-mazais-kapselis","status":"publish","type":"product","link":"https:\/\/staging.nbg.eu\/lv\/product\/dillon-4-gab-kapselu-uznemsanas-caurulites-mazais-kapselis\/","title":{"rendered":"Dillon 4 gab. kapselu uznemsanas caurulites &#8211; mazais kapselis"},"content":{"rendered":"<div class=\"product-description\">\n<h2>Dillon 4 gab. mazo kapsulu pac\u0113l\u0101jcaurules<\/h2>\n<p>Dillon 4 gab. mazo kapsulu pac\u0113l\u0101jcaurules paredz\u0113tas p\u0101rl\u0101d\u0113\u0161anas procesa uzlabo\u0161anai, \u013caujot \u0101tri sagatavot mun\u012bciju.<\/p>\n<ul>\n<li>4 pac\u0113l\u0101jcaurules maz\u0101m kapsul\u0101m<\/li>\n<li>Iepriek\u0161 piepild\u0101mas caurules \u0101trai p\u0101rl\u0101d\u0113\u0161anai<\/li>\n<li>Sader\u012bgas ar Dillon p\u0101rl\u0101d\u0113\u0161anas pres\u0113m<\/li>\n<li>Palielina produktivit\u0101ti un ietaupa laiku<\/li>\n<\/ul>\n<p>Piepildiet \u0161\u012bs caurules un sagatavojiet t\u0101s nep\u0101rtrauktai p\u0101rl\u0101d\u0113\u0161anai. Piem\u0113rotas sacens\u012bbu \u0161\u0101v\u0113jiem un liela apjoma p\u0101rl\u0101d\u0113t\u0101jiem.<\/p>\n<\/div>\n","protected":false},"excerpt":{"rendered":"<p>4 mazas kapse\u013cu pacel\u0161anas caurul\u012btes \u0101trai un efekt\u012bvai p\u0101rl\u0101d\u0113\u0161anai.<\/p>\n","protected":false},"featured_media":583725,"template":"","meta":{"_acf_changed":false},"product_brand":[],"product_cat":[13823,13777],"product_tag":[],"class_list":{"0":"post-583693","1":"product","2":"type-product","3":"status-publish","4":"has-post-thumbnail","6":"product_cat-parladesana","7":"product_cat-parladesanas-aksesuari","9":"first","10":"instock","11":"taxable","12":"shipping-taxable","13":"purchasable","14":"product-type-simple"},"acf":[],"_links":{"self":[{"href":"https:\/\/staging.nbg.eu\/lv\/wp-json\/wp\/v2\/product\/583693","targetHints":{"allow":["GET"]}}],"collection":[{"href":"https:\/\/staging.nbg.eu\/lv\/wp-json\/wp\/v2\/product"}],"about":[{"href":"https:\/\/staging.nbg.eu\/lv\/wp-json\/wp\/v2\/types\/product"}],"wp:featuredmedia":[{"embeddable":true,"href":"https:\/\/staging.nbg.eu\/lv\/wp-json\/wp\/v2\/media\/583725"}],"wp:attachment":[{"href":"https:\/\/staging.nbg.eu\/lv\/wp-json\/wp\/v2\/media?parent=583693"}],"wp:term":[{"taxonomy":"product_brand","embeddable":true,"href":"https:\/\/staging.nbg.eu\/lv\/wp-json\/wp\/v2\/product_brand?post=583693"},{"taxonomy":"product_cat","embeddable":true,"href":"https:\/\/staging.nbg.eu\/lv\/wp-json\/wp\/v2\/product_cat?post=583693"},{"taxonomy":"product_tag","embeddable":true,"href":"https:\/\/staging.nbg.eu\/lv\/wp-json\/wp\/v2\/product_tag?post=583693"}],"curies":[{"name":"wp","href":"https:\/\/api.w.org\/{rel}","templated":true}]}}