{"id":583506,"date":"2025-10-08T23:38:14","date_gmt":"2025-10-08T20:38:14","guid":{"rendered":"https:\/\/staging.nbg.eu\/product\/bipod-harris-s-brm-notch-rotate-6-9\/"},"modified":"2025-10-16T14:45:39","modified_gmt":"2025-10-16T11:45:39","slug":"divkajis-harris-s-brm-notch-rotate-6-9","status":"publish","type":"product","link":"https:\/\/staging.nbg.eu\/lv\/product\/divkajis-harris-s-brm-notch-rotate-6-9\/","title":{"rendered":"Divkajis Harris &#8211; S &#8211; BRM Notch Rotate 6-9&#8243;"},"content":{"rendered":"<div class=\"product-description\">\n<h2>Harris 6&#8243; &#8211; 9&#8243; Groz\u0101ms Bipods ar K\u0101ju Ierob\u0113m BRM-S<\/h2>\n<p>Harris 6&#8243; &#8211; 9&#8243; Groz\u0101mais Bipods (BRM-S) ietver:<\/p>\n<ul>\n<li>Regul\u0113jamas k\u0101jas no 6&#8243; l\u012bdz 9&#8243;<\/li>\n<li>Atbalsts stabiliz\u0101cijai<\/li>\n<li>Groz\u0101ma funkcija nel\u012bdzen\u0101m virsm\u0101m<\/li>\n<li>K\u0101ju ierobes prec\u012bzai augstuma regul\u0113\u0161anai<\/li>\n<\/ul>\n<p>Aizv\u0113rt\u0101 st\u0101vokl\u012b platums ir 2 3\/4&#8243;, atv\u0113rt\u0101 &#8211; 7 1\/4&#8243;. Svars 8 unces. Piem\u0113rots da\u017e\u0101d\u0101m \u0161au\u0161anas poz\u012bcij\u0101m. Harris BRM-S bipods ir paredz\u0113ts medniekiem un sacens\u012bbu \u0161\u0101v\u0113jiem.<\/p>\n<p>SKU: Harris-BRM-S | UPC: 051156113090 | MPN: S-BRM<\/p>\n<\/div>\n","protected":false},"excerpt":{"rendered":"<p>Regul\u0113jams 6-9 collu groz\u0101ms divk\u0101jis ar robain\u0101m k\u0101j\u0101m. Gatavs izmanto\u0161anai \u0161au\u0161anas stend\u0101.<\/p>\n","protected":false},"featured_media":583540,"template":"","meta":{"_acf_changed":false},"product_brand":[12024],"product_cat":[13820],"product_tag":[],"class_list":{"0":"post-583506","1":"product","2":"type-product","3":"status-publish","4":"has-post-thumbnail","6":"product_brand-harris-bipods","7":"product_cat-divkaji","9":"first","10":"outofstock","11":"taxable","12":"shipping-taxable","13":"purchasable","14":"product-type-simple"},"acf":[],"_links":{"self":[{"href":"https:\/\/staging.nbg.eu\/lv\/wp-json\/wp\/v2\/product\/583506","targetHints":{"allow":["GET"]}}],"collection":[{"href":"https:\/\/staging.nbg.eu\/lv\/wp-json\/wp\/v2\/product"}],"about":[{"href":"https:\/\/staging.nbg.eu\/lv\/wp-json\/wp\/v2\/types\/product"}],"wp:featuredmedia":[{"embeddable":true,"href":"https:\/\/staging.nbg.eu\/lv\/wp-json\/wp\/v2\/media\/583540"}],"wp:attachment":[{"href":"https:\/\/staging.nbg.eu\/lv\/wp-json\/wp\/v2\/media?parent=583506"}],"wp:term":[{"taxonomy":"product_brand","embeddable":true,"href":"https:\/\/staging.nbg.eu\/lv\/wp-json\/wp\/v2\/product_brand?post=583506"},{"taxonomy":"product_cat","embeddable":true,"href":"https:\/\/staging.nbg.eu\/lv\/wp-json\/wp\/v2\/product_cat?post=583506"},{"taxonomy":"product_tag","embeddable":true,"href":"https:\/\/staging.nbg.eu\/lv\/wp-json\/wp\/v2\/product_tag?post=583506"}],"curies":[{"name":"wp","href":"https:\/\/api.w.org\/{rel}","templated":true}]}}