{"id":58285,"date":"2024-02-20T19:05:47","date_gmt":"2024-02-20T19:05:47","guid":{"rendered":"https:\/\/staging.nbg.eu\/product\/grovtec-heavy-duty-push-button-qd-sling-swivel\/"},"modified":"2024-09-13T15:05:04","modified_gmt":"2024-09-13T15:05:04","slug":"grovtec-heavy-duty-pogas-qd-siksnas-svarsts","status":"publish","type":"product","link":"https:\/\/staging.nbg.eu\/lv\/product\/grovtec-heavy-duty-pogas-qd-siksnas-svarsts\/","title":{"rendered":"GROVTEC Heavy Duty pogas QD siksnas svarsts"},"content":{"rendered":"<p>GROVTEC smag\u0101s slodzes \u0101tri no\u0146emamais siksnas \u0161arn\u012brs ar pogu ir piederums 1-1\/4&#8243; siksn\u0101m. \u0160im atsevi\u0161\u0137i iepakotajam \u0161arn\u012bram ir \u0161\u0101das \u012bpa\u0161\u012bbas:<\/p>\n<ul>\n<li>Iztur\u012bbas test\u0113ts l\u012bdz 204 kg<\/li>\n<li>Nesp\u012bd\u012bga mang\u0101na fosf\u0101ta apdare<\/li>\n<li>Viegli lietojams pogas meh\u0101nisms \u0101trai no\u0146em\u0161anai<\/li>\n<li>Iztur\u012bga konstrukcija ilgsto\u0161ai lieto\u0161anai<\/li>\n<\/ul>\n<p>\u0160is ir kvalitat\u012bvs \u0161arn\u012brs j\u016bsu \u0161aujamierocim.<\/p>\n","protected":false},"excerpt":{"rendered":"<p>Iztur\u012bga 1,25 collu siksnas \u0161\u0137\u0113rsstie\u0146a savienojuma deta\u013ca, p\u0101rbaud\u012bta 450 m\u0101rci\u0146u slodzei, ar \u0101tri atbr\u012bvojamu spiedpogu, mat\u0113tu apdari.<\/p>\n","protected":false},"featured_media":58286,"template":"","meta":{"_acf_changed":false},"product_brand":[],"product_cat":[13827,13790],"product_tag":[],"class_list":{"0":"post-58285","1":"product","2":"type-product","3":"status-publish","4":"has-post-thumbnail","6":"product_cat-sautene","7":"product_cat-siksnas","9":"first","10":"instock","11":"taxable","12":"shipping-taxable","13":"product-type-simple"},"acf":[],"_links":{"self":[{"href":"https:\/\/staging.nbg.eu\/lv\/wp-json\/wp\/v2\/product\/58285","targetHints":{"allow":["GET"]}}],"collection":[{"href":"https:\/\/staging.nbg.eu\/lv\/wp-json\/wp\/v2\/product"}],"about":[{"href":"https:\/\/staging.nbg.eu\/lv\/wp-json\/wp\/v2\/types\/product"}],"wp:featuredmedia":[{"embeddable":true,"href":"https:\/\/staging.nbg.eu\/lv\/wp-json\/wp\/v2\/media\/58286"}],"wp:attachment":[{"href":"https:\/\/staging.nbg.eu\/lv\/wp-json\/wp\/v2\/media?parent=58285"}],"wp:term":[{"taxonomy":"product_brand","embeddable":true,"href":"https:\/\/staging.nbg.eu\/lv\/wp-json\/wp\/v2\/product_brand?post=58285"},{"taxonomy":"product_cat","embeddable":true,"href":"https:\/\/staging.nbg.eu\/lv\/wp-json\/wp\/v2\/product_cat?post=58285"},{"taxonomy":"product_tag","embeddable":true,"href":"https:\/\/staging.nbg.eu\/lv\/wp-json\/wp\/v2\/product_tag?post=58285"}],"curies":[{"name":"wp","href":"https:\/\/api.w.org\/{rel}","templated":true}]}}