{"id":582575,"date":"2025-10-10T18:10:11","date_gmt":"2025-10-10T15:10:11","guid":{"rendered":"https:\/\/staging.nbg.eu\/product\/daa-gripz-grip-enhancer-75-ml\/"},"modified":"2025-10-16T13:57:08","modified_gmt":"2025-10-16T10:57:08","slug":"daa-gripz-satveriena-uzlabotajs-75-ml","status":"publish","type":"product","link":"https:\/\/staging.nbg.eu\/lv\/product\/daa-gripz-satveriena-uzlabotajs-75-ml\/","title":{"rendered":"DAA GRIPZ &#8211; satverien\u0430 uzlabotajs 75 ml"},"content":{"rendered":"<div class=\"product-description\">\n<h2>DAA GRIPZ &#8211; Satv\u0113riena uzlabot\u0101js 75 ml<\/h2>\n<p>DAA GRIPZ ir satv\u0113riena uzlabo\u0161anas losjons pistoles \u0161au\u0161anai IPSC un USPSA sacens\u012bb\u0101s. \u0160\u012b 75ml pudele nodro\u0161ina dro\u0161u satv\u0113rienu mitros apst\u0101k\u013cos un karstum\u0101.<\/p>\n<ul>\n<li>Uz sil\u012bcija b\u0101z\u0113ta formula ar alkoholu un stabilizatoriem<\/li>\n<li>Praktisks v\u0101ci\u0146\u0161 vieglai lieto\u0161anai ar vienu roku<\/li>\n<li>Nek\u013c\u016bst balts un viegli nenober\u017eas uz ap\u0123\u0113rba un pistoles roktura<\/li>\n<li>Piem\u0113rots sausu plaukstu un dro\u0161a satv\u0113riena uztur\u0113\u0161anai \u0101tras un prec\u012bzas \u0161au\u0161anas laik\u0101<\/li>\n<\/ul>\n<p>DAA GRIPZ var uzlabot j\u016bsu \u0161au\u0161anas rezult\u0101tus.<\/p>\n<\/div>\n","protected":false},"excerpt":{"rendered":"<p>DAA GRIPZ: Uzlabo satv\u0113rienu prec\u012bzai \u0161au\u0161anai. 75ml pudele.<\/p>\n","protected":false},"featured_media":582661,"template":"","meta":{"_acf_changed":false},"product_brand":[],"product_cat":[13843],"product_tag":[],"class_list":{"0":"post-582575","1":"product","2":"type-product","3":"status-publish","4":"has-post-thumbnail","6":"product_cat-nekategorizets","8":"first","9":"instock","10":"taxable","11":"shipping-taxable","12":"purchasable","13":"product-type-simple"},"acf":[],"_links":{"self":[{"href":"https:\/\/staging.nbg.eu\/lv\/wp-json\/wp\/v2\/product\/582575","targetHints":{"allow":["GET"]}}],"collection":[{"href":"https:\/\/staging.nbg.eu\/lv\/wp-json\/wp\/v2\/product"}],"about":[{"href":"https:\/\/staging.nbg.eu\/lv\/wp-json\/wp\/v2\/types\/product"}],"wp:featuredmedia":[{"embeddable":true,"href":"https:\/\/staging.nbg.eu\/lv\/wp-json\/wp\/v2\/media\/582661"}],"wp:attachment":[{"href":"https:\/\/staging.nbg.eu\/lv\/wp-json\/wp\/v2\/media?parent=582575"}],"wp:term":[{"taxonomy":"product_brand","embeddable":true,"href":"https:\/\/staging.nbg.eu\/lv\/wp-json\/wp\/v2\/product_brand?post=582575"},{"taxonomy":"product_cat","embeddable":true,"href":"https:\/\/staging.nbg.eu\/lv\/wp-json\/wp\/v2\/product_cat?post=582575"},{"taxonomy":"product_tag","embeddable":true,"href":"https:\/\/staging.nbg.eu\/lv\/wp-json\/wp\/v2\/product_tag?post=582575"}],"curies":[{"name":"wp","href":"https:\/\/api.w.org\/{rel}","templated":true}]}}