{"id":582267,"date":"2025-10-10T18:10:10","date_gmt":"2025-10-10T15:10:10","guid":{"rendered":"https:\/\/staging.nbg.eu\/product\/daa-magnet-inc-screw-and-thermal-nut-for-racer-pouch\/"},"modified":"2025-10-16T13:40:10","modified_gmt":"2025-10-16T10:40:10","slug":"daa-magnets-ar-skruvi-un-termisko-uzgriedni-saciksu-kabatai","status":"publish","type":"product","link":"https:\/\/staging.nbg.eu\/lv\/product\/daa-magnets-ar-skruvi-un-termisko-uzgriedni-saciksu-kabatai\/","title":{"rendered":"DAA magnets ar skruvi un termisko uzgriedni saciksu kabatai"},"content":{"rendered":"<div class=\"product-description\">\n<h2>DAA magn\u0113tu komplekts vienas k\u0101rtas Racer maci\u0146iem<\/h2>\n<p>Uzlabojiet savu DAA vienas k\u0101rtas Racer maci\u0146u ar \u0161o magn\u0113tisko stiprin\u0101juma risin\u0101jumu. M\u016bsu komplekt\u0101 ietilpst:<\/p>\n<ul>\n<li>Liels 42mm N42 magn\u0113ts<\/li>\n<li>Iegremd\u0113ts M5 uzgrieznis<\/li>\n<li>12mm M5 skr\u016bve<\/li>\n<\/ul>\n<p>Uzst\u0101d\u012b\u0161ana ir \u0101tra un vienk\u0101r\u0161a, izmantojot eso\u0161o caurumu maci\u0146a \u0101rpus\u0113. Lab\u0101kiem rezult\u0101tiem:<\/p>\n<ol>\n<li>Nosakiet un nofiks\u0113jiet v\u0113lamo maci\u0146a le\u0146\u0137i pirms uzst\u0101d\u012b\u0161anas<\/li>\n<li>Uzst\u0101diet magn\u0113tu, izmantojot komplekt\u0101 iek\u013caut\u0101s deta\u013cas<\/li>\n<\/ol>\n<p><strong>Piez\u012bme:<\/strong> P\u0113c uzst\u0101d\u012b\u0161anas piek\u013cuve centr\u0101lajai stiprin\u0101juma skr\u016bvei var b\u016bt ierobe\u017eota. Apsveriet iesp\u0113ju izveidot piel\u0101gotu 3mm se\u0161st\u016bra atsl\u0113gu ar \u012bsu roku turpm\u0101k\u0101m regul\u0113\u0161an\u0101m.<\/p>\n<p>Uzlabojiet sava maci\u0146a funkcionalit\u0101ti ar \u0161o magn\u0113tisko stiprin\u0101juma komplektu.<\/p>\n<\/div>\n","protected":false},"excerpt":{"rendered":"<p>Magn\u0113tisk\u0101 stiprin\u0101juma komplekts DAA vienas k\u0101rtas sac\u012bk\u0161u maci\u0146iem. Viegli uzst\u0101d\u0101ms.<\/p>\n","protected":false},"featured_media":582322,"template":"","meta":{"_acf_changed":false},"product_brand":[],"product_cat":[13794,13785,13797],"product_tag":[],"class_list":{"0":"post-582267","1":"product","2":"type-product","3":"status-publish","4":"has-post-thumbnail","6":"product_cat-ekipejums","7":"product_cat-sominas","8":"product_cat-sporta-jostas","10":"first","11":"instock","12":"taxable","13":"shipping-taxable","14":"purchasable","15":"product-type-simple"},"acf":[],"_links":{"self":[{"href":"https:\/\/staging.nbg.eu\/lv\/wp-json\/wp\/v2\/product\/582267","targetHints":{"allow":["GET"]}}],"collection":[{"href":"https:\/\/staging.nbg.eu\/lv\/wp-json\/wp\/v2\/product"}],"about":[{"href":"https:\/\/staging.nbg.eu\/lv\/wp-json\/wp\/v2\/types\/product"}],"wp:featuredmedia":[{"embeddable":true,"href":"https:\/\/staging.nbg.eu\/lv\/wp-json\/wp\/v2\/media\/582322"}],"wp:attachment":[{"href":"https:\/\/staging.nbg.eu\/lv\/wp-json\/wp\/v2\/media?parent=582267"}],"wp:term":[{"taxonomy":"product_brand","embeddable":true,"href":"https:\/\/staging.nbg.eu\/lv\/wp-json\/wp\/v2\/product_brand?post=582267"},{"taxonomy":"product_cat","embeddable":true,"href":"https:\/\/staging.nbg.eu\/lv\/wp-json\/wp\/v2\/product_cat?post=582267"},{"taxonomy":"product_tag","embeddable":true,"href":"https:\/\/staging.nbg.eu\/lv\/wp-json\/wp\/v2\/product_tag?post=582267"}],"curies":[{"name":"wp","href":"https:\/\/api.w.org\/{rel}","templated":true}]}}