{"id":58157,"date":"2024-02-20T19:21:46","date_gmt":"2024-09-13T15:01:34","guid":{"rendered":"https:\/\/staging.nbg.eu\/product\/geissele-super-precision-compm5s-series-optic-mounts-black-absolute-co-witness\/"},"modified":"2024-09-13T15:02:26","modified_gmt":"2024-09-13T15:02:26","slug":"geissele-super-precision-compm5s-serijas-optikas-stiprinajumi-melns-absolute-co-witness","status":"publish","type":"product","link":"https:\/\/staging.nbg.eu\/lv\/product\/geissele-super-precision-compm5s-serijas-optikas-stiprinajumi-melns-absolute-co-witness\/","title":{"rendered":"Geissele Super Precision\u00ae &#8211; CompM5s serijas optikas stiprinajumi, Melns (Absolute Co-Witness)"},"content":{"rendered":"<h2>Geissele Super Precision\u00ae &#8211; CompM5s s\u0113rijas optisko t\u0113mek\u013cu stiprin\u0101jumi<\/h2>\n<h3>Melns (Absol\u016bt\u0101 ko-viz\u0113\u0161ana)<\/h3>\n<p>Geissele Super Precision\u00ae CompM5s s\u0113rijas optiskais stiprin\u0101jums ir paredz\u0113ts Aimpoint CompM5s un l\u012bdz\u012bgiem sarkano punktu t\u0113mek\u013ciem.<\/p>\n<ul>\n<li>Izgatavots no viena 7075-T6 augstas iztur\u012bbas alum\u012bnija gabala<\/li>\n<li>Absol\u016bt\u0101s ko-viz\u0113\u0161anas augstuma opcija<\/li>\n<li>Uzgrie\u017e\u0146a un skr\u016bves stiprin\u0101juma metode ar 1400 m\u0101rci\u0146u saspie\u0161anas sp\u0113ku<\/li>\n<li>3 b\u012bdes izci\u013c\u0146i stabilit\u0101tei un atgrie\u0161anai nulles poz\u012bcij\u0101<\/li>\n<li>3. tipa cietais anod\u0113ts p\u0101rkl\u0101jums meln\u0101 kr\u0101s\u0101<\/li>\n<\/ul>\n<p>Geissele pied\u0101v\u0101 optisko t\u0113mek\u013cu stiprin\u0101\u0161anas risin\u0101jumus \u0161aujamiero\u010du veiktsp\u0113jai un uzticam\u012bbai.<\/p>\n","protected":false},"excerpt":{"rendered":"<p>Prec\u012bzi apstr\u0101d\u0101ts stiprin\u0101jums Aimpoint CompM5s. Iztur\u012bgs, stingrs un uzticams.<\/p>\n","protected":false},"featured_media":58158,"template":"","meta":{"_acf_changed":false},"product_brand":[11383],"product_cat":[13827],"product_tag":[],"class_list":{"0":"post-58157","1":"product","2":"type-product","3":"status-publish","4":"has-post-thumbnail","6":"product_brand-geissele","7":"product_cat-sautene","9":"first","10":"instock","11":"taxable","12":"shipping-taxable","13":"product-type-simple"},"acf":[],"_links":{"self":[{"href":"https:\/\/staging.nbg.eu\/lv\/wp-json\/wp\/v2\/product\/58157","targetHints":{"allow":["GET"]}}],"collection":[{"href":"https:\/\/staging.nbg.eu\/lv\/wp-json\/wp\/v2\/product"}],"about":[{"href":"https:\/\/staging.nbg.eu\/lv\/wp-json\/wp\/v2\/types\/product"}],"wp:featuredmedia":[{"embeddable":true,"href":"https:\/\/staging.nbg.eu\/lv\/wp-json\/wp\/v2\/media\/58158"}],"wp:attachment":[{"href":"https:\/\/staging.nbg.eu\/lv\/wp-json\/wp\/v2\/media?parent=58157"}],"wp:term":[{"taxonomy":"product_brand","embeddable":true,"href":"https:\/\/staging.nbg.eu\/lv\/wp-json\/wp\/v2\/product_brand?post=58157"},{"taxonomy":"product_cat","embeddable":true,"href":"https:\/\/staging.nbg.eu\/lv\/wp-json\/wp\/v2\/product_cat?post=58157"},{"taxonomy":"product_tag","embeddable":true,"href":"https:\/\/staging.nbg.eu\/lv\/wp-json\/wp\/v2\/product_tag?post=58157"}],"curies":[{"name":"wp","href":"https:\/\/api.w.org\/{rel}","templated":true}]}}