{"id":581569,"date":"2025-10-10T18:09:59","date_gmt":"2025-10-10T15:09:59","guid":{"rendered":"https:\/\/staging.nbg.eu\/product\/daa-x-ray-polymer-pouch-black\/"},"modified":"2025-10-16T11:21:58","modified_gmt":"2025-10-16T08:21:58","slug":"daa-x-ray-polimera-kabata-melna","status":"publish","type":"product","link":"https:\/\/staging.nbg.eu\/lv\/product\/daa-x-ray-polimera-kabata-melna\/","title":{"rendered":"DAA X-Ray polimera kabata &#8211; melna"},"content":{"rendered":"<h2>DAA X-Ray polim\u0113ra soma &#8211; melna<\/h2>\n<p>DAA X-Ray polim\u0113ra soma ir jauna veida konkurences magaz\u012bnu soma. T\u0101s \u012bpa\u0161\u012bbas:<\/p>\n<ul>\n<li>Izgriezts dizains, kas samazina svaru<\/li>\n<li>8 mont\u0101\u017eas punkti abpus\u0113jai lieto\u0161anai un da\u017e\u0101d\u0101m poz\u012bcij\u0101m<\/li>\n<li>3 starpliku komplekti, kas sader\u012bgi ar vairumu dubult\u0101 steka magaz\u012bnu<\/li>\n<li>\u0160\u0137iedru pastiprin\u0101ta polim\u0113ra konstrukcija iztur\u012bbai<\/li>\n<li>Optimiz\u0113ta aug\u0161\u0113j\u0101 mala viegl\u0101kai magaz\u012bnas ievieto\u0161anai<\/li>\n<li>Fiks\u0101cijas skr\u016bve, lai nov\u0113rstu nejau\u0161u atblo\u0137\u0113\u0161anu<\/li>\n<li>Palielin\u0101ts 13mm lodveida savienojums lab\u0101kai stabilit\u0101tei<\/li>\n<li>Spriegojuma regul\u0113\u0161ana bez instrumentiem ar lielu spriegojuma riten\u012bti<\/li>\n<\/ul>\n<p>DAA X-Ray polim\u0113ra soma ir paredz\u0113ta lieto\u0161anai \u0161autuv\u0113.<\/p>\n","protected":false},"excerpt":{"rendered":"<p>DAA rentgena polim\u0113ra maci\u0146\u0161: Elegants, daudzpus\u012bgs, dro\u0161s aptveres tur\u0113t\u0101js sacens\u012bbu dal\u012bbniekiem.<\/p>\n","protected":false},"featured_media":581613,"template":"","meta":{"_acf_changed":false},"product_brand":[],"product_cat":[13794,13785,13797,13819],"product_tag":[],"class_list":{"0":"post-581569","1":"product","2":"type-product","3":"status-publish","4":"has-post-thumbnail","6":"product_cat-ekipejums","7":"product_cat-sominas","8":"product_cat-sporta-jostas","9":"product_cat-sporta-kobura","11":"first","12":"instock","13":"taxable","14":"shipping-taxable","15":"purchasable","16":"product-type-simple"},"acf":[],"_links":{"self":[{"href":"https:\/\/staging.nbg.eu\/lv\/wp-json\/wp\/v2\/product\/581569","targetHints":{"allow":["GET"]}}],"collection":[{"href":"https:\/\/staging.nbg.eu\/lv\/wp-json\/wp\/v2\/product"}],"about":[{"href":"https:\/\/staging.nbg.eu\/lv\/wp-json\/wp\/v2\/types\/product"}],"wp:featuredmedia":[{"embeddable":true,"href":"https:\/\/staging.nbg.eu\/lv\/wp-json\/wp\/v2\/media\/581613"}],"wp:attachment":[{"href":"https:\/\/staging.nbg.eu\/lv\/wp-json\/wp\/v2\/media?parent=581569"}],"wp:term":[{"taxonomy":"product_brand","embeddable":true,"href":"https:\/\/staging.nbg.eu\/lv\/wp-json\/wp\/v2\/product_brand?post=581569"},{"taxonomy":"product_cat","embeddable":true,"href":"https:\/\/staging.nbg.eu\/lv\/wp-json\/wp\/v2\/product_cat?post=581569"},{"taxonomy":"product_tag","embeddable":true,"href":"https:\/\/staging.nbg.eu\/lv\/wp-json\/wp\/v2\/product_tag?post=581569"}],"curies":[{"name":"wp","href":"https:\/\/api.w.org\/{rel}","templated":true}]}}