{"id":581277,"date":"2025-10-10T18:09:52","date_gmt":"2025-10-10T15:09:52","guid":{"rendered":"https:\/\/staging.nbg.eu\/product\/jack-556x45mm-223-rem-polymer\/"},"modified":"2025-10-17T17:31:22","modified_gmt":"2025-10-17T14:31:22","slug":"jack-556x45mm223-rem-polimera","status":"publish","type":"product","link":"https:\/\/staging.nbg.eu\/lv\/product\/jack-556x45mm223-rem-polimera\/","title":{"rendered":"Jack 5,56x45mm\/.223 REM polimera"},"content":{"rendered":"<div class=\"product-description\">\n<h2>Jack 5,56x45mm\/.223 REM Polim\u0113rs<\/h2>\n<p>Jack 5,56x45mm\/.223 REM Polim\u0113rs ir moderna \u0161autene, kas apvieno prec\u012bzu in\u017eenieriju, modernos materi\u0101lus un ergonomisku dizainu.<\/p>\n<h2>Galven\u0101s \u012bpa\u0161\u012bbas:<\/h2>\n<ul>\n<li>Kalibrs: 5.56x45mm \/.223 Rem<\/li>\n<li>Stobra garums: 415mm<\/li>\n<li>V\u012btnes solis: 1:8<\/li>\n<li>Izpl\u016bdes v\u012btnes solis: 14\u00d71 pa kreisi<\/li>\n<li>Tuk\u0161s svars: 3.1kg (bez mun\u012bcijas)<\/li>\n<li>Lodes izpl\u016bdes \u0101trums: 920 m\/s<\/li>\n<li>Darb\u012bba: Rot\u0101cijas sl\u0113gta bulta<\/li>\n<li>Tips: Pusautom\u0101tisks<\/li>\n<\/ul>\n<h2>Uzlabots dizains:<\/h2>\n<ul>\n<li>Fr\u0113z\u0113ta s\u0101nu sliede optikas uzst\u0101d\u012b\u0161anai<\/li>\n<li>Knied\u0113ta sliede pie sl\u0113gkameras<\/li>\n<li>Polim\u0113ra kolba iztur\u012bbai un svara samazin\u0101\u0161anai<\/li>\n<li>Ergonomiska polim\u0113ra gulta<\/li>\n<li>G\u0101zes caurules polim\u0113ra p\u0101rkl\u0101jums siltuma izklied\u0113\u0161anai<\/li>\n<li>Palielin\u0101ts uguns selektora sl\u0113dzis<\/li>\n<li>Palielin\u0101ta magaz\u012bnas atbr\u012bvo\u0161ana<\/li>\n<li>Apak\u0161\u0113j\u0101 sliede (bezdel\u012bgaste) piederumu uzst\u0101d\u012b\u0161anai<\/li>\n<\/ul>\n<p>Jack 5,56x45mm\/.223 REM Polim\u0113rs ir \u0161autene, kas apvieno uzticam\u012bbu, precizit\u0101ti un modernu dizainu.<\/p>\n<\/div>\n","protected":false},"excerpt":{"rendered":"<p>Kompakta, viegla 5,56 mm \u0161autene ar polim\u0113ra komponentiem. Pusautom\u0101tiska. Piel\u0101gojama ar optisko sliedi.<\/p>\n","protected":false},"featured_media":581357,"template":"","meta":{"_acf_changed":false},"product_brand":[],"product_cat":[13827],"product_tag":[],"class_list":{"0":"post-581277","1":"product","2":"type-product","3":"status-publish","4":"has-post-thumbnail","6":"product_cat-sautene","8":"first","9":"outofstock","10":"taxable","11":"shipping-taxable","12":"product-type-simple"},"acf":[],"_links":{"self":[{"href":"https:\/\/staging.nbg.eu\/lv\/wp-json\/wp\/v2\/product\/581277","targetHints":{"allow":["GET"]}}],"collection":[{"href":"https:\/\/staging.nbg.eu\/lv\/wp-json\/wp\/v2\/product"}],"about":[{"href":"https:\/\/staging.nbg.eu\/lv\/wp-json\/wp\/v2\/types\/product"}],"wp:featuredmedia":[{"embeddable":true,"href":"https:\/\/staging.nbg.eu\/lv\/wp-json\/wp\/v2\/media\/581357"}],"wp:attachment":[{"href":"https:\/\/staging.nbg.eu\/lv\/wp-json\/wp\/v2\/media?parent=581277"}],"wp:term":[{"taxonomy":"product_brand","embeddable":true,"href":"https:\/\/staging.nbg.eu\/lv\/wp-json\/wp\/v2\/product_brand?post=581277"},{"taxonomy":"product_cat","embeddable":true,"href":"https:\/\/staging.nbg.eu\/lv\/wp-json\/wp\/v2\/product_cat?post=581277"},{"taxonomy":"product_tag","embeddable":true,"href":"https:\/\/staging.nbg.eu\/lv\/wp-json\/wp\/v2\/product_tag?post=581277"}],"curies":[{"name":"wp","href":"https:\/\/api.w.org\/{rel}","templated":true}]}}