{"id":580967,"date":"2025-10-10T18:09:47","date_gmt":"2025-10-10T15:09:47","guid":{"rendered":"https:\/\/staging.nbg.eu\/product\/jack-762x39-mm-polymer\/"},"modified":"2025-10-17T17:28:51","modified_gmt":"2025-10-17T14:28:51","slug":"jack-762x39-mm-polimera","status":"publish","type":"product","link":"https:\/\/staging.nbg.eu\/lv\/product\/jack-762x39-mm-polimera\/","title":{"rendered":"Jack 7,62&#215;39 mm polimera"},"content":{"rendered":"<div class=\"product-description\">\n<h2>Jack 7,62&#215;39 mm Polim\u0113rs<\/h2>\n<p>Jack 7,62&#215;39 mm Polim\u0113rs ir pusautom\u0101tiska \u0161autene, kas izstr\u0101d\u0101ta precizit\u0101tei un uzticam\u012bbai. \u0160is ierocis apvieno tehnolo\u0123iju ar ergonomisku dizainu un ir piem\u0113rots profesion\u0101liem lietot\u0101jiem un entuziastiem.<\/p>\n<h2>Galven\u0101s \u012bpa\u0161\u012bbas:<\/h2>\n<ul>\n<li>Kalibrs: 7,62x39mm<\/li>\n<li>Garums: 880mm<\/li>\n<li>Stobra garums: 415mm<\/li>\n<li>Svars bez mun\u012bcijas: 3.1kg<\/li>\n<li>Lodes \u0101trums pie stobra gala: 715 m\/s<\/li>\n<li>Darb\u012bbas princips: Rot\u0101cijas sl\u0113gmeh\u0101nisms<\/li>\n<li>Tips: Pusautom\u0101tisks<\/li>\n<\/ul>\n<p>Jack 7,62&#215;39 mm Polim\u0113rs ir apr\u012bkots ar fr\u0113z\u0113tu s\u0101nu sliedi optikas uzst\u0101d\u012b\u0161anai, kas piestiprin\u0101ta tie\u0161i pie sl\u0113gmeh\u0101nisma kameras stabilit\u0101tes uzlabo\u0161anai. \u0160\u012b funkcija \u013cauj \u0101tri un dro\u0161i pievienot da\u017e\u0101das optisk\u0101s t\u0113mek\u013cus, uzlabojot precizit\u0101ti un m\u0113r\u0137a noteik\u0161anu.<\/p>\n<h2>Uzlabotie komponenti:<\/h2>\n<ul>\n<li>Polim\u0113ra korpuss vieglumam un iztur\u012bbai<\/li>\n<li>Polim\u0113ra laide ergonomikas uzlabo\u0161anai<\/li>\n<li>Polim\u0113ra g\u0101zes caurules p\u0101rkl\u0101jums siltuma izklied\u0113\u0161anai<\/li>\n<li>Palielin\u0101ts \u0161au\u0161anas re\u017e\u012bma p\u0101rsl\u0113gs viegl\u0101kai lieto\u0161anai<\/li>\n<li>Palielin\u0101ts magaz\u012bnas izgr\u016bd\u0113js \u0101tr\u0101kai p\u0101rl\u0101d\u0113\u0161anai<\/li>\n<li>Sliede zem s\u0101nu mezgla (bezdel\u012bgas aste) papildu piederumiem<\/li>\n<\/ul>\n<\/div>\n","protected":false},"excerpt":{"rendered":"<p>Jack 7.62x39mm polim\u0113ra: Polim\u0113ra \u0161autene, 880mm, pusautom\u0101tiska, fr\u0113z\u0113ta sliede optikai.<\/p>\n","protected":false},"featured_media":581123,"template":"","meta":{"_acf_changed":false},"product_brand":[],"product_cat":[13827],"product_tag":[],"class_list":{"0":"post-580967","1":"product","2":"type-product","3":"status-publish","4":"has-post-thumbnail","6":"product_cat-sautene","8":"first","9":"outofstock","10":"taxable","11":"shipping-taxable","12":"product-type-simple"},"acf":[],"_links":{"self":[{"href":"https:\/\/staging.nbg.eu\/lv\/wp-json\/wp\/v2\/product\/580967","targetHints":{"allow":["GET"]}}],"collection":[{"href":"https:\/\/staging.nbg.eu\/lv\/wp-json\/wp\/v2\/product"}],"about":[{"href":"https:\/\/staging.nbg.eu\/lv\/wp-json\/wp\/v2\/types\/product"}],"wp:featuredmedia":[{"embeddable":true,"href":"https:\/\/staging.nbg.eu\/lv\/wp-json\/wp\/v2\/media\/581123"}],"wp:attachment":[{"href":"https:\/\/staging.nbg.eu\/lv\/wp-json\/wp\/v2\/media?parent=580967"}],"wp:term":[{"taxonomy":"product_brand","embeddable":true,"href":"https:\/\/staging.nbg.eu\/lv\/wp-json\/wp\/v2\/product_brand?post=580967"},{"taxonomy":"product_cat","embeddable":true,"href":"https:\/\/staging.nbg.eu\/lv\/wp-json\/wp\/v2\/product_cat?post=580967"},{"taxonomy":"product_tag","embeddable":true,"href":"https:\/\/staging.nbg.eu\/lv\/wp-json\/wp\/v2\/product_tag?post=580967"}],"curies":[{"name":"wp","href":"https:\/\/api.w.org\/{rel}","templated":true}]}}