{"id":57986,"date":"2024-02-20T19:33:36","date_gmt":"2024-09-13T14:53:36","guid":{"rendered":"https:\/\/staging.nbg.eu\/product\/geissele-super-precision-compm5s-series-optic-mounts-black-1-93\/"},"modified":"2024-09-13T14:54:28","modified_gmt":"2024-09-13T14:54:28","slug":"geissele-super-precision-compm5s-serijas-optikas-stiprinajumi-melns-193","status":"publish","type":"product","link":"https:\/\/staging.nbg.eu\/lv\/product\/geissele-super-precision-compm5s-serijas-optikas-stiprinajumi-melns-193\/","title":{"rendered":"Geissele Super Precision\u00ae &#8211; CompM5s serijas optikas stiprinajumi, Melns (1.93&#8243;)"},"content":{"rendered":"<div class=\"product-description\">\n<h2>Geissele Super Precision\u00ae &#8211; CompM5s s\u0113rijas optisko t\u0113mek\u013cu stiprin\u0101jumi, melni (1,93&#8243;)<\/h2>\n<p>Geissele Super Precision\u00ae CompM5s s\u0113rijas optisk\u0101 t\u0113mek\u013ca stiprin\u0101jums. \u012apa\u0161i izstr\u0101d\u0101ts Aimpoint CompM5s un l\u012bdz\u012bgiem sarkano punktu t\u0113mek\u013ciem, \u0161is stiprin\u0101jums nodro\u0161ina precizit\u0101ti un iztur\u012bbu.<\/p>\n<ul>\n<li>Prec\u012bzi izgatavots no viena 7075-T6 augstas iztur\u012bbas alum\u012bnija gabala<\/li>\n<li>1,93&#8243; augstuma opcija t\u0113m\u0113\u0161anas att\u0113lam<\/li>\n<li>Uzgrieznis un skr\u016bve ar 1400 m\u0101rci\u0146u saspie\u0161anas sp\u0113ku<\/li>\n<li>3 b\u012bdes izci\u013c\u0146i maksim\u0101lai stabilit\u0101tei un atgrie\u0161anai nulles poz\u012bcij\u0101<\/li>\n<li>Melna 3. tipa ciet\u0101 anod\u0113ta apdare<\/li>\n<\/ul>\n<p>\u0160is optisk\u0101 t\u0113mek\u013ca stiprin\u0101jums nodro\u0161ina uzticam\u012bbu un veiktsp\u0113ju.<\/p>\n<\/div>\n","protected":false},"excerpt":{"rendered":"<p>Prec\u012bzi apstr\u0101d\u0101ts stiprin\u0101jums Aimpoint CompM5s, \u012bpa\u0161i dro\u0161s un iztur\u012bgs.<\/p>\n","protected":false},"featured_media":57987,"template":"","meta":{"_acf_changed":false},"product_brand":[11383],"product_cat":[13827],"product_tag":[],"class_list":{"0":"post-57986","1":"product","2":"type-product","3":"status-publish","4":"has-post-thumbnail","6":"product_brand-geissele","7":"product_cat-sautene","9":"first","10":"instock","11":"taxable","12":"shipping-taxable","13":"product-type-simple"},"acf":[],"_links":{"self":[{"href":"https:\/\/staging.nbg.eu\/lv\/wp-json\/wp\/v2\/product\/57986","targetHints":{"allow":["GET"]}}],"collection":[{"href":"https:\/\/staging.nbg.eu\/lv\/wp-json\/wp\/v2\/product"}],"about":[{"href":"https:\/\/staging.nbg.eu\/lv\/wp-json\/wp\/v2\/types\/product"}],"wp:featuredmedia":[{"embeddable":true,"href":"https:\/\/staging.nbg.eu\/lv\/wp-json\/wp\/v2\/media\/57987"}],"wp:attachment":[{"href":"https:\/\/staging.nbg.eu\/lv\/wp-json\/wp\/v2\/media?parent=57986"}],"wp:term":[{"taxonomy":"product_brand","embeddable":true,"href":"https:\/\/staging.nbg.eu\/lv\/wp-json\/wp\/v2\/product_brand?post=57986"},{"taxonomy":"product_cat","embeddable":true,"href":"https:\/\/staging.nbg.eu\/lv\/wp-json\/wp\/v2\/product_cat?post=57986"},{"taxonomy":"product_tag","embeddable":true,"href":"https:\/\/staging.nbg.eu\/lv\/wp-json\/wp\/v2\/product_tag?post=57986"}],"curies":[{"name":"wp","href":"https:\/\/api.w.org\/{rel}","templated":true}]}}