{"id":578734,"date":"2025-10-10T18:09:29","date_gmt":"2025-10-10T15:09:29","guid":{"rendered":"https:\/\/staging.nbg.eu\/product\/mini-jack-762x39-mm-wbp-x-kruk\/"},"modified":"2025-10-17T16:52:11","modified_gmt":"2025-10-17T13:52:11","slug":"mini-jack-762x39-mm-wbp-x-kruk","status":"publish","type":"product","link":"https:\/\/staging.nbg.eu\/lv\/product\/mini-jack-762x39-mm-wbp-x-kruk\/","title":{"rendered":"Mini Jack 7,62&#215;39 mm WBP X KRUK"},"content":{"rendered":"<h2>Mini Jack 7,62&#215;39 mm WBP X KRUK<\/h2>\n<p>Mini Jack 7,62&#215;39 mm WBP X KRUK ir \u0161autene, kas paredz\u0113ta gan civilajiem lietot\u0101jiem, gan pilnvarot\u0101m organiz\u0101cij\u0101m. \u0160is ierocis apvieno jaudu, precizit\u0101ti un ergonomiku kompakt\u0101 dizain\u0101.<\/p>\n<h2>Galven\u0101s iez\u012bmes:<\/h2>\n<ul>\n<li><strong>Regul\u0113jams laides:<\/strong> CRC 5002\/9035 fiks\u0113t\u0101 kolba nodro\u0161ina stabilu atbalstu ar regul\u0113jamu garumu.<\/li>\n<li><strong>Iztur\u012bga konstrukcija:<\/strong> Apr\u012bkots ar iztur\u012bgu gultni un CRC 1U043 g\u0101zes caurules p\u0101rkl\u0101jumu.<\/li>\n<li><strong>Ergonomisks dizains:<\/strong> Viegls polim\u0113ra pistoles rokturis.<\/li>\n<li><strong>Uzlabota vad\u012bba:<\/strong> Palielin\u0101ts \u0161au\u0161anas re\u017e\u012bma sl\u0113dzis un magaz\u012bnas atbr\u012bvo\u0161anas poga.<\/li>\n<li><strong>Da\u017e\u0101das mont\u0101\u017eas iesp\u0113jas:<\/strong> S\u0101nu fr\u0113z\u0113ta &#8220;bezdel\u012bgas astes&#8221; sliede optiskajiem un nakts redzam\u012bbas t\u0113mek\u013ciem.<\/li>\n<\/ul>\n<h2>Tehnisk\u0101s specifik\u0101cijas:<\/h2>\n<ul>\n<li>Kalibrs: 7.62 x 39 mm<\/li>\n<li>Stobra garums: 259 mm<\/li>\n<li>Stobra v\u012bt\u0146u solis: 1:8<\/li>\n<li>Izpl\u016bdes v\u012btnes solis: 14\u00d71 pa kreisi<\/li>\n<li>Aizsl\u0113ga meh\u0101nisms: Rot\u0101cijas blo\u0137\u0113\u0161ana<\/li>\n<li>\u0160au\u0161anas re\u017e\u012bms: Pusautom\u0101tisks<\/li>\n<li>Konstrukcijas tips: Pusautom\u0101tiska \u0161autene<\/li>\n<\/ul>\n<p>Mini Jack 7,62&#215;39 mm WBP X KRUK ir paredz\u0113ts gan civilajiem \u0161\u0101v\u0113jiem, gan pilnvarot\u0101m organiz\u0101cij\u0101m, kur\u0101m nepiecie\u0161ams daudzpus\u012bgs ierocis profesion\u0101lai lieto\u0161anai.<\/p>\n<p>Mini Jack 7,62&#215;39 mm WBP X KRUK apvieno jaudu, precizit\u0101ti un ergonomiku.<\/p>\n","protected":false},"excerpt":{"rendered":"<p>Mini Jack 7.62x39mm: Kompakta, ergonomiska \u0161autene ar uzlabot\u0101m funkcij\u0101m civiliedz\u012bvot\u0101ju un pilnvarotu lietot\u0101ju vajadz\u012bb\u0101m.<\/p>\n","protected":false},"featured_media":578772,"template":"","meta":{"_acf_changed":false},"product_brand":[],"product_cat":[13827],"product_tag":[],"class_list":{"0":"post-578734","1":"product","2":"type-product","3":"status-publish","4":"has-post-thumbnail","6":"product_cat-sautene","8":"first","9":"outofstock","10":"taxable","11":"shipping-taxable","12":"product-type-simple"},"acf":[],"_links":{"self":[{"href":"https:\/\/staging.nbg.eu\/lv\/wp-json\/wp\/v2\/product\/578734","targetHints":{"allow":["GET"]}}],"collection":[{"href":"https:\/\/staging.nbg.eu\/lv\/wp-json\/wp\/v2\/product"}],"about":[{"href":"https:\/\/staging.nbg.eu\/lv\/wp-json\/wp\/v2\/types\/product"}],"wp:featuredmedia":[{"embeddable":true,"href":"https:\/\/staging.nbg.eu\/lv\/wp-json\/wp\/v2\/media\/578772"}],"wp:attachment":[{"href":"https:\/\/staging.nbg.eu\/lv\/wp-json\/wp\/v2\/media?parent=578734"}],"wp:term":[{"taxonomy":"product_brand","embeddable":true,"href":"https:\/\/staging.nbg.eu\/lv\/wp-json\/wp\/v2\/product_brand?post=578734"},{"taxonomy":"product_cat","embeddable":true,"href":"https:\/\/staging.nbg.eu\/lv\/wp-json\/wp\/v2\/product_cat?post=578734"},{"taxonomy":"product_tag","embeddable":true,"href":"https:\/\/staging.nbg.eu\/lv\/wp-json\/wp\/v2\/product_tag?post=578734"}],"curies":[{"name":"wp","href":"https:\/\/api.w.org\/{rel}","templated":true}]}}