{"id":57846,"date":"2024-02-20T19:42:37","date_gmt":"2024-09-13T14:48:43","guid":{"rendered":"https:\/\/staging.nbg.eu\/product\/geissele-super-precision-t1-mount-lower-1-3-co-witness\/"},"modified":"2024-09-13T14:49:36","modified_gmt":"2024-09-13T14:49:36","slug":"geissele-super-precision-t1-stiprinajums-apaksejais-13-co-witness","status":"publish","type":"product","link":"https:\/\/staging.nbg.eu\/lv\/product\/geissele-super-precision-t1-stiprinajums-apaksejais-13-co-witness\/","title":{"rendered":"Geissele Super Precision T1 stiprinajums &#8211; Apaksejais 1\/3 Co-Witness"},"content":{"rendered":"<div class=\"product-description\">\n<h2>Geissele Super Precision T1 stiprin\u0101jums &#8211; Zem\u0101kais 1\/3 ko-redzam\u012bba (DDC)<\/h2>\n<p>Geissele Super Precision T1 stiprin\u0101jums Aimpoint T1 un l\u012bdz\u012bg\u0101m sarkan\u0101 punkta optik\u0101m pied\u0101v\u0101:<\/p>\n<ul>\n<li>Prec\u012bzi izgatavots no viena 7075-T6 augstas iztur\u012bbas alum\u012bnija gabala<\/li>\n<li>Zem\u0101k\u0101 1\/3 ko-redzam\u012bbas opcija t\u0113m\u0113\u0161anas att\u0113lam<\/li>\n<li>DDC (Tuksne\u0161a net\u012brumu kr\u0101sa) 3. tipa ciet\u0101 anod\u0113\u0161anas apdare<\/li>\n<li>Uzgrie\u017e\u0146a un skr\u016bves stiprin\u0101\u0161anas metode, kas nodro\u0161ina 1400 m\u0101rci\u0146u sp\u0113ka saspie\u0161anu<\/li>\n<li>3 b\u012bdes izci\u013c\u0146i maksim\u0101lai stingr\u012bbai un atgrie\u0161anai nulles poz\u012bcij\u0101<\/li>\n<\/ul>\n<p>\u0160is stiprin\u0101jums nodro\u0161ina stabilit\u0101ti un precizit\u0101ti nopietnu \u0161\u0101v\u0113ju un profesion\u0101\u013cu vajadz\u012bb\u0101m.<\/p>\n<\/div>\n","protected":false},"excerpt":{"rendered":"<p>Prec\u012bzs T1 stiprin\u0101jums: Apak\u0161\u0113j\u0101 1\/3 ko-vizieris, DDC apdare, \u0101rk\u0101rt\u012bgi stabils.<\/p>\n","protected":false},"featured_media":57847,"template":"","meta":{"_acf_changed":false},"product_brand":[11383],"product_cat":[13827],"product_tag":[],"class_list":{"0":"post-57846","1":"product","2":"type-product","3":"status-publish","4":"has-post-thumbnail","6":"product_brand-geissele","7":"product_cat-sautene","9":"first","10":"instock","11":"taxable","12":"shipping-taxable","13":"product-type-variable","14":"wvs-archive-product-wrapper"},"acf":[],"_links":{"self":[{"href":"https:\/\/staging.nbg.eu\/lv\/wp-json\/wp\/v2\/product\/57846","targetHints":{"allow":["GET"]}}],"collection":[{"href":"https:\/\/staging.nbg.eu\/lv\/wp-json\/wp\/v2\/product"}],"about":[{"href":"https:\/\/staging.nbg.eu\/lv\/wp-json\/wp\/v2\/types\/product"}],"wp:featuredmedia":[{"embeddable":true,"href":"https:\/\/staging.nbg.eu\/lv\/wp-json\/wp\/v2\/media\/57847"}],"wp:attachment":[{"href":"https:\/\/staging.nbg.eu\/lv\/wp-json\/wp\/v2\/media?parent=57846"}],"wp:term":[{"taxonomy":"product_brand","embeddable":true,"href":"https:\/\/staging.nbg.eu\/lv\/wp-json\/wp\/v2\/product_brand?post=57846"},{"taxonomy":"product_cat","embeddable":true,"href":"https:\/\/staging.nbg.eu\/lv\/wp-json\/wp\/v2\/product_cat?post=57846"},{"taxonomy":"product_tag","embeddable":true,"href":"https:\/\/staging.nbg.eu\/lv\/wp-json\/wp\/v2\/product_tag?post=57846"}],"curies":[{"name":"wp","href":"https:\/\/api.w.org\/{rel}","templated":true}]}}