{"id":577729,"date":"2025-10-10T16:07:00","date_gmt":"2025-10-10T13:07:00","guid":{"rendered":"https:\/\/staging.nbg.eu\/product\/polymer-magazine-762x39-mm-for-akm-rifle-10-rounds\/"},"modified":"2025-10-15T12:35:54","modified_gmt":"2025-10-15T09:35:54","slug":"polimera-magazina-762x39-mm-akm-ierociem-10-patronas","status":"publish","type":"product","link":"https:\/\/staging.nbg.eu\/lv\/product\/polimera-magazina-762x39-mm-akm-ierociem-10-patronas\/","title":{"rendered":"Polim\u0113ra magaz\u012bna 7,62&#215;39 mm AKM iero\u010diem 10 patronas"},"content":{"rendered":"<h2>Magpul PMAG 10 AK\/AKM MOE magaz\u012bna<\/h2>\n<h2>7.62x39mm | 10 patronu ietilp\u012bba<\/h2>\n<p><strong>Magpul PMAG 10 AK\/AKM MOE<\/strong> magaz\u012bna ir paredz\u0113ta AK tipa \u0161aujamiero\u010diem. \u0160\u012b polim\u0113ra magaz\u012bna ir izstr\u0101d\u0101ta Kala\u0161\u0146ikova tipa \u0161aujamiero\u010diem 7.62x39mm kalibram, ieskaitot AK-47, AKM, AKS un SIG556R.<\/p>\n<h3>Galven\u0101s iez\u012bmes:<\/h3>\n<ul>\n<li>Iztur\u012bga polim\u0113ra konstrukcija<\/li>\n<li>10 patronu ietilp\u012bba<\/li>\n<li>Past\u0101v\u012bgas l\u012bknes \u0123eometrija<\/li>\n<li>Ner\u016bs\u0113jo\u0161\u0101 t\u0113rauda atspere ilgam kalpo\u0161anas laikam<\/li>\n<li>Zemas berzes padeves meh\u0101nisms<\/li>\n<li>No\u0146emama pamatne<\/li>\n<li>Rievota satver\u0161anas virsma<\/li>\n<li>Mar\u0137\u0113\u0161anas punktu matrica identifik\u0101cijai<\/li>\n<li>Skait\u0101s k\u0101 tr\u012bs ASV atbilst\u012bbas da\u013cas 922(r) noteikumiem<\/li>\n<\/ul>\n<p>\u0160\u012b kompakt\u0101 magaz\u012bna ir piem\u0113rota \u0161au\u0161anai gu\u013cus poz\u012bcij\u0101 un no atbalsta. T\u0101 pied\u0101v\u0101 t\u0101du pa\u0161u uzticam\u012bbu k\u0101 met\u0101la magaz\u012bnas ar uzlabotu iztur\u012bbu.<\/p>\n<p><em>Ra\u017eots ASV<\/em><\/p>\n","protected":false},"excerpt":{"rendered":"<p>Uzticams 10 \u0161\u0101vienu 7.62x39mm AKM magaz\u012bns. Viegls polim\u0113rs, ra\u017eots ASV.<\/p>\n","protected":false},"featured_media":577797,"template":"","meta":{"_acf_changed":false},"product_brand":[],"product_cat":[13827,13810],"product_tag":[],"class_list":{"0":"post-577729","1":"product","2":"type-product","3":"status-publish","4":"has-post-thumbnail","6":"product_cat-sautene","7":"product_cat-sautenes-zurnali","9":"first","10":"outofstock","11":"taxable","12":"shipping-taxable","13":"product-type-simple"},"acf":[],"_links":{"self":[{"href":"https:\/\/staging.nbg.eu\/lv\/wp-json\/wp\/v2\/product\/577729","targetHints":{"allow":["GET"]}}],"collection":[{"href":"https:\/\/staging.nbg.eu\/lv\/wp-json\/wp\/v2\/product"}],"about":[{"href":"https:\/\/staging.nbg.eu\/lv\/wp-json\/wp\/v2\/types\/product"}],"wp:featuredmedia":[{"embeddable":true,"href":"https:\/\/staging.nbg.eu\/lv\/wp-json\/wp\/v2\/media\/577797"}],"wp:attachment":[{"href":"https:\/\/staging.nbg.eu\/lv\/wp-json\/wp\/v2\/media?parent=577729"}],"wp:term":[{"taxonomy":"product_brand","embeddable":true,"href":"https:\/\/staging.nbg.eu\/lv\/wp-json\/wp\/v2\/product_brand?post=577729"},{"taxonomy":"product_cat","embeddable":true,"href":"https:\/\/staging.nbg.eu\/lv\/wp-json\/wp\/v2\/product_cat?post=577729"},{"taxonomy":"product_tag","embeddable":true,"href":"https:\/\/staging.nbg.eu\/lv\/wp-json\/wp\/v2\/product_tag?post=577729"}],"curies":[{"name":"wp","href":"https:\/\/api.w.org\/{rel}","templated":true}]}}