{"id":577595,"date":"2025-10-10T16:06:59","date_gmt":"2025-10-10T13:06:59","guid":{"rendered":"https:\/\/staging.nbg.eu\/product\/polymer-magazine-556x45-mm-for-akm-rifles-10-rounds\/"},"modified":"2025-10-15T12:30:28","modified_gmt":"2025-10-15T09:30:28","slug":"polimera-magazina-556x45-mm-akm-ierociem-10-patronas","status":"publish","type":"product","link":"https:\/\/staging.nbg.eu\/lv\/product\/polimera-magazina-556x45-mm-akm-ierociem-10-patronas\/","title":{"rendered":"Polim\u0113ra magaz\u012bna 5,56&#215;45 mm AKM iero\u010diem &#8211; 10 patronas"},"content":{"rendered":"<h2>Polim\u0113ra magaz\u012bna AK 5,56&#215;45 mm \/ .223 Rem &#8211; 10 patronas<\/h2>\n<p>WBP Rog\u00f3w polim\u0113ra magaz\u012bna AK \u0161autenes kalibram 5,56&#215;45 mm \/ .223 Rem. \u0160\u012b 10 patronu magaz\u012bna ir sader\u012bga ar Jack, Mini Jack, Beryl un Mini Beryl karab\u012bn\u0113m.<\/p>\n<h2>Galven\u0101s iez\u012bmes:<\/h2>\n<ul>\n<li>Polim\u0113ra konstrukcija<\/li>\n<li>Viegls dizains<\/li>\n<li>Da\u013c\u0113ji caursp\u012bd\u012bgs korpuss<\/li>\n<li>T\u0113rauda pamatne<\/li>\n<\/ul>\n<h2>Tehnisk\u0101 specifik\u0101cija:<\/h2>\n<ul>\n<li>Korpuss: Polim\u0113rs<\/li>\n<li>Padeve: T\u0113rauds<\/li>\n<li>Kalibrs: 5,56&#215;45 mm \/ .223 Rem<\/li>\n<li>Ietilp\u012bba: 10 patronas<\/li>\n<li>Svars: 103 g<\/li>\n<li>Kr\u0101sa: Caursp\u012bd\u012bga<\/li>\n<\/ul>\n<p>Magaz\u012bna AK \u0161autenei.<\/p>\n","protected":false},"excerpt":{"rendered":"<p>Polim\u0113ra AK magaz\u012bna, 10 patronas, 5.56\u00d745\/.223, da\u013c\u0113ji caursp\u012bd\u012bga, WBP Rog\u00f3w<\/p>\n","protected":false},"featured_media":577635,"template":"","meta":{"_acf_changed":false},"product_brand":[],"product_cat":[13827,13810],"product_tag":[],"class_list":{"0":"post-577595","1":"product","2":"type-product","3":"status-publish","4":"has-post-thumbnail","6":"product_cat-sautene","7":"product_cat-sautenes-zurnali","9":"first","10":"outofstock","11":"taxable","12":"shipping-taxable","13":"product-type-simple"},"acf":[],"_links":{"self":[{"href":"https:\/\/staging.nbg.eu\/lv\/wp-json\/wp\/v2\/product\/577595","targetHints":{"allow":["GET"]}}],"collection":[{"href":"https:\/\/staging.nbg.eu\/lv\/wp-json\/wp\/v2\/product"}],"about":[{"href":"https:\/\/staging.nbg.eu\/lv\/wp-json\/wp\/v2\/types\/product"}],"wp:featuredmedia":[{"embeddable":true,"href":"https:\/\/staging.nbg.eu\/lv\/wp-json\/wp\/v2\/media\/577635"}],"wp:attachment":[{"href":"https:\/\/staging.nbg.eu\/lv\/wp-json\/wp\/v2\/media?parent=577595"}],"wp:term":[{"taxonomy":"product_brand","embeddable":true,"href":"https:\/\/staging.nbg.eu\/lv\/wp-json\/wp\/v2\/product_brand?post=577595"},{"taxonomy":"product_cat","embeddable":true,"href":"https:\/\/staging.nbg.eu\/lv\/wp-json\/wp\/v2\/product_cat?post=577595"},{"taxonomy":"product_tag","embeddable":true,"href":"https:\/\/staging.nbg.eu\/lv\/wp-json\/wp\/v2\/product_tag?post=577595"}],"curies":[{"name":"wp","href":"https:\/\/api.w.org\/{rel}","templated":true}]}}