{"id":576850,"date":"2025-10-10T16:06:53","date_gmt":"2025-10-10T13:06:53","guid":{"rendered":"https:\/\/staging.nbg.eu\/product\/polymer-magazine-545x39-mm-fo-akm-rifles-30-rounds\/"},"modified":"2025-10-15T12:16:07","modified_gmt":"2025-10-15T09:16:07","slug":"polimera-magazina-545x39-mm-akm-ierociem-30-patronas","status":"publish","type":"product","link":"https:\/\/staging.nbg.eu\/lv\/product\/polimera-magazina-545x39-mm-akm-ierociem-30-patronas\/","title":{"rendered":"Polim\u0113ra magaz\u012bna 5,45&#215;39 mm AKM iero\u010diem 30 patronas"},"content":{"rendered":"<div class=\"product-description\">\n<h2>Polim\u0113ra magaz\u012bna AK 5,45&#215;39 mm &#8211; 30 patronas<\/h2>\n<h2>WBP Rog\u00f3w da\u013c\u0113ji caursp\u012bd\u012bga magaz\u012bna<\/h2>\n<p>Magaz\u012bna AK-74 vai Tantal \u0161autuv\u0113m no WBP Rog\u00f3w. Paredz\u0113ta 5,45&#215;39 mm kalibra mun\u012bcijai, 30 patronu ietilp\u012bba.<\/p>\n<h3>Galven\u0101s \u012bpa\u0161\u012bbas:<\/h3>\n<ul>\n<li>Augstas iztur\u012bbas polim\u0113ra konstrukcija<\/li>\n<li>Da\u013c\u0113ji caursp\u012bd\u012bgs korpuss mun\u012bcijas statusa p\u0101rbaudei<\/li>\n<li>Ar t\u0113raudu pastiprin\u0101ta apak\u0161\u0113j\u0101 pl\u0101ksne<\/li>\n<li>Svars: 153 grami<\/li>\n<li>Sader\u012bga ar AK-74 un Tantal \u0161autuv\u0113m<\/li>\n<\/ul>\n<h3>Tehnisk\u0101s specifik\u0101cijas:<\/h3>\n<ul>\n<li>Kalibrs: 5,45&#215;39 mm<\/li>\n<li>Ietilp\u012bba: 30 patronas<\/li>\n<li>Korpusa un padeves materi\u0101ls: Polim\u0113rs<\/li>\n<li>Apak\u0161\u0113j\u0101s pl\u0101ksnes materi\u0101ls: T\u0113rauds<\/li>\n<li>Kr\u0101sa: Da\u013c\u0113ji caursp\u012bd\u012bga<\/li>\n<\/ul>\n<p>WBP Rog\u00f3w polim\u0113ra magaz\u012bna AK platformas \u0161autuv\u0113m.<\/p>\n<\/div>\n","protected":false},"excerpt":{"rendered":"<p>Da\u013c\u0113ji caursp\u012bd\u012bga 30 patronu AK aptvere, 5.45x39mm, ra\u017eot\u0101js WBP Rog\u00f3w<\/p>\n","protected":false},"featured_media":576968,"template":"","meta":{"_acf_changed":false},"product_brand":[],"product_cat":[13827,13810],"product_tag":[],"class_list":{"0":"post-576850","1":"product","2":"type-product","3":"status-publish","4":"has-post-thumbnail","6":"product_cat-sautene","7":"product_cat-sautenes-zurnali","9":"first","10":"outofstock","11":"taxable","12":"shipping-taxable","13":"product-type-simple"},"acf":[],"_links":{"self":[{"href":"https:\/\/staging.nbg.eu\/lv\/wp-json\/wp\/v2\/product\/576850","targetHints":{"allow":["GET"]}}],"collection":[{"href":"https:\/\/staging.nbg.eu\/lv\/wp-json\/wp\/v2\/product"}],"about":[{"href":"https:\/\/staging.nbg.eu\/lv\/wp-json\/wp\/v2\/types\/product"}],"wp:featuredmedia":[{"embeddable":true,"href":"https:\/\/staging.nbg.eu\/lv\/wp-json\/wp\/v2\/media\/576968"}],"wp:attachment":[{"href":"https:\/\/staging.nbg.eu\/lv\/wp-json\/wp\/v2\/media?parent=576850"}],"wp:term":[{"taxonomy":"product_brand","embeddable":true,"href":"https:\/\/staging.nbg.eu\/lv\/wp-json\/wp\/v2\/product_brand?post=576850"},{"taxonomy":"product_cat","embeddable":true,"href":"https:\/\/staging.nbg.eu\/lv\/wp-json\/wp\/v2\/product_cat?post=576850"},{"taxonomy":"product_tag","embeddable":true,"href":"https:\/\/staging.nbg.eu\/lv\/wp-json\/wp\/v2\/product_tag?post=576850"}],"curies":[{"name":"wp","href":"https:\/\/api.w.org\/{rel}","templated":true}]}}