{"id":576697,"date":"2025-10-10T15:52:39","date_gmt":"2025-10-10T12:52:39","guid":{"rendered":"https:\/\/staging.nbg.eu\/product\/adapter-single-arta435-52-52mm\/"},"modified":"2025-10-15T12:10:51","modified_gmt":"2025-10-15T09:10:51","slug":"adapteris-vienreizejs-arta435-52-52mm","status":"publish","type":"product","link":"https:\/\/staging.nbg.eu\/lv\/product\/adapteris-vienreizejs-arta435-52-52mm\/","title":{"rendered":"Adapteris vienreiz\u0113js ARTA435-52, 52mm"},"content":{"rendered":"<div class=\"product-description\">\n<h2>Adapters viens ARTA435-52, 52mm<\/h2>\n<p>ARTA435-52 ir adapters, kas paredz\u0113ts Guide TA un TB term\u0101laj\u0101m ier\u012bc\u0113m. \u0160is 52mm adapters savieno dienas \u0161autenes t\u0113mekli ar term\u0101lo uzliku.<\/p>\n<h2>Galven\u0101s iez\u012bmes:<\/h2>\n<ul>\n<li>Sader\u012bgs ar ier\u012bc\u0113m, kas izmanto M33.5&#215;0.75 v\u012btni<\/li>\n<li>Izgatavots no alum\u012bnija<\/li>\n<li>Kust\u012bg\u0101s da\u013cas izgatavotas no t\u0113rauda<\/li>\n<li>Iek\u0161\u0113jais aizsargp\u0101rkl\u0101jums<\/li>\n<li>Nodro\u0161ina dro\u0161u satv\u0113rienu un aizsarg\u0101 optiku<\/li>\n<li>\u0100tr\u0101s atlai\u0161anas meh\u0101nisms vieglai piestiprin\u0101\u0161anai<\/li>\n<\/ul>\n<h2>Sader\u012bba:<\/h2>\n<p>\u0160is adapters ir sader\u012bgs ar da\u017e\u0101d\u0101m term\u0101laj\u0101m uzlik\u0101m, tostarp:<\/p>\n<ul>\n<li>Guide TB un TA s\u0113rijas<\/li>\n<li>Athlon Cronus ATS Pro<\/li>\n<li>Burris BTC50, BTC35 v2 un v3<\/li>\n<li>Steiner Nighthunter C35 Gen I un Gen II<\/li>\n<li>Konus Fiery<\/li>\n<li>Nitehog Viper<\/li>\n<\/ul>\n<p>Pirms ieg\u0101des p\u0101rliecinieties, ka j\u016bsu \u0161autenes t\u0113mek\u013ca objekt\u012bva \u0101r\u0113jais diametrs ir 52mm. Alternat\u012bv\u0101m mont\u0101\u017eas iesp\u0113j\u0101m apsveriet m\u016bsu Picatinny sliedes adapterus, kas pieejami da\u017e\u0101dos augstumos.<\/p>\n<p>Ra\u017eots Rusan-Mikron, \u0161is adapters nodro\u0161ina sader\u012bbu ar j\u016bsu term\u0101l\u0101s att\u0113lveido\u0161anas apr\u012bkojumu.<\/p>\n<\/div>\n","protected":false},"excerpt":{"rendered":"<p>52mm Rusan adapters Guide term\u0101lajiem uzlikt\u0146iem. \u0100tri no\u0146emams, alum\u012bnija.<\/p>\n","protected":false},"featured_media":576788,"template":"","meta":{"_acf_changed":false},"product_brand":[],"product_cat":[13803,13760,13758],"product_tag":[],"class_list":{"0":"post-576697","1":"product","2":"type-product","3":"status-publish","4":"has-post-thumbnail","6":"product_cat-merkesana","7":"product_cat-merkesanas-aksesuari","8":"product_cat-termalie","10":"first","11":"outofstock","12":"taxable","13":"shipping-taxable","14":"purchasable","15":"product-type-simple"},"acf":[],"_links":{"self":[{"href":"https:\/\/staging.nbg.eu\/lv\/wp-json\/wp\/v2\/product\/576697","targetHints":{"allow":["GET"]}}],"collection":[{"href":"https:\/\/staging.nbg.eu\/lv\/wp-json\/wp\/v2\/product"}],"about":[{"href":"https:\/\/staging.nbg.eu\/lv\/wp-json\/wp\/v2\/types\/product"}],"wp:featuredmedia":[{"embeddable":true,"href":"https:\/\/staging.nbg.eu\/lv\/wp-json\/wp\/v2\/media\/576788"}],"wp:attachment":[{"href":"https:\/\/staging.nbg.eu\/lv\/wp-json\/wp\/v2\/media?parent=576697"}],"wp:term":[{"taxonomy":"product_brand","embeddable":true,"href":"https:\/\/staging.nbg.eu\/lv\/wp-json\/wp\/v2\/product_brand?post=576697"},{"taxonomy":"product_cat","embeddable":true,"href":"https:\/\/staging.nbg.eu\/lv\/wp-json\/wp\/v2\/product_cat?post=576697"},{"taxonomy":"product_tag","embeddable":true,"href":"https:\/\/staging.nbg.eu\/lv\/wp-json\/wp\/v2\/product_tag?post=576697"}],"curies":[{"name":"wp","href":"https:\/\/api.w.org\/{rel}","templated":true}]}}