{"id":575626,"date":"2025-10-10T12:35:07","date_gmt":"2025-10-10T09:35:07","guid":{"rendered":"https:\/\/staging.nbg.eu\/product\/grips-kmr-l-dotmatrix-ergo-short-for-orca-emiq-pink\/"},"modified":"2025-10-15T11:49:19","modified_gmt":"2025-10-15T08:49:19","slug":"rokturi-kmr-l-punktmatrica-ergo-iss-prieks-orca-emiq-roza","status":"publish","type":"product","link":"https:\/\/staging.nbg.eu\/lv\/product\/rokturi-kmr-l-punktmatrica-ergo-iss-prieks-orca-emiq-roza\/","title":{"rendered":"ROKTURI KMR L PUNKTMATRICA ERGO \u012aSS priek\u0161 ORCA, EMIQ ROZ\u0100"},"content":{"rendered":"<h2>GRIPS KMR L DOTMATRIX ERGO SHORT ORCA, EMIQ &#8211; ROZ\u0100<\/h2>\n<p>GRIPS KMR L DOTMATRIX ERGO SHORT ORCA, EMIQ roz\u0101 kr\u0101s\u0101. \u0160ie duralumin rokturi ir ar golfa bumbi\u0146as rakstu, nodro\u0161inot stabilu satver\u0161anu.<\/p>\n<h2>Galven\u0101s iez\u012bmes:<\/h2>\n<ul>\n<li>Atsauce: 0611-03204-0110<\/li>\n<li>Z\u012bmols: KMR Precision Arms<\/li>\n<li>Izm\u0113rs: \u012ass<\/li>\n<li>Materi\u0101ls: Anod\u0113ts duralumin<\/li>\n<li>Raksts: Golfa bumbi\u0146a (Dotmatrix Ergo)<\/li>\n<li>Lieto\u0161ana: Ar magaz\u012bnas vadotni<\/li>\n<li>Iek\u013cauts: Torx skr\u016bves<\/li>\n<\/ul>\n<p>Piem\u0113rots eso\u0161\u0101s pistoles uzlabo\u0161anai vai sacens\u012bbu iero\u010da izstr\u0101dei. Sader\u012bgs ar KMR L-02 EMIQ, KMR L-02 EMIQ (OR) un KMR L-02 ORCA (l\u012bdz 2023. gadam).<\/p>\n","protected":false},"excerpt":{"rendered":"<p>Roz\u0101 duralum\u012bnija rokturi ORCA\/EMIQ. Golfa bumbi\u0146as tekst\u016bra. \u012asi, ergonomiski.<\/p>\n","protected":false},"featured_media":575652,"template":"","meta":{"_acf_changed":false},"product_brand":[],"product_cat":[13779],"product_tag":[],"class_list":{"0":"post-575626","1":"product","2":"type-product","3":"status-publish","4":"has-post-thumbnail","6":"product_cat-kmr-detalas","8":"first","9":"outofstock","10":"taxable","11":"shipping-taxable","12":"purchasable","13":"product-type-simple"},"acf":[],"_links":{"self":[{"href":"https:\/\/staging.nbg.eu\/lv\/wp-json\/wp\/v2\/product\/575626","targetHints":{"allow":["GET"]}}],"collection":[{"href":"https:\/\/staging.nbg.eu\/lv\/wp-json\/wp\/v2\/product"}],"about":[{"href":"https:\/\/staging.nbg.eu\/lv\/wp-json\/wp\/v2\/types\/product"}],"wp:featuredmedia":[{"embeddable":true,"href":"https:\/\/staging.nbg.eu\/lv\/wp-json\/wp\/v2\/media\/575652"}],"wp:attachment":[{"href":"https:\/\/staging.nbg.eu\/lv\/wp-json\/wp\/v2\/media?parent=575626"}],"wp:term":[{"taxonomy":"product_brand","embeddable":true,"href":"https:\/\/staging.nbg.eu\/lv\/wp-json\/wp\/v2\/product_brand?post=575626"},{"taxonomy":"product_cat","embeddable":true,"href":"https:\/\/staging.nbg.eu\/lv\/wp-json\/wp\/v2\/product_cat?post=575626"},{"taxonomy":"product_tag","embeddable":true,"href":"https:\/\/staging.nbg.eu\/lv\/wp-json\/wp\/v2\/product_tag?post=575626"}],"curies":[{"name":"wp","href":"https:\/\/api.w.org\/{rel}","templated":true}]}}