{"id":575536,"date":"2025-10-10T12:34:58","date_gmt":"2025-10-10T09:34:58","guid":{"rendered":"https:\/\/staging.nbg.eu\/product\/grips-kmr-l-dotmatrix-ergo-brass\/"},"modified":"2025-10-15T11:44:27","modified_gmt":"2025-10-15T08:44:27","slug":"rokturi-kmr-l-punktmatrica-ergo-misins","status":"publish","type":"product","link":"https:\/\/staging.nbg.eu\/lv\/product\/rokturi-kmr-l-punktmatrica-ergo-misins\/","title":{"rendered":"ROKTURI KMR L PUNKTMATRICA ERGO MISI\u0145\u0160"},"content":{"rendered":"<h2>ROKTURI KMR S DOTMATRIX ERGO MISI\u0145\u0160<\/h2>\n<p><strong>Atsauce:<\/strong> 0611-03001-0316<\/p>\n<p><strong>Z\u012bmols:<\/strong> KMR Precision Arms<\/p>\n<p>ROKTURI KMR S DOTMATRIX ERGO MISI\u0145\u0160 ir paredz\u0113ti precizit\u0101tei un \u0113rt\u012bbai. \u0160ie rokturi ir sader\u012bgi ar da\u017e\u0101diem KMR un CZ mode\u013ciem, ieskaitot KMR S-01 LANCE (OR), KMR S-02 (l\u012bdz 2023. gadam), CZ SHADOW 1, CZ SHADOW 2, CZ SHADOW 2 (OR) un CZ SP-01.<\/p>\n<p>\u0160iem rokturiem ir pilna izm\u0113ra garums bez magwell. Dotmatrix Ergo tekst\u016bra nodro\u0161ina stabilu satv\u0113rienu jebkuros apst\u0101k\u013cos.<\/p>\n<p>Rokturi ir izgatavoti no augstas kvalit\u0101tes misi\u0146a, apvienojot iztur\u012bbu ar dizainu.<\/p>\n","protected":false},"excerpt":{"rendered":"<p>Ergonomiski misi\u0146a rokturi KMR pistol\u0113m. Punktu matricas tekst\u016bra, pilna izm\u0113ra.<\/p>\n","protected":false},"featured_media":575567,"template":"","meta":{"_acf_changed":false},"product_brand":[],"product_cat":[13779],"product_tag":[],"class_list":{"0":"post-575536","1":"product","2":"type-product","3":"status-publish","4":"has-post-thumbnail","6":"product_cat-kmr-detalas","8":"first","9":"instock","10":"taxable","11":"shipping-taxable","12":"purchasable","13":"product-type-simple"},"acf":[],"_links":{"self":[{"href":"https:\/\/staging.nbg.eu\/lv\/wp-json\/wp\/v2\/product\/575536","targetHints":{"allow":["GET"]}}],"collection":[{"href":"https:\/\/staging.nbg.eu\/lv\/wp-json\/wp\/v2\/product"}],"about":[{"href":"https:\/\/staging.nbg.eu\/lv\/wp-json\/wp\/v2\/types\/product"}],"wp:featuredmedia":[{"embeddable":true,"href":"https:\/\/staging.nbg.eu\/lv\/wp-json\/wp\/v2\/media\/575567"}],"wp:attachment":[{"href":"https:\/\/staging.nbg.eu\/lv\/wp-json\/wp\/v2\/media?parent=575536"}],"wp:term":[{"taxonomy":"product_brand","embeddable":true,"href":"https:\/\/staging.nbg.eu\/lv\/wp-json\/wp\/v2\/product_brand?post=575536"},{"taxonomy":"product_cat","embeddable":true,"href":"https:\/\/staging.nbg.eu\/lv\/wp-json\/wp\/v2\/product_cat?post=575536"},{"taxonomy":"product_tag","embeddable":true,"href":"https:\/\/staging.nbg.eu\/lv\/wp-json\/wp\/v2\/product_tag?post=575536"}],"curies":[{"name":"wp","href":"https:\/\/api.w.org\/{rel}","templated":true}]}}