{"id":575276,"date":"2025-10-10T12:34:57","date_gmt":"2025-10-10T09:34:57","guid":{"rendered":"https:\/\/staging.nbg.eu\/product\/grips-kmr-l-waves-titan\/"},"modified":"2025-10-15T11:34:25","modified_gmt":"2025-10-15T08:34:25","slug":"rokturi-kmr-l-vilni-titans","status":"publish","type":"product","link":"https:\/\/staging.nbg.eu\/lv\/product\/rokturi-kmr-l-vilni-titans\/","title":{"rendered":"ROKTURI KMR L VI\u013b\u0145I TIT\u0100NS"},"content":{"rendered":"<div class=\"product-description\">\n<h2>GRIPS KMR L WAVES TITAN<\/h2>\n<p>GRIPS KMR L WAVES TITAN (Ats.: 0611-05001-0107) no KMR Precision Arms. \u0160ie pilna izm\u0113ra rokturi ir paredz\u0113ti kontrolei un precizit\u0101tei, ar WAVES tekst\u016bru.<\/p>\n<h2>Galven\u0101s \u012bpa\u0161\u012bbas:<\/h2>\n<ul>\n<li>Sader\u012bgs ar KMR L-02 SPECTRA un UMBRA mode\u013ciem<\/li>\n<li>Pilna izm\u0113ra rokturis bez magwell<\/li>\n<li>WAVES tekst\u016bra lab\u0101kai satverei<\/li>\n<li>Tit\u0101na kr\u0101sas opcija<\/li>\n<\/ul>\n<p>GRIPS KMR L WAVES TITAN nodro\u0161ina precizit\u0101ti un komfortu.<\/p>\n<\/div>\n","protected":false},"excerpt":{"rendered":"<p>GRIPS KMR L WAVES TITAN: Uzlabo kontroli un precizit\u0101ti tit\u0101na kr\u0101s\u0101.<\/p>\n","protected":false},"featured_media":575308,"template":"","meta":{"_acf_changed":false},"product_brand":[],"product_cat":[13779],"product_tag":[],"class_list":{"0":"post-575276","1":"product","2":"type-product","3":"status-publish","4":"has-post-thumbnail","6":"product_cat-kmr-detalas","8":"first","9":"instock","10":"taxable","11":"shipping-taxable","12":"purchasable","13":"product-type-simple"},"acf":[],"_links":{"self":[{"href":"https:\/\/staging.nbg.eu\/lv\/wp-json\/wp\/v2\/product\/575276","targetHints":{"allow":["GET"]}}],"collection":[{"href":"https:\/\/staging.nbg.eu\/lv\/wp-json\/wp\/v2\/product"}],"about":[{"href":"https:\/\/staging.nbg.eu\/lv\/wp-json\/wp\/v2\/types\/product"}],"wp:featuredmedia":[{"embeddable":true,"href":"https:\/\/staging.nbg.eu\/lv\/wp-json\/wp\/v2\/media\/575308"}],"wp:attachment":[{"href":"https:\/\/staging.nbg.eu\/lv\/wp-json\/wp\/v2\/media?parent=575276"}],"wp:term":[{"taxonomy":"product_brand","embeddable":true,"href":"https:\/\/staging.nbg.eu\/lv\/wp-json\/wp\/v2\/product_brand?post=575276"},{"taxonomy":"product_cat","embeddable":true,"href":"https:\/\/staging.nbg.eu\/lv\/wp-json\/wp\/v2\/product_cat?post=575276"},{"taxonomy":"product_tag","embeddable":true,"href":"https:\/\/staging.nbg.eu\/lv\/wp-json\/wp\/v2\/product_tag?post=575276"}],"curies":[{"name":"wp","href":"https:\/\/api.w.org\/{rel}","templated":true}]}}