{"id":575174,"date":"2025-10-10T12:34:54","date_gmt":"2025-10-10T09:34:54","guid":{"rendered":"https:\/\/staging.nbg.eu\/product\/grips-kmr-l-waves-black\/"},"modified":"2025-10-15T11:31:18","modified_gmt":"2025-10-15T08:31:18","slug":"rokturi-kmr-l-vilni-melns","status":"publish","type":"product","link":"https:\/\/staging.nbg.eu\/lv\/product\/rokturi-kmr-l-vilni-melns\/","title":{"rendered":"ROKTURI KMR L VI\u013b\u0145I MELNS"},"content":{"rendered":"<div class=\"product-description\">\n<h2>GRIPS KMR L WAVES MELNS<\/h2>\n<p>GRIPS KMR L WAVES MELNS no KMR Precision Arms. \u0160ie rokturi ir paredz\u0113ti, lai uzlabotu j\u016bsu \u0161au\u0161anas prasmes.<\/p>\n<h2>Galven\u0101s \u012bpa\u0161\u012bbas:<\/h2>\n<ul>\n<li>Atsauce: 0611-05001-0101<\/li>\n<li>Kr\u0101sa: Melna (Pieejama 10 kr\u0101su variantos)<\/li>\n<li>Roktura garums: Pilns izm\u0113rs &#8211; bez magwell<\/li>\n<li>Tekst\u016bra: Vi\u013c\u0146i<\/li>\n<li>Sader\u012bgs ar KMR L-02 SPECTRA un UMBRA mode\u013ciem<\/li>\n<\/ul>\n<p>WAVES tekst\u016bra nodro\u0161ina satv\u0113rienu un kontroli, nodro\u0161inot precizit\u0101ti katra \u0161\u0101viena laik\u0101. \u0160ie rokturi uzlabos j\u016bsu visp\u0101r\u0113jo \u0161au\u0161anas pieredzi.<\/p>\n<\/div>\n","protected":false},"excerpt":{"rendered":"<p>Revolucion\u0101ri melni WAVES rokturi KMR \u0161auten\u0113m. Maksim\u0101la kontrole un precizit\u0101te.<\/p>\n","protected":false},"featured_media":575200,"template":"","meta":{"_acf_changed":false},"product_brand":[],"product_cat":[13779],"product_tag":[],"class_list":{"0":"post-575174","1":"product","2":"type-product","3":"status-publish","4":"has-post-thumbnail","6":"product_cat-kmr-detalas","8":"first","9":"instock","10":"taxable","11":"shipping-taxable","12":"purchasable","13":"product-type-simple"},"acf":[],"_links":{"self":[{"href":"https:\/\/staging.nbg.eu\/lv\/wp-json\/wp\/v2\/product\/575174","targetHints":{"allow":["GET"]}}],"collection":[{"href":"https:\/\/staging.nbg.eu\/lv\/wp-json\/wp\/v2\/product"}],"about":[{"href":"https:\/\/staging.nbg.eu\/lv\/wp-json\/wp\/v2\/types\/product"}],"wp:featuredmedia":[{"embeddable":true,"href":"https:\/\/staging.nbg.eu\/lv\/wp-json\/wp\/v2\/media\/575200"}],"wp:attachment":[{"href":"https:\/\/staging.nbg.eu\/lv\/wp-json\/wp\/v2\/media?parent=575174"}],"wp:term":[{"taxonomy":"product_brand","embeddable":true,"href":"https:\/\/staging.nbg.eu\/lv\/wp-json\/wp\/v2\/product_brand?post=575174"},{"taxonomy":"product_cat","embeddable":true,"href":"https:\/\/staging.nbg.eu\/lv\/wp-json\/wp\/v2\/product_cat?post=575174"},{"taxonomy":"product_tag","embeddable":true,"href":"https:\/\/staging.nbg.eu\/lv\/wp-json\/wp\/v2\/product_tag?post=575174"}],"curies":[{"name":"wp","href":"https:\/\/api.w.org\/{rel}","templated":true}]}}