{"id":574869,"date":"2025-10-10T12:34:48","date_gmt":"2025-10-10T09:34:48","guid":{"rendered":"https:\/\/staging.nbg.eu\/product\/trigger-kmr-sa-da-from-2024\/"},"modified":"2025-10-15T11:24:59","modified_gmt":"2025-10-15T08:24:59","slug":"gailis-kmr-sada-no-2024","status":"publish","type":"product","link":"https:\/\/staging.nbg.eu\/lv\/product\/gailis-kmr-sada-no-2024\/","title":{"rendered":"GAILIS KMR SA\/DA (no 2024)"},"content":{"rendered":"<h2>M\u0112L\u012aTE KMR SA\/DA (no 2024. gada)<\/h2>\n<h2>Atsauce: 0861-01503-0900 | Z\u012bmols: KMR Precision Arms<\/h2>\n<p>Nomai\u0146as m\u0113l\u012bte KMR pistolei. Paredz\u0113ta vis\u0101m KMR alum\u012bnija un t\u0113rauda r\u0101mja pistol\u0113m, kas ra\u017eotas no 2024. gada. \u0160\u012b SA\/DA t\u0113rauda m\u0113l\u012bte ir piem\u0113rota pistoles darb\u012bbai.<\/p>\n<ul>\n<li>Sader\u012bga ar 3 mm m\u0113l\u012btes tapu<\/li>\n<li>Darbojas ar L SA\/DA vai W SA\/DA m\u0113l\u012btes stieni<\/li>\n<li>R\u016bpn\u012bcas m\u0113l\u012btes forma ar riev\u0101m<\/li>\n<li>Der KMR L-02 SPECTRA un UMBRA mode\u013ciem (no 2024. gada)<\/li>\n<li>Sader\u012bga ar KMR S-01 LANCE (OR) un S-02 (l\u012bdz 2023. gadam)<\/li>\n<li>Piem\u0113rota KMR W-02 UMBRA<\/li>\n<\/ul>\n<p>KMR m\u0113l\u012bte \u0161au\u0161anai.<\/p>\n","protected":false},"excerpt":{"rendered":"<p>Nomai\u0146as SA\/DA t\u0113rauda spr\u016bds KMR pistol\u0113m, ar rievotu dizainu.<\/p>\n","protected":false},"featured_media":574897,"template":"","meta":{"_acf_changed":false},"product_brand":[],"product_cat":[13779],"product_tag":[],"class_list":{"0":"post-574869","1":"product","2":"type-product","3":"status-publish","4":"has-post-thumbnail","6":"product_cat-kmr-detalas","8":"first","9":"instock","10":"taxable","11":"shipping-taxable","12":"purchasable","13":"product-type-simple"},"acf":[],"_links":{"self":[{"href":"https:\/\/staging.nbg.eu\/lv\/wp-json\/wp\/v2\/product\/574869","targetHints":{"allow":["GET"]}}],"collection":[{"href":"https:\/\/staging.nbg.eu\/lv\/wp-json\/wp\/v2\/product"}],"about":[{"href":"https:\/\/staging.nbg.eu\/lv\/wp-json\/wp\/v2\/types\/product"}],"wp:featuredmedia":[{"embeddable":true,"href":"https:\/\/staging.nbg.eu\/lv\/wp-json\/wp\/v2\/media\/574897"}],"wp:attachment":[{"href":"https:\/\/staging.nbg.eu\/lv\/wp-json\/wp\/v2\/media?parent=574869"}],"wp:term":[{"taxonomy":"product_brand","embeddable":true,"href":"https:\/\/staging.nbg.eu\/lv\/wp-json\/wp\/v2\/product_brand?post=574869"},{"taxonomy":"product_cat","embeddable":true,"href":"https:\/\/staging.nbg.eu\/lv\/wp-json\/wp\/v2\/product_cat?post=574869"},{"taxonomy":"product_tag","embeddable":true,"href":"https:\/\/staging.nbg.eu\/lv\/wp-json\/wp\/v2\/product_tag?post=574869"}],"curies":[{"name":"wp","href":"https:\/\/api.w.org\/{rel}","templated":true}]}}