{"id":574708,"date":"2025-10-10T12:34:45","date_gmt":"2025-10-10T09:34:45","guid":{"rendered":"https:\/\/staging.nbg.eu\/product\/trigger-kmr-sa-da-straight-from-2024\/"},"modified":"2025-10-15T11:10:40","modified_gmt":"2025-10-15T08:10:40","slug":"gailis-kmr-sada-taisns-no-2024","status":"publish","type":"product","link":"https:\/\/staging.nbg.eu\/lv\/product\/gailis-kmr-sada-taisns-no-2024\/","title":{"rendered":"GAILIS KMR SA\/DA TAISNS (no 2024)"},"content":{"rendered":"<h2>M\u0112L\u012aTE KMR SA\/DA TAISNA (no 2024. gada)<\/h2>\n<h2>Atsauce: 0861-02301-0900<\/h2>\n<h3>Z\u012bmols: KMR Precision Arms<\/h3>\n<p>M\u0112L\u012aTE KMR SA\/DA TAISNA ir paredz\u0113ta KMR pistol\u0113m, kas ra\u017eotas no 2024. gada. \u0160\u012b nomai\u0146as m\u0113l\u012bte ir sader\u012bga gan ar alum\u012bnija, gan t\u0113rauda r\u0101mja mode\u013ciem.<\/p>\n<ul>\n<li>Taisnas m\u0113l\u012btes dizains<\/li>\n<li>Sader\u012bga ar 3 mm m\u0113l\u012btes tapu<\/li>\n<li>Darbojas ar L SA\/DA vai W SA\/DA m\u0113l\u012btes stieni<\/li>\n<li>Izgatavota no t\u0113rauda<\/li>\n<li>Piem\u0113rota KMR mode\u013ciem: L-02 SPECTRA, L-02 UMBRA, S-01 LANCE (OR), S-02 un W-02 UMBRA<\/li>\n<\/ul>\n<p>\u0160\u012b taisn\u0101 m\u0113l\u012bte ir paredz\u0113ta lieto\u0161anai gan vienk\u0101r\u0161\u0101s, gan dubult\u0101s darb\u012bbas re\u017e\u012bmos.<\/p>\n","protected":false},"excerpt":{"rendered":"<p>Taisns SA\/DA t\u0113rauda spr\u016bds KMR pistol\u0113m, s\u0101kot no 2024. gada. Sader\u012bgs ar 3mm tapu.<\/p>\n","protected":false},"featured_media":574715,"template":"","meta":{"_acf_changed":false},"product_brand":[],"product_cat":[13779],"product_tag":[],"class_list":{"0":"post-574708","1":"product","2":"type-product","3":"status-publish","4":"has-post-thumbnail","6":"product_cat-kmr-detalas","8":"first","9":"instock","10":"taxable","11":"shipping-taxable","12":"purchasable","13":"product-type-simple"},"acf":[],"_links":{"self":[{"href":"https:\/\/staging.nbg.eu\/lv\/wp-json\/wp\/v2\/product\/574708","targetHints":{"allow":["GET"]}}],"collection":[{"href":"https:\/\/staging.nbg.eu\/lv\/wp-json\/wp\/v2\/product"}],"about":[{"href":"https:\/\/staging.nbg.eu\/lv\/wp-json\/wp\/v2\/types\/product"}],"wp:featuredmedia":[{"embeddable":true,"href":"https:\/\/staging.nbg.eu\/lv\/wp-json\/wp\/v2\/media\/574715"}],"wp:attachment":[{"href":"https:\/\/staging.nbg.eu\/lv\/wp-json\/wp\/v2\/media?parent=574708"}],"wp:term":[{"taxonomy":"product_brand","embeddable":true,"href":"https:\/\/staging.nbg.eu\/lv\/wp-json\/wp\/v2\/product_brand?post=574708"},{"taxonomy":"product_cat","embeddable":true,"href":"https:\/\/staging.nbg.eu\/lv\/wp-json\/wp\/v2\/product_cat?post=574708"},{"taxonomy":"product_tag","embeddable":true,"href":"https:\/\/staging.nbg.eu\/lv\/wp-json\/wp\/v2\/product_tag?post=574708"}],"curies":[{"name":"wp","href":"https:\/\/api.w.org\/{rel}","templated":true}]}}