{"id":572756,"date":"2025-10-10T23:44:24","date_gmt":"2025-10-10T20:44:24","guid":{"rendered":"https:\/\/staging.nbg.eu\/product\/e-arthur-brown-company-inc-knob-s-lever-for-harris-type-bipods\/"},"modified":"2025-10-15T00:50:02","modified_gmt":"2025-10-14T21:50:02","slug":"e-arthur-brown-company-inc-poga-s-svira-harris-tipa-divkajiem","status":"publish","type":"product","link":"https:\/\/staging.nbg.eu\/lv\/product\/e-arthur-brown-company-inc-poga-s-svira-harris-tipa-divkajiem\/","title":{"rendered":"E. ARTHUR BROWN COMPANY, INC. POGA S-SVIRA HARRIS TIPA DIVK\u0100JIEM"},"content":{"rendered":"<h2>E. Arthur Brown Company S-Lever\u00ae Spriegot\u0101js<\/h2>\n<p>Uzlabojiet savu Harris tipa vai Caldwell XLA divk\u0101ji ar S-Lever\u00ae Spriegot\u0101ju. \u0160is aizvietot\u0101js standarta berzes pogai pied\u0101v\u0101:<\/p>\n<ul>\n<li>Uzlabotu kontroli un sviru viegl\u0101kai sl\u012bpuma regul\u0113\u0161anai<\/li>\n<li>Prec\u012bzas regul\u0113\u0161anas iesp\u0113jas<\/li>\n<li>Iztur\u012bgu ar \u0161\u0137iedru pastiprin\u0101tu neilona konstrukciju<\/li>\n<li>Dro\u0161u dizainu, kas liecas vai l\u016bzt pie \u0101rk\u0101rt\u0113jas slodzes<\/li>\n<li>Vienk\u0101r\u0161u uzst\u0101d\u012b\u0161anas procesu ar iek\u013caut\u0101m instrukcij\u0101m<\/li>\n<li>Ra\u017eots ASV<\/li>\n<\/ul>\n<p>Paredz\u0113ts S-tipa Harris un Caldwell XLA divk\u0101jiem, \u0161is melnais alum\u012bnija svira nodro\u0161ina \u0101tru divk\u0101ja regul\u0113\u0161anu lauk\u0101. E. Arthur Brown Company S-Lever\u00ae Spriegot\u0101js.<\/p>\n","protected":false},"excerpt":{"rendered":"<p>Ergonomisks S veida svira vieglai divk\u0101ju stat\u012bva sl\u012bpuma regul\u0113\u0161anai Harris tipa divk\u0101ju stat\u012bviem.<\/p>\n","protected":false},"featured_media":572779,"template":"","meta":{"_acf_changed":false},"product_brand":[],"product_cat":[13820],"product_tag":[],"class_list":{"0":"post-572756","1":"product","2":"type-product","3":"status-publish","4":"has-post-thumbnail","6":"product_cat-divkaji","8":"first","9":"instock","10":"taxable","11":"shipping-taxable","12":"purchasable","13":"product-type-simple"},"acf":[],"_links":{"self":[{"href":"https:\/\/staging.nbg.eu\/lv\/wp-json\/wp\/v2\/product\/572756","targetHints":{"allow":["GET"]}}],"collection":[{"href":"https:\/\/staging.nbg.eu\/lv\/wp-json\/wp\/v2\/product"}],"about":[{"href":"https:\/\/staging.nbg.eu\/lv\/wp-json\/wp\/v2\/types\/product"}],"wp:featuredmedia":[{"embeddable":true,"href":"https:\/\/staging.nbg.eu\/lv\/wp-json\/wp\/v2\/media\/572779"}],"wp:attachment":[{"href":"https:\/\/staging.nbg.eu\/lv\/wp-json\/wp\/v2\/media?parent=572756"}],"wp:term":[{"taxonomy":"product_brand","embeddable":true,"href":"https:\/\/staging.nbg.eu\/lv\/wp-json\/wp\/v2\/product_brand?post=572756"},{"taxonomy":"product_cat","embeddable":true,"href":"https:\/\/staging.nbg.eu\/lv\/wp-json\/wp\/v2\/product_cat?post=572756"},{"taxonomy":"product_tag","embeddable":true,"href":"https:\/\/staging.nbg.eu\/lv\/wp-json\/wp\/v2\/product_tag?post=572756"}],"curies":[{"name":"wp","href":"https:\/\/api.w.org\/{rel}","templated":true}]}}