{"id":57067,"date":"2024-02-20T20:01:55","date_gmt":"2024-09-13T14:29:23","guid":{"rendered":"https:\/\/staging.nbg.eu\/product\/geissele-ar15-super-precision-34mm-extended\/"},"modified":"2024-09-13T14:30:37","modified_gmt":"2024-09-13T14:30:37","slug":"geissele-ar15-super-precision-34mm-pagarinats","status":"publish","type":"product","link":"https:\/\/staging.nbg.eu\/lv\/product\/geissele-ar15-super-precision-34mm-pagarinats\/","title":{"rendered":"Geissele AR15 Super Precision\u00ae 34mm, Pagarinats"},"content":{"rendered":"<div class=\"product-description\">\n<h2>Geissele AR15 Super Precision\u00ae 34mm, Pagarin\u0101ts<\/h2>\n<p>Geissele Super Precision\u00ae 34mm Pagarin\u0101tais optisk\u0101 t\u0113mek\u013ca stiprin\u0101jums AR-15\/M4 iero\u010diem. \u0160im stiprin\u0101jumam ir \u0161\u0101das \u012bpa\u0161\u012bbas:<\/p>\n<ul>\n<li>7 picatinny sekcijas ar 4 b\u012bdes izci\u013c\u0146iem stabilit\u0101tei<\/li>\n<li>Uzgrie\u017e\u0146u un skr\u016bvju stiprin\u0101\u0161anas sist\u0113ma, nodro\u0161inot 1400 m\u0101rci\u0146u sp\u0113ku katram p\u0101rim<\/li>\n<li>Izgatavots no viengabala 7075-T6 alum\u012bnija sagataves<\/li>\n<li>Paaugstin\u0101ta stingr\u012bba, izmantojot strat\u0113\u0123isku dobumu veido\u0161anu un ribo\u0161anu<\/li>\n<li>L\u012bnijveid\u0101 urbtie v\u0101ci\u0146i prec\u012bzai optisk\u0101 t\u0113mek\u013ca ievieto\u0161anai un aizsardz\u012bbai<\/li>\n<li>S\u0113rijas numuru v\u0101ci\u0146i garant\u0113tai centr\u0113\u0161anai<\/li>\n<li>Dizains piem\u0113rots da\u017e\u0101diem optisko t\u0113mek\u013cu veidiem<\/li>\n<\/ul>\n<p>Geissele in\u017eeniertehniskie risin\u0101jumi nodro\u0161ina prec\u012bzu atgrie\u0161anos s\u0101kuma poz\u012bcij\u0101 un iztur\u012bbu.<\/p>\n<\/div>\n","protected":false},"excerpt":{"rendered":"<p>Prec\u012bzi izstr\u0101d\u0101ts 34mm AR-15 t\u0113mek\u013ca stiprin\u0101jums nep\u0101rsp\u0113jamai stabilit\u0101tei.<\/p>\n","protected":false},"featured_media":57069,"template":"","meta":{"_acf_changed":false},"product_brand":[11383],"product_cat":[13827],"product_tag":[],"class_list":{"0":"post-57067","1":"product","2":"type-product","3":"status-publish","4":"has-post-thumbnail","6":"product_brand-geissele","7":"product_cat-sautene","9":"first","10":"instock","11":"taxable","12":"shipping-taxable","13":"product-type-variable","14":"wvs-archive-product-wrapper"},"acf":[],"_links":{"self":[{"href":"https:\/\/staging.nbg.eu\/lv\/wp-json\/wp\/v2\/product\/57067","targetHints":{"allow":["GET"]}}],"collection":[{"href":"https:\/\/staging.nbg.eu\/lv\/wp-json\/wp\/v2\/product"}],"about":[{"href":"https:\/\/staging.nbg.eu\/lv\/wp-json\/wp\/v2\/types\/product"}],"wp:featuredmedia":[{"embeddable":true,"href":"https:\/\/staging.nbg.eu\/lv\/wp-json\/wp\/v2\/media\/57069"}],"wp:attachment":[{"href":"https:\/\/staging.nbg.eu\/lv\/wp-json\/wp\/v2\/media?parent=57067"}],"wp:term":[{"taxonomy":"product_brand","embeddable":true,"href":"https:\/\/staging.nbg.eu\/lv\/wp-json\/wp\/v2\/product_brand?post=57067"},{"taxonomy":"product_cat","embeddable":true,"href":"https:\/\/staging.nbg.eu\/lv\/wp-json\/wp\/v2\/product_cat?post=57067"},{"taxonomy":"product_tag","embeddable":true,"href":"https:\/\/staging.nbg.eu\/lv\/wp-json\/wp\/v2\/product_tag?post=57067"}],"curies":[{"name":"wp","href":"https:\/\/api.w.org\/{rel}","templated":true}]}}