{"id":56700,"date":"2024-02-20T20:12:58","date_gmt":"2024-09-13T13:32:18","guid":{"rendered":"https:\/\/staging.nbg.eu\/product\/geissele-super-precision-scope-mount-30mm-for-ar-15-vortex-1-6\/"},"modified":"2024-09-13T13:33:13","modified_gmt":"2024-09-13T13:33:13","slug":"geissele-super-precision-temekla-stiprinajums-30mm-prieks-ar-15-vortex-1-6","status":"publish","type":"product","link":"https:\/\/staging.nbg.eu\/lv\/product\/geissele-super-precision-temekla-stiprinajums-30mm-prieks-ar-15-vortex-1-6\/","title":{"rendered":"Geissele Super Precision temekla stiprinajums 30mm, prieks AR-15 (Vortex 1-6)"},"content":{"rendered":"<div class=\"description-text\">\n<div class=\"exerpt\">\n<p>\u0160is AR-15 optisk\u0101 t\u0113mek\u013ca stiprin\u0101jums ir da\u013ca no Geissele SOPMOD sertific\u0113t\u0101s s\u0113rijas, kas ietver Geissele produktus, kurus pa\u0161laik izmanto augsta l\u012bme\u0146a milit\u0101r\u0101s un pretterorisma vien\u012bbas ASV Speci\u0101lo oper\u0101ciju komand\u0101 (USSOCOM). SOPMOD ir USSOCOM programma, kas \u013cauj speci\u0101lo oper\u0101ciju person\u0101lam konfigur\u0113t savus iero\u010dus atbilsto\u0161i individu\u0101laj\u0101m v\u0113lm\u0113m un misijas pras\u012bb\u0101m. Programma ir apstiprin\u0101ta piederumu sist\u0113ma M4A1 karab\u012bnei, FN SCAR Mk 16\/17 un citiem USSOCOM izmantotajiem iero\u010diem. Katrs Geissele SOPMOD s\u0113rijas produkts ir izg\u0101jis stingru ASV vald\u012bbas test\u0113\u0161anu un USSOCOM sertifik\u0101ciju. \u0160ie optiskie stiprin\u0101jumi ir izgatavoti no viena 4,5 m\u0101rci\u0146u avi\u0101cijas klases 7075-T6 alum\u012bnija sagataves bloka.<\/p>\n<p>Individu\u0101li numur\u0113tie t\u0113mek\u013ca v\u0101ci\u0146i ir izurbti vien\u0101 l\u012bnij\u0101 ar korpusu un izveidoti vien\u0101 oper\u0101cij\u0101, nodro\u0161inot vislab\u0101ko sader\u012bbu ar optisk\u0101s ier\u012bces korpusu. Geissele stiprin\u0101jumi tiek nofiks\u0113ti, izmantojot klasisko un p\u0101rbaud\u012bto uzgrie\u017e\u0146u un skavu sist\u0113mu, kas nodro\u0161ina 1400 m\u0101rci\u0146u stiprin\u0101\u0161anas sp\u0113ku uz katru uzgriezni. \u0160\u012b sist\u0113ma nodro\u0161ina l\u012bdz 3 reiz\u0113m liel\u0101ku stiprin\u0101\u0161anas sp\u0113ku nek\u0101 jebkura sviras sist\u0113ma, savuk\u0101rt prec\u012bzi apstr\u0101d\u0101ti b\u012bdes izci\u013c\u0146i pal\u012bdz nofiks\u0113t optiku uz uztv\u0113r\u0113ja atsitiena laik\u0101. Mont\u0101\u017eas virsma aptver 8 pikati\u0146\u0146u sekcijas.<\/p>\n<h2 style=\"text-align: center\"><strong>&#8212; SPECIFIK\u0100CIJAS &#8212;<\/strong><\/h2>\n<table border=\"1\">\n<tbody>\n<tr>\n<td><strong>MATERI\u0100LS: <\/strong><\/td>\n<td> 7075-T6<\/td>\n<\/tr>\n<tr>\n<td><strong>KR\u0100SA: <\/strong><\/td>\n<td> Melna<\/td>\n<\/tr>\n<tr>\n<td><strong>APDARE: <\/strong><\/td>\n<td> 3. tipa ciet\u0101 anod\u0113\u0161ana<\/td>\n<\/tr>\n<tr>\n<td><strong>SVARS: <\/strong><\/td>\n<td> 7,1 unces<\/td>\n<\/tr>\n<tr>\n<td><strong>GREDZENA IZM\u0112RS: <\/strong><\/td>\n<td> 30mm<\/td>\n<\/tr>\n<\/tbody>\n<\/table>\n<\/div>\n<\/div>\n","protected":false},"excerpt":{"rendered":"<p><strong>Geissele SOPMOD sertific\u0113t\u0101s s\u0113rijas da\u013ca<\/strong><\/p>\n","protected":false},"featured_media":56701,"template":"","meta":{"_acf_changed":false},"product_brand":[11383],"product_cat":[13827],"product_tag":[],"class_list":{"0":"post-56700","1":"product","2":"type-product","3":"status-publish","4":"has-post-thumbnail","6":"product_brand-geissele","7":"product_cat-sautene","9":"first","10":"instock","11":"taxable","12":"shipping-taxable","13":"product-type-variable","14":"wvs-archive-product-wrapper"},"acf":[],"_links":{"self":[{"href":"https:\/\/staging.nbg.eu\/lv\/wp-json\/wp\/v2\/product\/56700","targetHints":{"allow":["GET"]}}],"collection":[{"href":"https:\/\/staging.nbg.eu\/lv\/wp-json\/wp\/v2\/product"}],"about":[{"href":"https:\/\/staging.nbg.eu\/lv\/wp-json\/wp\/v2\/types\/product"}],"wp:featuredmedia":[{"embeddable":true,"href":"https:\/\/staging.nbg.eu\/lv\/wp-json\/wp\/v2\/media\/56701"}],"wp:attachment":[{"href":"https:\/\/staging.nbg.eu\/lv\/wp-json\/wp\/v2\/media?parent=56700"}],"wp:term":[{"taxonomy":"product_brand","embeddable":true,"href":"https:\/\/staging.nbg.eu\/lv\/wp-json\/wp\/v2\/product_brand?post=56700"},{"taxonomy":"product_cat","embeddable":true,"href":"https:\/\/staging.nbg.eu\/lv\/wp-json\/wp\/v2\/product_cat?post=56700"},{"taxonomy":"product_tag","embeddable":true,"href":"https:\/\/staging.nbg.eu\/lv\/wp-json\/wp\/v2\/product_tag?post=56700"}],"curies":[{"name":"wp","href":"https:\/\/api.w.org\/{rel}","templated":true}]}}