{"id":56513,"date":"2024-02-20T20:21:46","date_gmt":"2024-09-13T13:26:49","guid":{"rendered":"https:\/\/staging.nbg.eu\/product\/geissele-super-precision-zero-compromise-scope-mount-36mm-black\/"},"modified":"2024-09-13T13:27:41","modified_gmt":"2024-09-13T13:27:41","slug":"geissele-super-precision-zero-compromise-temekla-stiprinajums-36mm-melns","status":"publish","type":"product","link":"https:\/\/staging.nbg.eu\/lv\/product\/geissele-super-precision-zero-compromise-temekla-stiprinajums-36mm-melns\/","title":{"rendered":"Geissele Super Precision\u00ae &#8211; Zero Compromise temekla stiprinajums, 36mm &#8211; Melns"},"content":{"rendered":"<div class=\"product-description\">\n<h2>Geissele Super Precision\u00ae &#8211; Zero Compromise optisk\u0101 t\u0113mek\u013ca stiprin\u0101jums, 36mm &#8211; Melns<\/h2>\n<p>Izstr\u0101d\u0101ts Zero Compromise ZC420 optisko s\u0113riju t\u0113mek\u013ciem, \u0161is stiprin\u0101jums ir paredz\u0113ts t\u0101l\u0101s distances \u0161\u0101v\u0113jiem. Iez\u012bmes ietver:<\/p>\n<ul>\n<li>20 MOA (5,7 MIL) ieb\u016bv\u0113ts sl\u012bpums pagarin\u0101tam pac\u0113luma diapazonam<\/li>\n<li>2,5&#8243; pagarin\u0101ts konsoles dizains optim\u0101lam acu att\u0101lumam<\/li>\n<li>Prec\u012bzi apstr\u0101d\u0101tas b\u012bdes tapas stabilit\u0101tei<\/li>\n<li>1400 m\u0101rci\u0146u stiprin\u0101\u0161anas sp\u0113ks, izmantojot Geissele uzlaboto uzgriezni un skr\u016bvju sist\u0113mu<\/li>\n<li>\u0100tra uzst\u0101d\u012b\u0161ana un no\u0146em\u0161ana ar parastiem instrumentiem<\/li>\n<li>Sp\u0113ja atgriezties pie nulles poz\u012bcijas<\/li>\n<li>Kompakts izm\u0113rs iztur\u012bbai un veiktsp\u0113jai<\/li>\n<\/ul>\n<p>Geissele Super Precision\u00ae Zero Compromise optisk\u0101 t\u0113mek\u013ca stiprin\u0101jums nodro\u0161ina precizit\u0101ti un uzticam\u012bbu.<\/p>\n<\/div>\n","protected":false},"excerpt":{"rendered":"<p>Iztur\u012bgs 36 mm t\u0113mek\u013ca stiprin\u0101jums ekstr\u0113mai t\u0101l\u0101s distances precizit\u0101tes \u0161au\u0161anai.<\/p>\n","protected":false},"featured_media":56514,"template":"","meta":{"_acf_changed":false},"product_brand":[11383],"product_cat":[13827],"product_tag":[],"class_list":{"0":"post-56513","1":"product","2":"type-product","3":"status-publish","4":"has-post-thumbnail","6":"product_brand-geissele","7":"product_cat-sautene","9":"first","10":"instock","11":"taxable","12":"shipping-taxable","13":"product-type-simple"},"acf":[],"_links":{"self":[{"href":"https:\/\/staging.nbg.eu\/lv\/wp-json\/wp\/v2\/product\/56513","targetHints":{"allow":["GET"]}}],"collection":[{"href":"https:\/\/staging.nbg.eu\/lv\/wp-json\/wp\/v2\/product"}],"about":[{"href":"https:\/\/staging.nbg.eu\/lv\/wp-json\/wp\/v2\/types\/product"}],"wp:featuredmedia":[{"embeddable":true,"href":"https:\/\/staging.nbg.eu\/lv\/wp-json\/wp\/v2\/media\/56514"}],"wp:attachment":[{"href":"https:\/\/staging.nbg.eu\/lv\/wp-json\/wp\/v2\/media?parent=56513"}],"wp:term":[{"taxonomy":"product_brand","embeddable":true,"href":"https:\/\/staging.nbg.eu\/lv\/wp-json\/wp\/v2\/product_brand?post=56513"},{"taxonomy":"product_cat","embeddable":true,"href":"https:\/\/staging.nbg.eu\/lv\/wp-json\/wp\/v2\/product_cat?post=56513"},{"taxonomy":"product_tag","embeddable":true,"href":"https:\/\/staging.nbg.eu\/lv\/wp-json\/wp\/v2\/product_tag?post=56513"}],"curies":[{"name":"wp","href":"https:\/\/api.w.org\/{rel}","templated":true}]}}