{"id":555065,"date":"2025-09-06T16:22:33","date_gmt":"2025-09-06T13:22:33","guid":{"rendered":"https:\/\/staging.nbg.eu\/product\/magnetospeed-llc-barrel-cooler\/"},"modified":"2025-10-01T16:52:53","modified_gmt":"2025-10-01T13:52:53","slug":"magnetospeed-llc-stobra-dzesetajs","status":"publish","type":"product","link":"https:\/\/staging.nbg.eu\/lv\/product\/magnetospeed-llc-stobra-dzesetajs\/","title":{"rendered":"MAGNETOSPEED LLC Stobra Dzes\u0113t\u0101js"},"content":{"rendered":"<div class=\"product-description\">\n<h2>MAGNETOSPEED LLC Stobra Dzes\u0113t\u0101js<\/h2>\n<p>MAGNETOSPEED LLC Stobra Dzes\u0113t\u0101js pal\u012bdz uztur\u0113t \u0161aujamiero\u010dus v\u0113sus un paildzin\u0101t \u0161au\u0161anas sesijas. \u0160\u012b ier\u012bce stiprin\u0101s pie stobra, nodro\u0161inot \u0101tru siltuma izklied\u0113\u0161anu precizit\u0101tes un kalpo\u0161anas laika uzlabo\u0161anai.<\/p>\n<ul>\n<li>Sader\u012bgs ar vairumu \u0161autenes un pistoles stobru<\/li>\n<li>Izgatavots no alum\u012bnija<\/li>\n<li>Magn\u0113tiska piestiprin\u0101\u0161anas sist\u0113ma<\/li>\n<li>Samazina stobra temperat\u016bru l\u012bdz 50%<\/li>\n<li>Kompakts un viegls dizains<\/li>\n<\/ul>\n<p>MAGNETOSPEED LLC Stobra Dzes\u0113t\u0101js pal\u012bdz uztur\u0113t \u0161aujamiero\u010da veiktsp\u0113ju \u0161au\u0161anas laukum\u0101 vai sacens\u012bb\u0101s. \u0160is piederums pal\u012bdz nov\u0113rst p\u0101rkar\u0161anas rad\u012bt\u0101s probl\u0113mas.<\/p>\n<\/div>\n","protected":false},"excerpt":{"rendered":"<p>\u0100tras stobra dzes\u0113\u0161anas ier\u012bce \u0161aujamiero\u010diem. Pagarina precizit\u0101ti un kalpo\u0161anas laiku.<\/p>\n","protected":false},"featured_media":499607,"template":"","meta":{"_acf_changed":false},"product_brand":[],"product_cat":[13827,13776],"product_tag":[],"class_list":{"0":"post-555065","1":"product","2":"type-product","3":"status-publish","4":"has-post-thumbnail","6":"product_cat-sautene","7":"product_cat-sautenes-uzlabojumi","9":"first","10":"instock","11":"taxable","12":"shipping-taxable","13":"purchasable","14":"product-type-simple"},"acf":[],"_links":{"self":[{"href":"https:\/\/staging.nbg.eu\/lv\/wp-json\/wp\/v2\/product\/555065","targetHints":{"allow":["GET"]}}],"collection":[{"href":"https:\/\/staging.nbg.eu\/lv\/wp-json\/wp\/v2\/product"}],"about":[{"href":"https:\/\/staging.nbg.eu\/lv\/wp-json\/wp\/v2\/types\/product"}],"wp:featuredmedia":[{"embeddable":true,"href":"https:\/\/staging.nbg.eu\/lv\/wp-json\/wp\/v2\/media\/499607"}],"wp:attachment":[{"href":"https:\/\/staging.nbg.eu\/lv\/wp-json\/wp\/v2\/media?parent=555065"}],"wp:term":[{"taxonomy":"product_brand","embeddable":true,"href":"https:\/\/staging.nbg.eu\/lv\/wp-json\/wp\/v2\/product_brand?post=555065"},{"taxonomy":"product_cat","embeddable":true,"href":"https:\/\/staging.nbg.eu\/lv\/wp-json\/wp\/v2\/product_cat?post=555065"},{"taxonomy":"product_tag","embeddable":true,"href":"https:\/\/staging.nbg.eu\/lv\/wp-json\/wp\/v2\/product_tag?post=555065"}],"curies":[{"name":"wp","href":"https:\/\/api.w.org\/{rel}","templated":true}]}}