{"id":554488,"date":"2025-09-05T18:19:19","date_gmt":"2025-09-05T15:19:19","guid":{"rendered":"https:\/\/staging.nbg.eu\/product\/magpul-enhanced-ejection-port-cover-for-ar-15\/"},"modified":"2025-10-01T16:37:51","modified_gmt":"2025-10-01T13:37:51","slug":"magpul-uzlabots-izmetsanas-lukas-vaks-ar-15","status":"publish","type":"product","link":"https:\/\/staging.nbg.eu\/lv\/product\/magpul-uzlabots-izmetsanas-lukas-vaks-ar-15\/","title":{"rendered":"MAGPUL UZLABOTS IZMET\u0160ANAS L\u016aKAS V\u0100KS AR-15"},"content":{"rendered":"<div class=\"product-description\">\n<h2>Magpul uzlabotais izsvied\u0113ja porta p\u0101rsegs AR-15<\/h2>\n<p>Magpul uzlabotais izsvied\u0113ja porta p\u0101rsegs ir komponente AR-15 iero\u010diem. \u0160im putek\u013cu p\u0101rsegam ir \u0161\u0101das \u012bpa\u0161\u012bbas:<\/p>\n<ul>\n<li>Pret koroziju un triecieniem iztur\u012bga polim\u0113ra konstrukcija<\/li>\n<li>Vienk\u0101r\u0161a uzst\u0101d\u012b\u0161ana bez rokas aizsarga, stobra uzgrie\u017e\u0146a, c-skavas vai atsperu no\u0146em\u0161anas<\/li>\n<li>Sader\u012bba ar .223 Remington\/5.56 kalibra AR-15 platform\u0101m<\/li>\n<li>Melna apdare<\/li>\n<\/ul>\n<p>Magpul uzlabotais izsvied\u0113ja porta p\u0101rsegs pied\u0101v\u0101 \u0113rtu uzst\u0101d\u012b\u0161anu un apkopi j\u016bsu iero\u010da uzlabo\u0161anai.<\/p>\n<\/div>\n","protected":false},"excerpt":{"rendered":"<p>Uzklik\u0161\u0137in\u0101ms, pret koroziju iztur\u012bgs AR-15 putek\u013cu v\u0101ci\u0146\u0161. Viegli uzst\u0101d\u0101ms.<\/p>\n","protected":false},"featured_media":499448,"template":"","meta":{"_acf_changed":false},"product_brand":[],"product_cat":[13788,13827,13776],"product_tag":[],"class_list":{"0":"post-554488","1":"product","2":"type-product","3":"status-publish","4":"has-post-thumbnail","6":"product_cat-ar-uzlabojumi","7":"product_cat-sautene","8":"product_cat-sautenes-uzlabojumi","10":"first","11":"instock","12":"taxable","13":"shipping-taxable","14":"purchasable","15":"product-type-simple"},"acf":[],"_links":{"self":[{"href":"https:\/\/staging.nbg.eu\/lv\/wp-json\/wp\/v2\/product\/554488","targetHints":{"allow":["GET"]}}],"collection":[{"href":"https:\/\/staging.nbg.eu\/lv\/wp-json\/wp\/v2\/product"}],"about":[{"href":"https:\/\/staging.nbg.eu\/lv\/wp-json\/wp\/v2\/types\/product"}],"wp:featuredmedia":[{"embeddable":true,"href":"https:\/\/staging.nbg.eu\/lv\/wp-json\/wp\/v2\/media\/499448"}],"wp:attachment":[{"href":"https:\/\/staging.nbg.eu\/lv\/wp-json\/wp\/v2\/media?parent=554488"}],"wp:term":[{"taxonomy":"product_brand","embeddable":true,"href":"https:\/\/staging.nbg.eu\/lv\/wp-json\/wp\/v2\/product_brand?post=554488"},{"taxonomy":"product_cat","embeddable":true,"href":"https:\/\/staging.nbg.eu\/lv\/wp-json\/wp\/v2\/product_cat?post=554488"},{"taxonomy":"product_tag","embeddable":true,"href":"https:\/\/staging.nbg.eu\/lv\/wp-json\/wp\/v2\/product_tag?post=554488"}],"curies":[{"name":"wp","href":"https:\/\/api.w.org\/{rel}","templated":true}]}}