{"id":554279,"date":"2025-09-06T16:21:27","date_gmt":"2025-09-06T13:21:27","guid":{"rendered":"https:\/\/staging.nbg.eu\/product\/armazone-q-r-viper-30mm\/"},"modified":"2025-10-01T16:26:21","modified_gmt":"2025-10-01T13:26:21","slug":"armazone-q-r-viper-30mm","status":"publish","type":"product","link":"https:\/\/staging.nbg.eu\/lv\/product\/armazone-q-r-viper-30mm\/","title":{"rendered":"Armazone Q-R Viper 30mm"},"content":{"rendered":"<h2>Armazone Q-R Viper 30mm<\/h2>\n<p>Armazone Q-R Viper 30mm ir QR adapteris, kas paredz\u0113ts ier\u012bc\u0113m ar M33.5\u00d70.75 v\u012btni. \u0160is viengabala stiprin\u0101juma adapteris \u013cauj pievienot nakts redzam\u012bbas vai term\u0101l\u0101s att\u0113lveido\u0161anas ier\u012bces pla\u0161am dienas t\u0113mek\u013cu kl\u0101stam.<\/p>\n<h2>Galven\u0101s \u012bpa\u0161\u012bbas:<\/h2>\n<ul>\n<li>\u0100tr\u0101s blo\u0137\u0113\u0161anas svira vieglai uzst\u0101d\u012b\u0161anai un no\u0146em\u0161anai<\/li>\n<li>Regul\u0113\u0161ana un uzst\u0101d\u012b\u0161ana bez instrumentiem<\/li>\n<li>Speci\u0101la ArmaZone lente trok\u0161\u0146a samazin\u0101\u0161anai uzst\u0101d\u012b\u0161anas un \u0161au\u0161anas laik\u0101<\/li>\n<li>Sader\u012bgs ar Nitehog term\u0101lajiem piederumiem<\/li>\n<li>Kompens\u0113 l\u012bdz 1mm lejupv\u0113rstu novirzi<\/li>\n<\/ul>\n<p>Armazone Q-R Viper 30mm ir risin\u0101jums profesion\u0101liem \u0161\u0101v\u0113jiem un medniekiem, kas v\u0113las uzlabot nakts redzam\u012bbas iesp\u0113jas.<\/p>\n","protected":false},"excerpt":{"rendered":"<p>\u0100tr\u0101s fiks\u0101cijas adapteris termiskaj\u0101m ier\u012bc\u0113m Nitehog optiskajiem t\u0113mek\u013ciem. Nav nepiecie\u0161ami instrumenti.<\/p>\n","protected":false},"featured_media":499537,"template":"","meta":{"_acf_changed":false},"product_brand":[],"product_cat":[13803,13760,13758],"product_tag":[],"class_list":{"0":"post-554279","1":"product","2":"type-product","3":"status-publish","4":"has-post-thumbnail","6":"product_cat-merkesana","7":"product_cat-merkesanas-aksesuari","8":"product_cat-termalie","10":"first","11":"instock","12":"taxable","13":"shipping-taxable","14":"purchasable","15":"product-type-simple"},"acf":[],"_links":{"self":[{"href":"https:\/\/staging.nbg.eu\/lv\/wp-json\/wp\/v2\/product\/554279","targetHints":{"allow":["GET"]}}],"collection":[{"href":"https:\/\/staging.nbg.eu\/lv\/wp-json\/wp\/v2\/product"}],"about":[{"href":"https:\/\/staging.nbg.eu\/lv\/wp-json\/wp\/v2\/types\/product"}],"wp:featuredmedia":[{"embeddable":true,"href":"https:\/\/staging.nbg.eu\/lv\/wp-json\/wp\/v2\/media\/499537"}],"wp:attachment":[{"href":"https:\/\/staging.nbg.eu\/lv\/wp-json\/wp\/v2\/media?parent=554279"}],"wp:term":[{"taxonomy":"product_brand","embeddable":true,"href":"https:\/\/staging.nbg.eu\/lv\/wp-json\/wp\/v2\/product_brand?post=554279"},{"taxonomy":"product_cat","embeddable":true,"href":"https:\/\/staging.nbg.eu\/lv\/wp-json\/wp\/v2\/product_cat?post=554279"},{"taxonomy":"product_tag","embeddable":true,"href":"https:\/\/staging.nbg.eu\/lv\/wp-json\/wp\/v2\/product_tag?post=554279"}],"curies":[{"name":"wp","href":"https:\/\/api.w.org\/{rel}","templated":true}]}}