{"id":54959,"date":"2024-03-01T10:36:26","date_gmt":"2024-03-01T10:36:26","guid":{"rendered":"https:\/\/staging.nbg.eu\/product\/fox-ammunition-93x62-220-gr\/"},"modified":"2024-09-13T13:07:57","modified_gmt":"2024-09-13T13:07:57","slug":"fox-ammunition-93x62-220-gr","status":"publish","type":"product","link":"https:\/\/staging.nbg.eu\/lv\/product\/fox-ammunition-93x62-220-gr\/","title":{"rendered":"Fox Ammunition 9,3&#215;62 &#8211; 220 gr"},"content":{"rendered":"<div class=\"product-description\">\n<h2>Fox Classic Hunter mun\u012bcija<\/h2>\n<p>Fox Classic Hunter lodes ir bez svina, paredz\u0113tas visiem Eiropas med\u012bbu scen\u0101rijiem. Izgatavotas no vara-cinka sakaus\u0113juma, t\u0101s pied\u0101v\u0101:<\/p>\n<ul>\n<li>Efekt\u012bvu veiktsp\u0113ju no tuva att\u0101luma me\u017eac\u016bku med\u012bb\u0101m l\u012bdz t\u0101liem \u0161\u0101vieniem kalnos<\/li>\n<li>Uzticamu deform\u0101ciju pie zem\u0101k\u0101m trieciena \u0101trumiem (500 m\/s)<\/li>\n<li>Rievotu dizainu samazin\u0101tam stobra spiedienam un palielin\u0101tam \u0101trumam<\/li>\n<li>Termoiztur\u012bgu plastmasas uzgali uzlabotai balistikai un termin\u0101lajam efektam<\/li>\n<li>Kontrol\u0113tu izple\u0161anos efekt\u012bvai ener\u0123ijas p\u0101rnesei un aptur\u0113\u0161anas sp\u0113kam<\/li>\n<li>S\u0113nes veida deform\u0101ciju l\u012bdz divk\u0101r\u0161am kalibra diametram<\/li>\n<li>95%+ masas saglab\u0101\u0161anu norm\u0101los iek\u013c\u016b\u0161anas apst\u0101k\u013cos<\/li>\n<li>Labu ga\u013cas saglab\u0101\u0161anu<\/li>\n<\/ul>\n<p>Fox Classic Hunter mun\u012bcija nodro\u0161ina labu veiktsp\u0113ju un \u0113tisku med\u012b\u0161anu.<\/p>\n<\/div>\n","protected":false},"excerpt":{"rendered":"<p>Bezsvina mun\u012bcija daudzpus\u012bg\u0101m Eiropas med\u012bb\u0101m. Prec\u012bza un efekt\u012bva.<\/p>\n","protected":false},"featured_media":54960,"template":"","meta":{"_acf_changed":false},"product_brand":[11344],"product_cat":[13812,13802,13839],"product_tag":[],"class_list":{"0":"post-54959","1":"product","2":"type-product","3":"status-publish","4":"has-post-thumbnail","6":"product_brand-fox-bullets","7":"product_cat-licencets","8":"product_cat-municija","9":"product_cat-sautenes-municija","11":"first","12":"instock","13":"taxable","14":"shipping-taxable","15":"purchasable","16":"product-type-simple"},"acf":[],"_links":{"self":[{"href":"https:\/\/staging.nbg.eu\/lv\/wp-json\/wp\/v2\/product\/54959","targetHints":{"allow":["GET"]}}],"collection":[{"href":"https:\/\/staging.nbg.eu\/lv\/wp-json\/wp\/v2\/product"}],"about":[{"href":"https:\/\/staging.nbg.eu\/lv\/wp-json\/wp\/v2\/types\/product"}],"wp:featuredmedia":[{"embeddable":true,"href":"https:\/\/staging.nbg.eu\/lv\/wp-json\/wp\/v2\/media\/54960"}],"wp:attachment":[{"href":"https:\/\/staging.nbg.eu\/lv\/wp-json\/wp\/v2\/media?parent=54959"}],"wp:term":[{"taxonomy":"product_brand","embeddable":true,"href":"https:\/\/staging.nbg.eu\/lv\/wp-json\/wp\/v2\/product_brand?post=54959"},{"taxonomy":"product_cat","embeddable":true,"href":"https:\/\/staging.nbg.eu\/lv\/wp-json\/wp\/v2\/product_cat?post=54959"},{"taxonomy":"product_tag","embeddable":true,"href":"https:\/\/staging.nbg.eu\/lv\/wp-json\/wp\/v2\/product_tag?post=54959"}],"curies":[{"name":"wp","href":"https:\/\/api.w.org\/{rel}","templated":true}]}}