{"id":547149,"date":"2025-09-05T18:15:58","date_gmt":"2025-09-05T15:15:58","guid":{"rendered":"https:\/\/staging.nbg.eu\/product\/mount-arta435-34-34mm\/"},"modified":"2025-10-01T11:12:48","modified_gmt":"2025-10-01T08:12:48","slug":"montaza-arta435-34-34mm","status":"publish","type":"product","link":"https:\/\/staging.nbg.eu\/lv\/product\/montaza-arta435-34-34mm\/","title":{"rendered":"Montaza ARTA435-34, 34mm"},"content":{"rendered":"<div class=\"product-description\">\n<h2>XSKEL34TW 2. paaudzes pagarin\u0101tais skeleta 34mm MSR stiprin\u0101jums<\/h2>\n<p>XSKEL34TW 2. paaudze ir pagarin\u0101ts skeleta 34mm MSR stiprin\u0101jums, kas paredz\u0113ts lieto\u0161anai ar AR15, AR10 tipa \u0161auten\u0113m un sporta \u0161auten\u0113m ar 2,75&#8243; vai gar\u0101ku Picatinny sliedi.<\/p>\n<h2>Galven\u0101s \u012bpa\u0161\u012bbas:<\/h2>\n<ul>\n<li>MSR augstums prec\u012bzai sal\u0101go\u0161anai<\/li>\n<li>Vair\u0101k nek\u0101 2 collu priek\u0161\u0113jais izvirz\u012bjums<\/li>\n<li>T\u0113rauda v\u012bt\u0146ot\u0101s ielikt\u0146i skr\u016bv\u0113m<\/li>\n<li>Viegls, bet iztur\u012bgs skeleta dizains<\/li>\n<li>Izgatavots no 6061 alum\u012bnija, izmantojot CNC apstr\u0101di<\/li>\n<li>Viengabala s\u0101nu skavas dizains<\/li>\n<\/ul>\n<p>XSKEL34TW ir paredz\u0113ts liel\u0101kiem un smag\u0101kiem 34mm optiskajiem t\u0113mek\u013ciem, tostarp zema palielin\u0101juma main\u012bgiem optiskajiem t\u0113mek\u013ciem un t\u0101l\u0101s distances optikai ar objekt\u012bviem l\u012bdz 56mm. Tas novieto optiku optim\u0101l\u0101 augstum\u0101 un poz\u012bcij\u0101 uz AR platformas.<\/p>\n<p>Sader\u012bgs ar AR-15, M-4, SR-25, LR308, PTR-91 un citiem MSR ar vismaz 3 collas garu Picatinny sliedi. To izmanto ar\u012b taktiskaj\u0101s sviras darb\u012bbas \u0161auten\u0113s.<\/p>\n<p>XSKEL34TW MSR\/AR stiprin\u0101jumu izmanto 3-gun \u0161\u0101v\u0113ji, sacens\u012bbu \u0161\u0101v\u0113ji un taktiskie entuziasti sacens\u012bb\u0101s, taktiskaj\u0101s misij\u0101s un AR med\u012bb\u0101s.<\/p>\n<p>XSKEL34TW 2. paaudzes pagarin\u0101tais skeleta 34mm MSR stiprin\u0101jums ir viegls un iztur\u012bgs optisk\u0101 t\u0113mek\u013ca stiprin\u0101juma risin\u0101jums.<\/p>\n<\/div>\n","protected":false},"excerpt":{"rendered":"<p>Viegls, iztur\u012bgs 34mm AR t\u0113mek\u013ca stiprin\u0101jums. Ide\u0101ls augstums, 2&#8243; p\u0101rkare.<\/p>\n","protected":false},"featured_media":499253,"template":"","meta":{"_acf_changed":false},"product_brand":[],"product_cat":[13803,13760,13758],"product_tag":[],"class_list":{"0":"post-547149","1":"product","2":"type-product","3":"status-publish","4":"has-post-thumbnail","6":"product_cat-merkesana","7":"product_cat-merkesanas-aksesuari","8":"product_cat-termalie","10":"first","11":"instock","12":"taxable","13":"shipping-taxable","14":"purchasable","15":"product-type-simple"},"acf":[],"_links":{"self":[{"href":"https:\/\/staging.nbg.eu\/lv\/wp-json\/wp\/v2\/product\/547149","targetHints":{"allow":["GET"]}}],"collection":[{"href":"https:\/\/staging.nbg.eu\/lv\/wp-json\/wp\/v2\/product"}],"about":[{"href":"https:\/\/staging.nbg.eu\/lv\/wp-json\/wp\/v2\/types\/product"}],"wp:featuredmedia":[{"embeddable":true,"href":"https:\/\/staging.nbg.eu\/lv\/wp-json\/wp\/v2\/media\/499253"}],"wp:attachment":[{"href":"https:\/\/staging.nbg.eu\/lv\/wp-json\/wp\/v2\/media?parent=547149"}],"wp:term":[{"taxonomy":"product_brand","embeddable":true,"href":"https:\/\/staging.nbg.eu\/lv\/wp-json\/wp\/v2\/product_brand?post=547149"},{"taxonomy":"product_cat","embeddable":true,"href":"https:\/\/staging.nbg.eu\/lv\/wp-json\/wp\/v2\/product_cat?post=547149"},{"taxonomy":"product_tag","embeddable":true,"href":"https:\/\/staging.nbg.eu\/lv\/wp-json\/wp\/v2\/product_tag?post=547149"}],"curies":[{"name":"wp","href":"https:\/\/api.w.org\/{rel}","templated":true}]}}