{"id":546111,"date":"2025-09-05T18:15:45","date_gmt":"2025-09-05T15:15:45","guid":{"rendered":"https:\/\/staging.nbg.eu\/product\/rrs-sc-arc-harris-bipod-adapter-black\/"},"modified":"2025-10-01T10:58:21","modified_gmt":"2025-10-01T07:58:21","slug":"rrs-sc-arc-harris-divkaja-adapters-melns","status":"publish","type":"product","link":"https:\/\/staging.nbg.eu\/lv\/product\/rrs-sc-arc-harris-divkaja-adapters-melns\/","title":{"rendered":"RRS SC-ARC Harris Divkaja Adapters Melns"},"content":{"rendered":"<div class=\"product-description\">\n<h2>RRS SC-ARC Harris Bipod Adapters Melns<\/h2>\n<h2>Harris Bipod Adapters<\/h2>\n<p>RRS SC-ARC Harris Bipod Adapters ir sader\u012bgs ar Harris &#8216;S&#8217; Bipodiem un nodro\u0161ina papildu funkcionalit\u0101ti.<\/p>\n<h3>Galven\u0101s priek\u0161roc\u012bbas:<\/h3>\n<ul>\n<li><strong>\u0100tra apr\u012bkojuma mai\u0146a:<\/strong> \u0100tri p\u0101rejas starp uzst\u0101d\u012bjumiem.<\/li>\n<li><strong>Stabil\u0101ks atbalsts:<\/strong> Liel\u0101ka stabilit\u0101te.<\/li>\n<li><strong>Pla\u0161a sader\u012bba:<\/strong> Darbojas ar RRS skav\u0101m, piem\u0113ram, BTC-Pro un SC-ARC.<\/li>\n<\/ul>\n<p>Harris Bipod Adapters \u013cauj izmantot RRS apr\u012bkojumu.<\/p>\n<h3>Specifik\u0101cijas:<\/h3>\n<table>\n<tr>\n<td><strong>Garums:<\/strong><\/td>\n<td>1,4 collas (35,6 mm)<\/td>\n<\/tr>\n<tr>\n<td><strong>Platums:<\/strong><\/td>\n<td>1,3 collas (33,8 mm)<\/td>\n<\/tr>\n<tr>\n<td><strong>Augstums:<\/strong><\/td>\n<td>1,35 collas (34,3 mm)<\/td>\n<\/tr>\n<tr>\n<td><strong>Svars:<\/strong><\/td>\n<td>1,2 unces (34,7 g)<\/td>\n<\/tr>\n<\/table>\n<p>RRS SC-ARC Harris Bipod Adapters ir paredz\u0113ts Harris &#8216;S&#8217; Bipodu funkcionalit\u0101tes uzlabo\u0161anai, nodro\u0161inot integr\u0101ciju ar RRS skav\u0101m. \u0160is adapters pied\u0101v\u0101 daudzpus\u012bbu un stabilit\u0101ti prec\u012bziem \u0161\u0101vieniem un \u0101trai piel\u0101go\u0161anai.<\/p>\n<\/div>\n","protected":false},"excerpt":{"rendered":"<p>Uzlabojiet stabilit\u0101ti un daudzpus\u012bbu ar \u0161o vieglo Harris Bipod adapteri.<\/p>\n","protected":false},"featured_media":499230,"template":"","meta":{"_acf_changed":false},"product_brand":[],"product_cat":[13820,13827],"product_tag":[],"class_list":{"0":"post-546111","1":"product","2":"type-product","3":"status-publish","4":"has-post-thumbnail","6":"product_cat-divkaji","7":"product_cat-sautene","9":"first","10":"instock","11":"taxable","12":"shipping-taxable","13":"purchasable","14":"product-type-simple"},"acf":[],"_links":{"self":[{"href":"https:\/\/staging.nbg.eu\/lv\/wp-json\/wp\/v2\/product\/546111","targetHints":{"allow":["GET"]}}],"collection":[{"href":"https:\/\/staging.nbg.eu\/lv\/wp-json\/wp\/v2\/product"}],"about":[{"href":"https:\/\/staging.nbg.eu\/lv\/wp-json\/wp\/v2\/types\/product"}],"wp:featuredmedia":[{"embeddable":true,"href":"https:\/\/staging.nbg.eu\/lv\/wp-json\/wp\/v2\/media\/499230"}],"wp:attachment":[{"href":"https:\/\/staging.nbg.eu\/lv\/wp-json\/wp\/v2\/media?parent=546111"}],"wp:term":[{"taxonomy":"product_brand","embeddable":true,"href":"https:\/\/staging.nbg.eu\/lv\/wp-json\/wp\/v2\/product_brand?post=546111"},{"taxonomy":"product_cat","embeddable":true,"href":"https:\/\/staging.nbg.eu\/lv\/wp-json\/wp\/v2\/product_cat?post=546111"},{"taxonomy":"product_tag","embeddable":true,"href":"https:\/\/staging.nbg.eu\/lv\/wp-json\/wp\/v2\/product_tag?post=546111"}],"curies":[{"name":"wp","href":"https:\/\/api.w.org\/{rel}","templated":true}]}}