{"id":546004,"date":"2025-09-05T18:15:44","date_gmt":"2025-09-05T15:15:44","guid":{"rendered":"https:\/\/staging.nbg.eu\/product\/area-419-diving-board-for-tactical-one-piece-scope-mount\/"},"modified":"2025-10-01T10:49:21","modified_gmt":"2025-10-01T07:49:21","slug":"area-419-tramplins-tactical-one-piece-telmera-montazai","status":"publish","type":"product","link":"https:\/\/staging.nbg.eu\/lv\/product\/area-419-tramplins-tactical-one-piece-telmera-montazai\/","title":{"rendered":"AREA 419 TRAMPLINS TACTICAL ONE PIECE TELMERA MONTAZAI"},"content":{"rendered":"<div class=\"product-description\">\n<h2>AREA 419 PAPILDPLATFORMA TAKTISKAJAM VIENGABALA T\u0112MEK\u013bA STIPRIN\u0100JUMAM<\/h2>\n<p>AREA 419 papildplatforma uzlabo j\u016bsu taktisk\u0101 viengabala t\u0113mek\u013ca stiprin\u0101juma funkcionalit\u0101ti.<\/p>\n<h2>Galven\u0101s \u012bpa\u0161\u012bbas:<\/h2>\n<ul>\n<li>Patent\u0113ts divk\u0101r\u0161\u0101s konusa mont\u0101\u017eas punkts dro\u0161ai piestiprin\u0101\u0161anai<\/li>\n<li>Platforma l\u012bme\u0146r\u0101\u017eiem, ballistikas kart\u0113m, sarkanajiem punktiem un l\u0101zera t\u0101lm\u0113riem<\/li>\n<li>Iztur\u012bga un stingra konstrukcija uzlabotai atgrie\u0161anai nulles punkt\u0101<\/li>\n<li>Pieejams standarta un zem\u0101 augstuma variantos<\/li>\n<li>MIL-STD-1913 specifik\u0101cijas sliede (10 sloti standarta, 6 zemajam augstumam)<\/li>\n<li>III tipa melns anod\u0113ts p\u0101rkl\u0101jums<\/li>\n<li>CNC fr\u0113z\u0113ts Amerik\u0101 no amerik\u0101\u0146u 7075 alum\u012bnija<\/li>\n<li>Ieb\u016bv\u0113tas mont\u0101\u017eas skr\u016bves vieglai uzst\u0101d\u012b\u0161anai<\/li>\n<\/ul>\n<p>Izv\u0113lieties starp standarta augstumu (1,11&#8243; augsts, 2,5 unces) vai zemo augstumu (0,70&#8243; augsts, 1,5 unces). Abiem variantiem ir vair\u0101ki 1\/4 x 20 caurumi piederumu mont\u0101\u017eai.<\/p>\n<p>AREA 419 papildplatforma ir piederums j\u016bsu t\u0113mek\u013ca stiprin\u0101jumam.<\/p>\n<\/div>\n","protected":false},"excerpt":{"rendered":"<p>Dro\u0161a, daudzpus\u012bga sliede Taktiskajam Viengabala T\u0113mek\u013ca Stiprin\u0101jumam.<\/p>\n","protected":false},"featured_media":499161,"template":"","meta":{"_acf_changed":false},"product_brand":[11043],"product_cat":[13803,13760],"product_tag":[],"class_list":{"0":"post-546004","1":"product","2":"type-product","3":"status-publish","4":"has-post-thumbnail","6":"product_brand-area-419","7":"product_cat-merkesana","8":"product_cat-merkesanas-aksesuari","10":"first","11":"instock","12":"taxable","13":"shipping-taxable","14":"purchasable","15":"product-type-simple"},"acf":[],"_links":{"self":[{"href":"https:\/\/staging.nbg.eu\/lv\/wp-json\/wp\/v2\/product\/546004","targetHints":{"allow":["GET"]}}],"collection":[{"href":"https:\/\/staging.nbg.eu\/lv\/wp-json\/wp\/v2\/product"}],"about":[{"href":"https:\/\/staging.nbg.eu\/lv\/wp-json\/wp\/v2\/types\/product"}],"wp:featuredmedia":[{"embeddable":true,"href":"https:\/\/staging.nbg.eu\/lv\/wp-json\/wp\/v2\/media\/499161"}],"wp:attachment":[{"href":"https:\/\/staging.nbg.eu\/lv\/wp-json\/wp\/v2\/media?parent=546004"}],"wp:term":[{"taxonomy":"product_brand","embeddable":true,"href":"https:\/\/staging.nbg.eu\/lv\/wp-json\/wp\/v2\/product_brand?post=546004"},{"taxonomy":"product_cat","embeddable":true,"href":"https:\/\/staging.nbg.eu\/lv\/wp-json\/wp\/v2\/product_cat?post=546004"},{"taxonomy":"product_tag","embeddable":true,"href":"https:\/\/staging.nbg.eu\/lv\/wp-json\/wp\/v2\/product_tag?post=546004"}],"curies":[{"name":"wp","href":"https:\/\/api.w.org\/{rel}","templated":true}]}}