{"id":545557,"date":"2025-09-05T18:15:43","date_gmt":"2025-09-05T15:15:43","guid":{"rendered":"https:\/\/staging.nbg.eu\/product\/kmr-baseball-cap\/"},"modified":"2025-10-01T10:40:59","modified_gmt":"2025-10-01T07:40:59","slug":"kmr-beisbola-cepure","status":"publish","type":"product","link":"https:\/\/staging.nbg.eu\/lv\/product\/kmr-beisbola-cepure\/","title":{"rendered":"KMR Beisbola Cepure"},"content":{"rendered":"<h2>KMR beisbola cepure<\/h2>\n<h2>Atsauce: 0380-00501-0000<\/h2>\n<p>KMR Precision Arms sacens\u012bbu cepure. \u0160\u012b beisbola cepure ir paredz\u0113ta lieto\u0161anai \u0161autuv\u0113 vai lauk\u0101. Tai ir KMR logotips. Cepure ir piem\u0113rota \u0161\u0101v\u0113jiem un iero\u010du entuziastiem. Tai ir regul\u0113jama siksna un elpojo\u0161s audums. \u0160is ir KMR aksesu\u0101rs.<\/p>\n","protected":false},"excerpt":{"rendered":"<p>KMR beisbola cepure: Elegants sacens\u012bbu galvassega prec\u012bzajiem \u0161\u0101v\u0113jiem.<\/p>\n","protected":false},"featured_media":499069,"template":"","meta":{"_acf_changed":false},"product_brand":[],"product_cat":[13843],"product_tag":[],"class_list":{"0":"post-545557","1":"product","2":"type-product","3":"status-publish","4":"has-post-thumbnail","6":"product_cat-nekategorizets","8":"first","9":"instock","10":"taxable","11":"shipping-taxable","12":"purchasable","13":"product-type-simple"},"acf":[],"_links":{"self":[{"href":"https:\/\/staging.nbg.eu\/lv\/wp-json\/wp\/v2\/product\/545557","targetHints":{"allow":["GET"]}}],"collection":[{"href":"https:\/\/staging.nbg.eu\/lv\/wp-json\/wp\/v2\/product"}],"about":[{"href":"https:\/\/staging.nbg.eu\/lv\/wp-json\/wp\/v2\/types\/product"}],"wp:featuredmedia":[{"embeddable":true,"href":"https:\/\/staging.nbg.eu\/lv\/wp-json\/wp\/v2\/media\/499069"}],"wp:attachment":[{"href":"https:\/\/staging.nbg.eu\/lv\/wp-json\/wp\/v2\/media?parent=545557"}],"wp:term":[{"taxonomy":"product_brand","embeddable":true,"href":"https:\/\/staging.nbg.eu\/lv\/wp-json\/wp\/v2\/product_brand?post=545557"},{"taxonomy":"product_cat","embeddable":true,"href":"https:\/\/staging.nbg.eu\/lv\/wp-json\/wp\/v2\/product_cat?post=545557"},{"taxonomy":"product_tag","embeddable":true,"href":"https:\/\/staging.nbg.eu\/lv\/wp-json\/wp\/v2\/product_tag?post=545557"}],"curies":[{"name":"wp","href":"https:\/\/api.w.org\/{rel}","templated":true}]}}