{"id":545373,"date":"2025-09-05T18:15:06","date_gmt":"2025-09-05T15:15:06","guid":{"rendered":"https:\/\/staging.nbg.eu\/product\/surefire-csp-09-weaponlight-switch\/"},"modified":"2025-10-01T10:33:05","modified_gmt":"2025-10-01T07:33:05","slug":"surefire-csp-09-ierocju-gaismas-slegis","status":"publish","type":"product","link":"https:\/\/staging.nbg.eu\/lv\/product\/surefire-csp-09-ierocju-gaismas-slegis\/","title":{"rendered":"Surefire CSP-09 Ierocju Gaismas Slegis"},"content":{"rendered":"<div class=\"product-description\">\n<h2>Surefire CSP-09 iero\u010da gaismas sl\u0113dzis<\/h2>\n<h2>Picatinny stiprin\u0101juma t\u0101lvad\u012bbas sl\u0113dzis iero\u010du gaism\u0101m<\/h2>\n<p>Surefire CSP-09 iero\u010da gaismas sl\u0113dzis ir paredz\u0113ts jebkuras SureFire iero\u010da gaismas aktiviz\u0113\u0161anai, kas apr\u012bkota ar sl\u0113d\u017ea ligzdu.<\/p>\n<h3>Galven\u0101s \u012bpa\u0161\u012bbas:<\/h3>\n<ul>\n<li>Divfunkciju sl\u0113dzis \u012bslaic\u012bgai un past\u0101v\u012bgai darb\u012bbai<\/li>\n<li>Viegla uzst\u0101d\u012b\u0161ana uz Picatinny sliedes<\/li>\n<li>Kompakts dizains<\/li>\n<li>Iztur\u012bga polim\u0113ra konstrukcija<\/li>\n<li>9 collu kabelis piem\u0113rots liel\u0101kajai da\u013cai \u0161aute\u0146u\/karab\u012b\u0146u<\/li>\n<\/ul>\n<p>CSP-09 darb\u012bba: viegli nospiediet \u012bslaic\u012bgai aktiviz\u0113\u0161anai vai nospiediet l\u012bdz galam past\u0101v\u012bgai iesl\u0113g\u0161anai. To var uzst\u0101d\u012bt bez instrumentiem uz Picatinny sliedes.<\/p>\n<p>Surefire CSP-09 iero\u010da gaismas sl\u0113dzis ir sader\u012bgs ar vis\u0101m SureFire iero\u010du gaism\u0101m, kur\u0101m ir sl\u0113d\u017ea ligzda.<\/p>\n<\/div>\n","protected":false},"excerpt":{"rendered":"<p>Kompakts t\u0101lvad\u012bbas sl\u0113dzis SureFire iero\u010dlukturu gaism\u0101m. Viegli uzst\u0101d\u0101ms uz Picatinny sliedes.<\/p>\n","protected":false},"featured_media":499046,"template":"","meta":{"_acf_changed":false},"product_brand":[],"product_cat":[13842,13818,13778],"product_tag":[],"class_list":{"0":"post-545373","1":"product","2":"type-product","3":"status-publish","4":"has-post-thumbnail","6":"product_cat-luktura-aksesuari","7":"product_cat-lukturi","8":"product_cat-sautenes-lukturi","10":"first","11":"instock","12":"taxable","13":"shipping-taxable","14":"purchasable","15":"product-type-simple"},"acf":[],"_links":{"self":[{"href":"https:\/\/staging.nbg.eu\/lv\/wp-json\/wp\/v2\/product\/545373","targetHints":{"allow":["GET"]}}],"collection":[{"href":"https:\/\/staging.nbg.eu\/lv\/wp-json\/wp\/v2\/product"}],"about":[{"href":"https:\/\/staging.nbg.eu\/lv\/wp-json\/wp\/v2\/types\/product"}],"wp:featuredmedia":[{"embeddable":true,"href":"https:\/\/staging.nbg.eu\/lv\/wp-json\/wp\/v2\/media\/499046"}],"wp:attachment":[{"href":"https:\/\/staging.nbg.eu\/lv\/wp-json\/wp\/v2\/media?parent=545373"}],"wp:term":[{"taxonomy":"product_brand","embeddable":true,"href":"https:\/\/staging.nbg.eu\/lv\/wp-json\/wp\/v2\/product_brand?post=545373"},{"taxonomy":"product_cat","embeddable":true,"href":"https:\/\/staging.nbg.eu\/lv\/wp-json\/wp\/v2\/product_cat?post=545373"},{"taxonomy":"product_tag","embeddable":true,"href":"https:\/\/staging.nbg.eu\/lv\/wp-json\/wp\/v2\/product_tag?post=545373"}],"curies":[{"name":"wp","href":"https:\/\/api.w.org\/{rel}","templated":true}]}}