{"id":54364,"date":"2024-03-02T07:29:43","date_gmt":"2024-09-13T13:02:08","guid":{"rendered":"https:\/\/staging.nbg.eu\/product\/bore-tech-proof-positive-rifle-jag-multiple-calibers\/"},"modified":"2024-09-13T13:03:14","modified_gmt":"2024-09-13T13:03:14","slug":"bore-tech-proof-positive-sautenes-uzgalis-vairaki-kalibri","status":"publish","type":"product","link":"https:\/\/staging.nbg.eu\/lv\/product\/bore-tech-proof-positive-sautenes-uzgalis-vairaki-kalibri\/","title":{"rendered":"Bore Tech Proof-Positive sautenes uzgalis (vairaki kalibri)"},"content":{"rendered":"<div class=\"product-description\">\n<h2>Bore Tech \u0161autenes stobra t\u012br\u012b\u0161anas uzgalis (Da\u017e\u0101diem kalibriem)<\/h2>\n<p>Bore Tech Proof-Positive \u0161autenes stobra t\u012br\u012b\u0161anas uzga\u013ci nov\u0113r\u0161 nepareizas vara pies\u0101r\u0146ojuma indik\u0101cijas. Tie ir izgatavoti no sakaus\u0113juma bez misi\u0146a, ir dro\u0161i lieto\u0161anai stobr\u0101 un ir iztur\u012bgi. Iez\u012bmes:<\/p>\n<ul>\n<li>Divas 4 kontaktgredzenu kopas lab\u0101kai t\u012br\u012b\u0161anai<\/li>\n<li>Prec\u012bzi izgatavots vienm\u0113r\u012bgam spiedienam<\/li>\n<li>Apgriezt\u0101 konusa dizains stobra gala aizsardz\u012bbai<\/li>\n<\/ul>\n<p>Efekt\u012bv\u0101ka stobru t\u012br\u012b\u0161ana ar maz\u0101ku materi\u0101lu pat\u0113ri\u0146u.<\/p>\n<\/div>\n","protected":false},"excerpt":{"rendered":"<p>Inovat\u012bvs \u0161autenes t\u012br\u012b\u0161anas r\u012bks nov\u0113r\u0161 nepareizas vara net\u012brumu indik\u0101cijas.<\/p>\n","protected":false},"featured_media":54365,"template":"","meta":{"_acf_changed":false},"product_brand":[11156],"product_cat":[13835,13808],"product_tag":[],"class_list":{"0":"post-54364","1":"product","2":"type-product","3":"status-publish","4":"has-post-thumbnail","6":"product_brand-boretech","7":"product_cat-birstes","8":"product_cat-ierocu-tirisana","10":"first","11":"instock","12":"taxable","13":"shipping-taxable","14":"purchasable","15":"product-type-variable","16":"wvs-archive-product-wrapper"},"acf":[],"_links":{"self":[{"href":"https:\/\/staging.nbg.eu\/lv\/wp-json\/wp\/v2\/product\/54364","targetHints":{"allow":["GET"]}}],"collection":[{"href":"https:\/\/staging.nbg.eu\/lv\/wp-json\/wp\/v2\/product"}],"about":[{"href":"https:\/\/staging.nbg.eu\/lv\/wp-json\/wp\/v2\/types\/product"}],"wp:featuredmedia":[{"embeddable":true,"href":"https:\/\/staging.nbg.eu\/lv\/wp-json\/wp\/v2\/media\/54365"}],"wp:attachment":[{"href":"https:\/\/staging.nbg.eu\/lv\/wp-json\/wp\/v2\/media?parent=54364"}],"wp:term":[{"taxonomy":"product_brand","embeddable":true,"href":"https:\/\/staging.nbg.eu\/lv\/wp-json\/wp\/v2\/product_brand?post=54364"},{"taxonomy":"product_cat","embeddable":true,"href":"https:\/\/staging.nbg.eu\/lv\/wp-json\/wp\/v2\/product_cat?post=54364"},{"taxonomy":"product_tag","embeddable":true,"href":"https:\/\/staging.nbg.eu\/lv\/wp-json\/wp\/v2\/product_tag?post=54364"}],"curies":[{"name":"wp","href":"https:\/\/api.w.org\/{rel}","templated":true}]}}