{"id":541231,"date":"2025-09-05T18:09:57","date_gmt":"2025-09-05T15:09:57","guid":{"rendered":"https:\/\/staging.nbg.eu\/product\/ase-utra-borelock-30-338-muzzle-brake-5-8x24-unef\/"},"modified":"2025-09-30T17:55:27","modified_gmt":"2025-09-30T14:55:27","slug":"ase-utra-borelock-30338-dulas-bremze-58x24-unef","status":"publish","type":"product","link":"https:\/\/staging.nbg.eu\/lv\/product\/ase-utra-borelock-30338-dulas-bremze-58x24-unef\/","title":{"rendered":"ASE UTRA BoreLock .30\/.338 dulas bremze 5\/8&#8243;x24 UNEF"},"content":{"rendered":"<h2>ASE UTRA BoreLock .30\/.338 stobra bremze 5\/8&#8243;x24 UNEF<\/h2>\n<p>ASE UTRA BoreLock .30\/.338 stobra bremze (Kods: 365P-AU761). \u0160is divu da\u013cu dizains nodro\u0161ina dro\u0161u, vienk\u0101r\u0161u un \u0101tru uzst\u0101d\u012b\u0161anu bez papl\u0101k\u0161\u0146u vai starplikas nepiecie\u0161am\u012bbas, nodro\u0161inot prec\u012bzu izl\u012bdzin\u0101\u0161anu.<\/p>\n<h2>Galven\u0101s iez\u012bmes:<\/h2>\n<ul>\n<li>Sader\u012bgs ar .30 un .338 kalibra \u0161auten\u0113m<\/li>\n<li>5\/8&#8243;x24 UNEF v\u012btnes solis<\/li>\n<li>Divu da\u013cu BoreLock dizains vieglai uzst\u0101d\u012b\u0161anai<\/li>\n<li>Nav nepiecie\u0161amas papl\u0101ksnes vai starplikas<\/li>\n<li>Prec\u012bza izl\u012bdzin\u0101\u0161ana<\/li>\n<li>Samazina atsitienu un stobra pacel\u0161anos<\/li>\n<\/ul>\n<p>ASE UTRA BoreLock stobra bremze ir paredz\u0113ta lieto\u0161anas \u0113rtumam.<\/p>\n","protected":false},"excerpt":{"rendered":"<p>ASE UTRA BoreLock .30\/.338 stobra bremze: \u0100tra, dro\u0161a uzst\u0101d\u012b\u0161ana bez papl\u0101k\u0161\u0146u nepiecie\u0161am\u012bbas.<\/p>\n","protected":false},"featured_media":498922,"template":"","meta":{"_acf_changed":false},"product_brand":[],"product_cat":[13827,13780,13776,13799],"product_tag":[],"class_list":{"0":"post-541231","1":"product","2":"type-product","3":"status-publish","4":"has-post-thumbnail","6":"product_cat-sautene","7":"product_cat-sautenes-troksnu-slapetaji","8":"product_cat-sautenes-uzlabojumi","9":"product_cat-troksnu-slapetaju-aksesuari","11":"first","12":"instock","13":"taxable","14":"shipping-taxable","15":"purchasable","16":"product-type-simple"},"acf":[],"_links":{"self":[{"href":"https:\/\/staging.nbg.eu\/lv\/wp-json\/wp\/v2\/product\/541231","targetHints":{"allow":["GET"]}}],"collection":[{"href":"https:\/\/staging.nbg.eu\/lv\/wp-json\/wp\/v2\/product"}],"about":[{"href":"https:\/\/staging.nbg.eu\/lv\/wp-json\/wp\/v2\/types\/product"}],"wp:featuredmedia":[{"embeddable":true,"href":"https:\/\/staging.nbg.eu\/lv\/wp-json\/wp\/v2\/media\/498922"}],"wp:attachment":[{"href":"https:\/\/staging.nbg.eu\/lv\/wp-json\/wp\/v2\/media?parent=541231"}],"wp:term":[{"taxonomy":"product_brand","embeddable":true,"href":"https:\/\/staging.nbg.eu\/lv\/wp-json\/wp\/v2\/product_brand?post=541231"},{"taxonomy":"product_cat","embeddable":true,"href":"https:\/\/staging.nbg.eu\/lv\/wp-json\/wp\/v2\/product_cat?post=541231"},{"taxonomy":"product_tag","embeddable":true,"href":"https:\/\/staging.nbg.eu\/lv\/wp-json\/wp\/v2\/product_tag?post=541231"}],"curies":[{"name":"wp","href":"https:\/\/api.w.org\/{rel}","templated":true}]}}