{"id":540951,"date":"2025-09-05T18:09:45","date_gmt":"2025-09-05T15:09:45","guid":{"rendered":"https:\/\/staging.nbg.eu\/product\/dillon-xl650-xl750-conversion-kit-cal-308-30-6\/"},"modified":"2025-09-30T17:30:26","modified_gmt":"2025-09-30T14:30:26","slug":"dillon-xl650-xl750-parslegsanas-komplekts-kal-30830-6","status":"publish","type":"product","link":"https:\/\/staging.nbg.eu\/lv\/product\/dillon-xl650-xl750-parslegsanas-komplekts-kal-30830-6\/","title":{"rendered":"Dillon XL650 \/ XL750 Parslegsanas komplekts &#8211; Kal. .308\/30-6"},"content":{"rendered":"<h2>Dillon XL650\/750 p\u0101rveido\u0161anas komplekts .308 Win<\/h2>\n<p>Dillon XL650\/750 p\u0101rveido\u0161anas komplekts .308 Winchester. \u0160is komplekts ir sader\u012bgs ar j\u016bsu eso\u0161o Dillon XL650 vai XL750 p\u0101rl\u0101d\u0113\u0161anas presi.<\/p>\n<h2>Galven\u0101s iez\u012bmes:<\/h2>\n<ul>\n<li><strong>Progres\u012bv\u0101s preses integr\u0101cija:<\/strong> P\u0101rveido j\u016bsu XL650 vai XL750, lai iel\u0101d\u0113tu .308 Winchester \u0161autri\u0146u patronas.<\/li>\n<li><strong>Liela apjoma piel\u0101gojam\u012bba:<\/strong> Paredz\u0113ts efekt\u012bvai ra\u017eo\u0161anai, \u013caujot \u0101tri main\u012bt kalibru bez atsevi\u0161\u0137as preses.<\/li>\n<li><strong>Iztur\u012bga konstrukcija:<\/strong> Izgatavots no iztur\u012bgiem materi\u0101liem.<\/li>\n<li><strong>\u0112rts dizains:<\/strong> Viegla uzst\u0101d\u012b\u0161ana un no\u0146em\u0161ana \u0101trai kalibra mai\u0146ai.<\/li>\n<\/ul>\n<h2>Komplekt\u0101 ietilpst:<\/h2>\n<ul>\n<li>\u012apa\u0161a \u010daul\u012btes pl\u0101ksne .308 Win patronu tur\u0113\u0161anai<\/li>\n<li>Atbilsto\u0161as pulvera piltuves<\/li>\n<li>Prec\u012bzi izm\u0113roti lokalizatora pogas pareizam patronas novietojumam<\/li>\n<\/ul>\n<p>Ra\u017eots ASV, \u0161is komplekts izmanto XL650\/750 vair\u0101kstaciju dizainu, ra\u017eojot lielu daudzumu .308 Winchester mun\u012bcijas ar vienu roktura vilcienu. Piem\u0113rots medniekiem, sacens\u012bbu \u0161\u0101v\u0113jiem un p\u0101rl\u0101d\u0113t\u0101jiem.<\/p>\n<h2>Specifik\u0101cijas:<\/h2>\n<ul>\n<li><strong>Ra\u017eot\u0101js:<\/strong> Dillon Precision<\/li>\n<li><strong>Garantija:<\/strong> 2 gadi<\/li>\n<li><strong>Piem\u0113rotie kalibri:<\/strong> .308 Winchester, 7.62x51mm<\/li>\n<\/ul>\n<p>Uzlabojiet savu p\u0101rl\u0101d\u0113\u0161anas apr\u012bkojumu ar Dillon XL650\/750 p\u0101rveido\u0161anas komplektu.<\/p>\n","protected":false},"excerpt":{"rendered":"<p>P\u0101rveidojiet XL650\/750 uz .308 Win: \u0100tra, prec\u012bza, iztur\u012bga patronu p\u0101rl\u0101d\u0113\u0161ana.<\/p>\n","protected":false},"featured_media":498805,"template":"","meta":{"_acf_changed":false},"product_brand":[],"product_cat":[13823,13795],"product_tag":[],"class_list":{"0":"post-540951","1":"product","2":"type-product","3":"status-publish","4":"has-post-thumbnail","6":"product_cat-parladesana","7":"product_cat-parladesanas-masinas","9":"first","10":"instock","11":"taxable","12":"shipping-taxable","13":"purchasable","14":"product-type-simple"},"acf":[],"_links":{"self":[{"href":"https:\/\/staging.nbg.eu\/lv\/wp-json\/wp\/v2\/product\/540951","targetHints":{"allow":["GET"]}}],"collection":[{"href":"https:\/\/staging.nbg.eu\/lv\/wp-json\/wp\/v2\/product"}],"about":[{"href":"https:\/\/staging.nbg.eu\/lv\/wp-json\/wp\/v2\/types\/product"}],"wp:featuredmedia":[{"embeddable":true,"href":"https:\/\/staging.nbg.eu\/lv\/wp-json\/wp\/v2\/media\/498805"}],"wp:attachment":[{"href":"https:\/\/staging.nbg.eu\/lv\/wp-json\/wp\/v2\/media?parent=540951"}],"wp:term":[{"taxonomy":"product_brand","embeddable":true,"href":"https:\/\/staging.nbg.eu\/lv\/wp-json\/wp\/v2\/product_brand?post=540951"},{"taxonomy":"product_cat","embeddable":true,"href":"https:\/\/staging.nbg.eu\/lv\/wp-json\/wp\/v2\/product_cat?post=540951"},{"taxonomy":"product_tag","embeddable":true,"href":"https:\/\/staging.nbg.eu\/lv\/wp-json\/wp\/v2\/product_tag?post=540951"}],"curies":[{"name":"wp","href":"https:\/\/api.w.org\/{rel}","templated":true}]}}