{"id":540834,"date":"2025-09-05T18:09:45","date_gmt":"2025-09-05T15:09:45","guid":{"rendered":"https:\/\/staging.nbg.eu\/product\/bullet-berger-cal-6-5-creedmoor-elite-hunter-140gr-100pcs\/"},"modified":"2025-09-30T17:22:31","modified_gmt":"2025-09-30T14:22:31","slug":"lode-berger-kal-65-creedmoor-elite-hunter-140gr100gab","status":"publish","type":"product","link":"https:\/\/staging.nbg.eu\/lv\/product\/lode-berger-kal-65-creedmoor-elite-hunter-140gr100gab\/","title":{"rendered":"Lode Berger kal. 6.5 Creedmoor Elite Hunter 140gr.\/100gab."},"content":{"rendered":"<h2>Lodes Berger kal. 6.5 Creedmoor Elite Hunter 140gr.\/100gab.<\/h2>\n<p>Berger 6.5 Creedmoor 140 gr\u0101nu Elite Hunter \u0161autenes mun\u012bcija. Paredz\u0113ta vid\u0113ja izm\u0113ra med\u012bjumiem, \u0161\u012b lode pied\u0101v\u0101:<\/p>\n<ul>\n<li><strong>Konsekvence:<\/strong> Izmanto J4 Precision Bullet Jackets ar +\/-.0003&#8243; kop\u0113jo nor\u0101d\u012bto nob\u012bdi (TIR)<\/li>\n<li><strong>Hibr\u012bda ogive:<\/strong> Apvieno tangenta un sekanta deguna formas<\/li>\n<li><strong>Konsekventais kodols:<\/strong> Nodro\u0161ina uzticamu kritumu un konsekventu BC<\/li>\n<li><strong>Laivas astes dizains:<\/strong> Nodro\u0161ina aerodinamisko priek\u0161roc\u012bbu liel\u0101kos att\u0101lumos<\/li>\n<li><strong>J4 med\u012bbu apvalks:<\/strong> \u013bauj 2-3&#8243; iek\u013c\u016b\u0161anu pirms \u0101tr\u0101s izple\u0161an\u0101s<\/li>\n<\/ul>\n<p>Piem\u0113rots sacens\u012bbu \u0161au\u0161anai un med\u012bb\u0101m. 6.5 Creedmoor Elite Hunter pied\u0101v\u0101 \u0101r\u0113jo balistiku, termin\u0101lo veiktsp\u0113ju un optim\u0101lu atsitienu. Ar G1 BC 0.606 un stobra \u0101trumu 2750 p\u0113das sekund\u0113, \u0161\u012b mun\u012bcija nodro\u0161ina precizit\u0101ti lielos att\u0101lumos.<\/p>\n<p>Specifik\u0101cijas:<\/p>\n<ul>\n<li>Svars: 140 gr\u0101ni<\/li>\n<li>G7 BC: 0.31<\/li>\n<li>Minim\u0101l\u0101 v\u012btne: 1:8&#8243; vai \u0101tr\u0101ka<\/li>\n<li>Maksim\u0101lais COAL: 2.825&#8243;<\/li>\n<li>Stobra ener\u0123ija: 2351 p\u0113du-m\u0101rci\u0146as<\/li>\n<\/ul>\n<p>Izv\u0113lieties Berger Elite Hunter savai n\u0101kamajai med\u012bbu eksped\u012bcijai vai sacens\u012bbu \u0161au\u0161anai.<\/p>\n","protected":false},"excerpt":{"rendered":"<p>Elite Hunter 6.5 Creedmoor: Prec\u012bza, uzticama 140 gr\u0101nu lode vid\u0113ja izm\u0113ra med\u012bjumiem.<\/p>\n","protected":false},"featured_media":498852,"template":"","meta":{"_acf_changed":false},"product_brand":[],"product_cat":[13802,13823],"product_tag":[],"class_list":{"0":"post-540834","1":"product","2":"type-product","3":"status-publish","4":"has-post-thumbnail","6":"product_cat-municija","7":"product_cat-parladesana","9":"first","10":"instock","11":"taxable","12":"shipping-taxable","13":"product-type-simple"},"acf":[],"_links":{"self":[{"href":"https:\/\/staging.nbg.eu\/lv\/wp-json\/wp\/v2\/product\/540834","targetHints":{"allow":["GET"]}}],"collection":[{"href":"https:\/\/staging.nbg.eu\/lv\/wp-json\/wp\/v2\/product"}],"about":[{"href":"https:\/\/staging.nbg.eu\/lv\/wp-json\/wp\/v2\/types\/product"}],"wp:featuredmedia":[{"embeddable":true,"href":"https:\/\/staging.nbg.eu\/lv\/wp-json\/wp\/v2\/media\/498852"}],"wp:attachment":[{"href":"https:\/\/staging.nbg.eu\/lv\/wp-json\/wp\/v2\/media?parent=540834"}],"wp:term":[{"taxonomy":"product_brand","embeddable":true,"href":"https:\/\/staging.nbg.eu\/lv\/wp-json\/wp\/v2\/product_brand?post=540834"},{"taxonomy":"product_cat","embeddable":true,"href":"https:\/\/staging.nbg.eu\/lv\/wp-json\/wp\/v2\/product_cat?post=540834"},{"taxonomy":"product_tag","embeddable":true,"href":"https:\/\/staging.nbg.eu\/lv\/wp-json\/wp\/v2\/product_tag?post=540834"}],"curies":[{"name":"wp","href":"https:\/\/api.w.org\/{rel}","templated":true}]}}