{"id":54044,"date":"2024-03-02T10:05:47","date_gmt":"2024-09-13T12:58:06","guid":{"rendered":"https:\/\/staging.nbg.eu\/product\/bore-tech-proof-positive-shotgun-jag-12-16-20-ga\/"},"modified":"2024-09-13T12:59:01","modified_gmt":"2024-09-13T12:59:01","slug":"bore-tech-proof-positive-sautenu-uzgalis-121620-ga","status":"publish","type":"product","link":"https:\/\/staging.nbg.eu\/lv\/product\/bore-tech-proof-positive-sautenu-uzgalis-121620-ga\/","title":{"rendered":"Bore Tech Proof-Positive sautenu uzgalis (12\/16\/20 GA)"},"content":{"rendered":"<div class=\"product-description\">\n<h2>Bore Tech \u0161autenes stobra t\u012br\u012b\u0161anas uzgalis (12\/16\/20 kalibrs)<\/h2>\n<p>Bore Tech patent\u0113tais uzgalis \u0161autenes t\u012br\u012b\u0161anai. \u012apa\u0161\u012bbas:<\/p>\n<ul>\n<li>4 elast\u012bgi izvirz\u012bjumi piln\u012bgai piel\u0101go\u0161anai stobr\u0101<\/li>\n<li>Izgatavots no iztur\u012bga neilona<\/li>\n<li>Saspiedas, lai izietu cauri \u010dokam<\/li>\n<li>Der standarta 5\/16-27 v\u012bt\u0146otiem stie\u0146iem<\/li>\n<\/ul>\n<p>Paredz\u0113ts \u0161autenes apkopei. Noder\u012bgs \u0161aute\u0146u \u012bpa\u0161niekiem.<\/p>\n<p><strong>Cena: 14.99 \u20ac<\/strong><\/p>\n<\/div>\n","protected":false},"excerpt":{"rendered":"<p>Elast\u012bgs 4 lapu t\u012br\u012bt\u0101js efekt\u012bvai bises t\u012br\u012b\u0161anai. Saudz\u012bgs pret \u010doku.<\/p>\n","protected":false},"featured_media":54045,"template":"","meta":{"_acf_changed":false},"product_brand":[11156],"product_cat":[13835,13808],"product_tag":[],"class_list":{"0":"post-54044","1":"product","2":"type-product","3":"status-publish","4":"has-post-thumbnail","6":"product_brand-boretech","7":"product_cat-birstes","8":"product_cat-ierocu-tirisana","10":"first","11":"instock","12":"taxable","13":"shipping-taxable","14":"purchasable","15":"product-type-variable","16":"wvs-archive-product-wrapper"},"acf":[],"_links":{"self":[{"href":"https:\/\/staging.nbg.eu\/lv\/wp-json\/wp\/v2\/product\/54044","targetHints":{"allow":["GET"]}}],"collection":[{"href":"https:\/\/staging.nbg.eu\/lv\/wp-json\/wp\/v2\/product"}],"about":[{"href":"https:\/\/staging.nbg.eu\/lv\/wp-json\/wp\/v2\/types\/product"}],"wp:featuredmedia":[{"embeddable":true,"href":"https:\/\/staging.nbg.eu\/lv\/wp-json\/wp\/v2\/media\/54045"}],"wp:attachment":[{"href":"https:\/\/staging.nbg.eu\/lv\/wp-json\/wp\/v2\/media?parent=54044"}],"wp:term":[{"taxonomy":"product_brand","embeddable":true,"href":"https:\/\/staging.nbg.eu\/lv\/wp-json\/wp\/v2\/product_brand?post=54044"},{"taxonomy":"product_cat","embeddable":true,"href":"https:\/\/staging.nbg.eu\/lv\/wp-json\/wp\/v2\/product_cat?post=54044"},{"taxonomy":"product_tag","embeddable":true,"href":"https:\/\/staging.nbg.eu\/lv\/wp-json\/wp\/v2\/product_tag?post=54044"}],"curies":[{"name":"wp","href":"https:\/\/api.w.org\/{rel}","templated":true}]}}