{"id":539562,"date":"2025-09-05T17:38:18","date_gmt":"2025-09-05T14:38:18","guid":{"rendered":"https:\/\/staging.nbg.eu\/product\/or-leupold-delta-point-mounting-kit-for-l-02-w-02-steel-black\/"},"modified":"2025-09-30T14:24:18","modified_gmt":"2025-09-30T11:24:18","slug":"or-leupold-delta-point-montazas-komplekts-prieksh-l-02-w-02-terauds-melns","status":"publish","type":"product","link":"https:\/\/staging.nbg.eu\/lv\/product\/or-leupold-delta-point-montazas-komplekts-prieksh-l-02-w-02-terauds-melns\/","title":{"rendered":"OR LEUPOLD DELTA POINT MONTAZAS KOMPLEKTS PRIEKSH L-02, W-02, TERAUDS MELNS"},"content":{"rendered":"<div class=\"product-description\">\n<h2>OR LEUPOLD DELTA POINT PRO MONT\u0100\u017dAS KOMPLEKTS LW64<\/h2>\n<p><strong>Atsauce:<\/strong> 0091-01207-0001<\/p>\n<p><strong>Z\u012bmols:<\/strong> KMR Precision Arms<\/p>\n<h2>Apraksts<\/h2>\n<p>OR LEUPOLD DELTA POINT PRO MONT\u0100\u017dAS KOMPLEKTS LW64 paredz\u0113ts KMR L-02 vai W-02 pistol\u0113m. \u0160\u012b pamatne ir izstr\u0101d\u0101ta optikai gataviem (OR) KMR L-02 un W-02 pisto\u013cu mode\u013ciem, kas atbilst Leupold DeltaPoint Pro izm\u0113riem.<\/p>\n<h2>Produkta inform\u0101cija<\/h2>\n<ul>\n<li>Materi\u0101ls: T\u0113rauds<\/li>\n<li>Kr\u0101sa: Melna<\/li>\n<li>Iek\u013cauj divas M4 uzst\u0101d\u012b\u0161anas skr\u016bves<\/li>\n<\/ul>\n<h2>Uzst\u0101d\u012b\u0161ana<\/h2>\n<ol>\n<li>Atskr\u016bv\u0113jiet ori\u0123in\u0101lo pamatni no pistoles<\/li>\n<li>R\u016bp\u012bgi not\u012briet pamatnes mont\u0101\u017eas vietu<\/li>\n<li>Uzst\u0101diet jauno pamatni<\/li>\n<li>Pievelciet divas iek\u013caut\u0101s M4 skr\u016bves, izmantojot v\u012bt\u0146u fiksatoru<\/li>\n<\/ol>\n<p><strong>Svar\u012bgi:<\/strong> NELIETOJIET SARKANO LOCTITE!<\/p>\n<h2>Sader\u012bgie sarkan\u0101 punkta t\u0113mek\u013ci<\/h2>\n<p>\u0160is mont\u0101\u017eas komplekts ir sader\u012bgs ar da\u017e\u0101diem sarkan\u0101 punkta t\u0113mek\u013ciem, kas atbilst Leupold DeltaPoint Pro mont\u0101\u017eas standartam, tostarp:<\/p>\n<ul>\n<li>Leupold DeltaPoint Pro<\/li>\n<li>Vortex Defender XL<\/li>\n<li>Eotech Eflx<\/li>\n<li>Holosun SCS 320<\/li>\n<li>Un daudziem citiem<\/li>\n<\/ul>\n<p>\u0160is mont\u0101\u017eas komplekts \u013cauj pievienot j\u016bsu izv\u0113l\u0113to sarkan\u0101 punkta t\u0113mekli KMR L-02 vai W-02 pistolei, lai uzlabotu precizit\u0101ti un m\u0113r\u0137a noteik\u0161anu.<\/p>\n<\/div>\n","protected":false},"excerpt":{"rendered":"<p>T\u0113rauda pamatpl\u0101tne KMR L-02\/W-02 pistol\u0113m, piem\u0113rota DeltaPoint Pro optikai<\/p>\n","protected":false},"featured_media":497551,"template":"","meta":{"_acf_changed":false},"product_brand":[11512],"product_cat":[13779],"product_tag":[],"class_list":{"0":"post-539562","1":"product","2":"type-product","3":"status-publish","4":"has-post-thumbnail","6":"product_brand-kmr-precision","7":"product_cat-kmr-detalas","9":"first","10":"instock","11":"taxable","12":"shipping-taxable","13":"purchasable","14":"product-type-simple"},"acf":[],"_links":{"self":[{"href":"https:\/\/staging.nbg.eu\/lv\/wp-json\/wp\/v2\/product\/539562","targetHints":{"allow":["GET"]}}],"collection":[{"href":"https:\/\/staging.nbg.eu\/lv\/wp-json\/wp\/v2\/product"}],"about":[{"href":"https:\/\/staging.nbg.eu\/lv\/wp-json\/wp\/v2\/types\/product"}],"wp:featuredmedia":[{"embeddable":true,"href":"https:\/\/staging.nbg.eu\/lv\/wp-json\/wp\/v2\/media\/497551"}],"wp:attachment":[{"href":"https:\/\/staging.nbg.eu\/lv\/wp-json\/wp\/v2\/media?parent=539562"}],"wp:term":[{"taxonomy":"product_brand","embeddable":true,"href":"https:\/\/staging.nbg.eu\/lv\/wp-json\/wp\/v2\/product_brand?post=539562"},{"taxonomy":"product_cat","embeddable":true,"href":"https:\/\/staging.nbg.eu\/lv\/wp-json\/wp\/v2\/product_cat?post=539562"},{"taxonomy":"product_tag","embeddable":true,"href":"https:\/\/staging.nbg.eu\/lv\/wp-json\/wp\/v2\/product_tag?post=539562"}],"curies":[{"name":"wp","href":"https:\/\/api.w.org\/{rel}","templated":true}]}}