{"id":538944,"date":"2025-09-05T17:38:05","date_gmt":"2025-09-05T14:38:05","guid":{"rendered":"https:\/\/staging.nbg.eu\/product\/ar-15-bolt-catch-roll-pin\/"},"modified":"2025-09-30T13:40:00","modified_gmt":"2025-09-30T10:40:00","slug":"ar-15-aizvara-atverama-rullo-taps","status":"publish","type":"product","link":"https:\/\/staging.nbg.eu\/lv\/product\/ar-15-aizvara-atverama-rullo-taps\/","title":{"rendered":"AR-15 AIZVARA ATVERAMA RULLO TAPS"},"content":{"rendered":"<div class=\"product-description\">\n<h2>AR-15 aiztura tapas spraudnis<\/h2>\n<p>AR-15 aiztura tapas spraudnis. Ra\u017eots ASV, \u0161\u012b deta\u013ca nodro\u0161ina \u0161aujamiero\u010da darb\u012bbu.<\/p>\n<ul>\n<li><strong>Brownells Nr.:<\/strong> 100044599<\/li>\n<li><strong>Ra\u017eot\u0101ja Nr.:<\/strong> 55CA547<\/li>\n<li><strong>UPC:<\/strong> 810046231234<\/li>\n<li><strong>Piem\u0113rots modelim:<\/strong> AR-15 Univers\u0101ls<\/li>\n<\/ul>\n<p>\u0160is spraudnis ir paredz\u0113ts univers\u0101lai lieto\u0161anai AR-15 platform\u0101s. Tas ir izstr\u0101d\u0101ts, lai atbilstu kvalit\u0101tes standartiem un nodro\u0161in\u0101tu savienojumu aiztura mezglam.<\/p>\n<\/div>\n","protected":false},"excerpt":{"rendered":"<p>ASV ra\u017eota AR-15 aiztura tapas rull\u012b\u0161veida tapa. B\u016btiska aiztura uzst\u0101d\u012b\u0161anai.<\/p>\n","protected":false},"featured_media":497321,"template":"","meta":{"_acf_changed":false},"product_brand":[],"product_cat":[13827,13776],"product_tag":[],"class_list":{"0":"post-538944","1":"product","2":"type-product","3":"status-publish","4":"has-post-thumbnail","6":"product_cat-sautene","7":"product_cat-sautenes-uzlabojumi","9":"first","10":"instock","11":"taxable","12":"shipping-taxable","13":"purchasable","14":"product-type-simple"},"acf":[],"_links":{"self":[{"href":"https:\/\/staging.nbg.eu\/lv\/wp-json\/wp\/v2\/product\/538944","targetHints":{"allow":["GET"]}}],"collection":[{"href":"https:\/\/staging.nbg.eu\/lv\/wp-json\/wp\/v2\/product"}],"about":[{"href":"https:\/\/staging.nbg.eu\/lv\/wp-json\/wp\/v2\/types\/product"}],"wp:featuredmedia":[{"embeddable":true,"href":"https:\/\/staging.nbg.eu\/lv\/wp-json\/wp\/v2\/media\/497321"}],"wp:attachment":[{"href":"https:\/\/staging.nbg.eu\/lv\/wp-json\/wp\/v2\/media?parent=538944"}],"wp:term":[{"taxonomy":"product_brand","embeddable":true,"href":"https:\/\/staging.nbg.eu\/lv\/wp-json\/wp\/v2\/product_brand?post=538944"},{"taxonomy":"product_cat","embeddable":true,"href":"https:\/\/staging.nbg.eu\/lv\/wp-json\/wp\/v2\/product_cat?post=538944"},{"taxonomy":"product_tag","embeddable":true,"href":"https:\/\/staging.nbg.eu\/lv\/wp-json\/wp\/v2\/product_tag?post=538944"}],"curies":[{"name":"wp","href":"https:\/\/api.w.org\/{rel}","templated":true}]}}