{"id":538316,"date":"2025-09-05T17:34:38","date_gmt":"2025-09-05T14:34:38","guid":{"rendered":"https:\/\/staging.nbg.eu\/product\/pistol-cz-shadow-2-orange-cal-9h19\/"},"modified":"2025-09-30T12:41:27","modified_gmt":"2025-09-30T09:41:27","slug":"pistole-cz-shadow-2-orange-kal9x19","status":"publish","type":"product","link":"https:\/\/staging.nbg.eu\/lv\/product\/pistole-cz-shadow-2-orange-kal9x19\/","title":{"rendered":"Pistole CZ Shadow 2 Orange kal.9&#215;19"},"content":{"rendered":"<div class=\"product-description\">\n<h2>CZ Shadow 2 Orange<\/h2>\n<p>CZ Shadow 2 Orange ir paredz\u0113ts sacens\u012bbu \u0161\u0101v\u0113jiem un entuziastiem.<\/p>\n<h2>Precizit\u0101te<\/h2>\n<ul>\n<li>R\u016bpn\u012bcas stobra ieliktnis<\/li>\n<li>R\u016bpn\u012bcas piel\u0101gots m\u0113l\u012btis<\/li>\n<li>Piel\u0101gots sl\u012bdnis un r\u0101mis<\/li>\n<\/ul>\n<h2>Dizains<\/h2>\n<ul>\n<li>Speci\u0101li rokturi un magaz\u012bnas pamatnes<\/li>\n<li>Izteikta magaz\u012bnas atbr\u012bvo\u0161anas poga<\/li>\n<li>Main\u0101ma, regul\u0113jama pagarin\u0101ta magaz\u012bnas atbr\u012bvo\u0161anas poga ar trim iestat\u012bjumiem<\/li>\n<\/ul>\n<h2>Iztur\u012bba<\/h2>\n<ul>\n<li>Nitr\u012bda apdare<\/li>\n<li>Papildu melna polimerkl\u0101juma p\u0101rkl\u0101jums uz t\u0113rauda r\u0101mja<\/li>\n<li>Pl\u0101ni alum\u012bnija rokturi ar rievojumu<\/li>\n<\/ul>\n<h2>T\u0113m\u0113\u0161anas sist\u0113ma<\/h2>\n<ul>\n<li>Optisk\u0101s \u0161\u0137iedras priek\u0161\u0113jais t\u0113meklis<\/li>\n<li>Regul\u0113jams HAJO aizmugur\u0113jais t\u0113meklis<\/li>\n<\/ul>\n<h2>Specifik\u0101cijas<\/h2>\n<ul>\n<li>Kalibrs: 9mm Luger<\/li>\n<li>Magaz\u012bnas ietilp\u012bba: 17+1 patronas<\/li>\n<li>R\u0101mja materi\u0101ls: T\u0113rauds<\/li>\n<li>M\u0113l\u012b\u0161a meh\u0101nisms: SA\/DA<\/li>\n<li>Stobrs: Auksti kalts, 124,2 mm<\/li>\n<li>Svars: 1318 grami<\/li>\n<li>Kop\u0113jais garums: 216,7 mm<\/li>\n<\/ul>\n<p>CZ Shadow 2 Orange ir paredz\u0113ts sacens\u012bb\u0101m un pied\u0101v\u0101 uzlabotu precizit\u0101ti, piel\u0101gojamas funkcijas un iztur\u012bgu konstrukciju.<\/p>\n<\/div>\n","protected":false},"excerpt":{"rendered":"<p>Prec\u012bzi izstr\u0101d\u0101ts 9mm pistole sacens\u012bbu \u0161\u0101v\u0113jiem. Augst\u0101k\u0101 l\u012bme\u0146a veiktsp\u0113ja.<\/p>\n","protected":false},"featured_media":497137,"template":"","meta":{"_acf_changed":false},"product_brand":[],"product_cat":[13784,13774],"product_tag":[],"class_list":{"0":"post-538316","1":"product","2":"type-product","3":"status-publish","4":"has-post-thumbnail","6":"product_cat-pistole","7":"product_cat-pistoles","9":"first","10":"instock","11":"taxable","12":"shipping-taxable","13":"purchasable","14":"product-type-simple"},"acf":[],"_links":{"self":[{"href":"https:\/\/staging.nbg.eu\/lv\/wp-json\/wp\/v2\/product\/538316","targetHints":{"allow":["GET"]}}],"collection":[{"href":"https:\/\/staging.nbg.eu\/lv\/wp-json\/wp\/v2\/product"}],"about":[{"href":"https:\/\/staging.nbg.eu\/lv\/wp-json\/wp\/v2\/types\/product"}],"wp:featuredmedia":[{"embeddable":true,"href":"https:\/\/staging.nbg.eu\/lv\/wp-json\/wp\/v2\/media\/497137"}],"wp:attachment":[{"href":"https:\/\/staging.nbg.eu\/lv\/wp-json\/wp\/v2\/media?parent=538316"}],"wp:term":[{"taxonomy":"product_brand","embeddable":true,"href":"https:\/\/staging.nbg.eu\/lv\/wp-json\/wp\/v2\/product_brand?post=538316"},{"taxonomy":"product_cat","embeddable":true,"href":"https:\/\/staging.nbg.eu\/lv\/wp-json\/wp\/v2\/product_cat?post=538316"},{"taxonomy":"product_tag","embeddable":true,"href":"https:\/\/staging.nbg.eu\/lv\/wp-json\/wp\/v2\/product_tag?post=538316"}],"curies":[{"name":"wp","href":"https:\/\/api.w.org\/{rel}","templated":true}]}}