{"id":53799,"date":"2024-03-04T08:23:25","date_gmt":"2024-09-13T12:54:15","guid":{"rendered":"https:\/\/staging.nbg.eu\/product\/bore-tech-bronze-rifle-brush-3-pack-multiple-calibers\/"},"modified":"2024-09-13T12:55:17","modified_gmt":"2024-09-13T12:55:17","slug":"bore-tech-bronzas-sautenes-suka-3-gab-vairaki-kalibri","status":"publish","type":"product","link":"https:\/\/staging.nbg.eu\/lv\/product\/bore-tech-bronzas-sautenes-suka-3-gab-vairaki-kalibri\/","title":{"rendered":"Bore Tech bronzas sautenes suka (3 gab., vairaki kalibri)"},"content":{"rendered":"<p>\nBore Tech bronzas \u0161autenes birste ir izgatavota ar uzlabotu konstrukciju un in\u017eeniertehnisk\u0101m \u012bpa\u0161\u012bb\u0101m. T\u0101 satur divreiz vair\u0101k fosfora bronzas saru efekt\u012bv\u0101kai t\u012br\u012b\u0161anai un pied\u0101v\u0101:<\/p>\n<ul>\n<li>Cilpveida, divk\u0101r\u0161i sat\u012btu serdi stobra dro\u0161\u012bbai<\/li>\n<li>Avi\u0101cijas klases alum\u012bnija tapas<\/li>\n<li>Kalibram atbilsto\u0161us saru diametrus<\/li>\n<li>Pieejama kalibriem no .17 l\u012bdz .50<\/li>\n<\/ul>\n<p>Bore Tech augstas kvalit\u0101tes birstes nodro\u0161ina \u0101tr\u0101ku un efekt\u012bv\u0101ku t\u012br\u012b\u0161anu.<\/p>\n","protected":false},"excerpt":{"rendered":"<p>Augstas kvalit\u0101tes bronzas \u0161autenes birste efekt\u012bvai un dro\u0161ai stobra t\u012br\u012b\u0161anai.<\/p>\n","protected":false},"featured_media":53800,"template":"","meta":{"_acf_changed":false},"product_brand":[11156],"product_cat":[13835,13808],"product_tag":[],"class_list":{"0":"post-53799","1":"product","2":"type-product","3":"status-publish","4":"has-post-thumbnail","6":"product_brand-boretech","7":"product_cat-birstes","8":"product_cat-ierocu-tirisana","10":"first","11":"instock","12":"taxable","13":"shipping-taxable","14":"purchasable","15":"product-type-variable","16":"wvs-archive-product-wrapper"},"acf":[],"_links":{"self":[{"href":"https:\/\/staging.nbg.eu\/lv\/wp-json\/wp\/v2\/product\/53799","targetHints":{"allow":["GET"]}}],"collection":[{"href":"https:\/\/staging.nbg.eu\/lv\/wp-json\/wp\/v2\/product"}],"about":[{"href":"https:\/\/staging.nbg.eu\/lv\/wp-json\/wp\/v2\/types\/product"}],"wp:featuredmedia":[{"embeddable":true,"href":"https:\/\/staging.nbg.eu\/lv\/wp-json\/wp\/v2\/media\/53800"}],"wp:attachment":[{"href":"https:\/\/staging.nbg.eu\/lv\/wp-json\/wp\/v2\/media?parent=53799"}],"wp:term":[{"taxonomy":"product_brand","embeddable":true,"href":"https:\/\/staging.nbg.eu\/lv\/wp-json\/wp\/v2\/product_brand?post=53799"},{"taxonomy":"product_cat","embeddable":true,"href":"https:\/\/staging.nbg.eu\/lv\/wp-json\/wp\/v2\/product_cat?post=53799"},{"taxonomy":"product_tag","embeddable":true,"href":"https:\/\/staging.nbg.eu\/lv\/wp-json\/wp\/v2\/product_tag?post=53799"}],"curies":[{"name":"wp","href":"https:\/\/api.w.org\/{rel}","templated":true}]}}