{"id":537989,"date":"2025-09-05T17:25:46","date_gmt":"2025-09-05T14:25:46","guid":{"rendered":"https:\/\/staging.nbg.eu\/product\/recoil-spring-kmr-45-extra-extrasoft-8\/"},"modified":"2025-09-30T12:20:25","modified_gmt":"2025-09-30T09:20:25","slug":"atsperatspere-kmr-45-extra-extrasoft-8","status":"publish","type":"product","link":"https:\/\/staging.nbg.eu\/lv\/product\/atsperatspere-kmr-45-extra-extrasoft-8\/","title":{"rendered":"ATSPERATSPERE KMR 4,5&#8243; EXTRA EXTRASOFT (8)"},"content":{"rendered":"<h2>ATSITIENA ATSPERE KMR 4,5&#8243; \u012aPA\u0160I M\u012aKSTA (8)<\/h2>\n<p>KMR Precision Arms ATSITIENA ATSPERE KMR 4,5&#8243; \u012aPA\u0160I M\u012aKSTA (8) ir paredz\u0113ta 4,5 collu \u0161aujamiero\u010diem.<\/p>\n<h2>Produkta \u012bpa\u0161\u012bbas:<\/h2>\n<ul>\n<li>Z\u012bmols: KMR Precision Arms<\/li>\n<li>Atsauce: 0730-05801-0000<\/li>\n<li>Garums: 4,5 collas<\/li>\n<li>Tips: \u012apa\u0161i m\u012bksta<\/li>\n<li>Daudzums: 8 atsperes iepakojum\u0101<\/li>\n<\/ul>\n<p>\u0160\u012b \u012bpa\u0161i m\u012bkst\u0101 atsitiena atspere ir izstr\u0101d\u0101ta, lai samazin\u0101tu saj\u016btamo atsitienu. T\u0101 ir piem\u0113rota sacens\u012bbu \u0161\u0101v\u0113jiem un entuziastiem, kas v\u0113las uzlabot sava \u0161aujamiero\u010da darb\u012bbu. KMR 4,5&#8243; \u012aPA\u0160I M\u012aKST\u0100 atspere nodro\u0161ina vienm\u0113r\u012bgu darb\u012bbu.<\/p>\n","protected":false},"excerpt":{"rendered":"<p>\u012apa\u0161i m\u012bksta atsitiena atspere KMR 4,5 collu prec\u012bzijas iero\u010diem. Vienm\u0113r\u012bga darb\u012bba.<\/p>\n","protected":false},"featured_media":496959,"template":"","meta":{"_acf_changed":false},"product_brand":[11512],"product_cat":[13779],"product_tag":[],"class_list":{"0":"post-537989","1":"product","2":"type-product","3":"status-publish","4":"has-post-thumbnail","6":"product_brand-kmr-precision","7":"product_cat-kmr-detalas","9":"first","10":"instock","11":"taxable","12":"shipping-taxable","13":"purchasable","14":"product-type-simple"},"acf":[],"_links":{"self":[{"href":"https:\/\/staging.nbg.eu\/lv\/wp-json\/wp\/v2\/product\/537989","targetHints":{"allow":["GET"]}}],"collection":[{"href":"https:\/\/staging.nbg.eu\/lv\/wp-json\/wp\/v2\/product"}],"about":[{"href":"https:\/\/staging.nbg.eu\/lv\/wp-json\/wp\/v2\/types\/product"}],"wp:featuredmedia":[{"embeddable":true,"href":"https:\/\/staging.nbg.eu\/lv\/wp-json\/wp\/v2\/media\/496959"}],"wp:attachment":[{"href":"https:\/\/staging.nbg.eu\/lv\/wp-json\/wp\/v2\/media?parent=537989"}],"wp:term":[{"taxonomy":"product_brand","embeddable":true,"href":"https:\/\/staging.nbg.eu\/lv\/wp-json\/wp\/v2\/product_brand?post=537989"},{"taxonomy":"product_cat","embeddable":true,"href":"https:\/\/staging.nbg.eu\/lv\/wp-json\/wp\/v2\/product_cat?post=537989"},{"taxonomy":"product_tag","embeddable":true,"href":"https:\/\/staging.nbg.eu\/lv\/wp-json\/wp\/v2\/product_tag?post=537989"}],"curies":[{"name":"wp","href":"https:\/\/api.w.org\/{rel}","templated":true}]}}