{"id":537882,"date":"2025-09-05T17:25:45","date_gmt":"2025-09-05T14:25:45","guid":{"rendered":"https:\/\/staging.nbg.eu\/product\/sons-of-liberty-gun-works-ar-15-bolt-catch-spring\/"},"modified":"2025-09-30T12:11:18","modified_gmt":"2025-09-30T09:11:18","slug":"sons-of-liberty-gun-works-ar-15-aizvara-atverama-atspere","status":"publish","type":"product","link":"https:\/\/staging.nbg.eu\/lv\/product\/sons-of-liberty-gun-works-ar-15-aizvara-atverama-atspere\/","title":{"rendered":"SONS OF LIBERTY GUN WORKS AR-15 AIZVARA ATVERAMA ATSPERE"},"content":{"rendered":"<div class=\"product-description\">\n<h2>SONS OF LIBERTY GUN WORKS AR-15 AIZTURA ATSPERE (10 gab. iepakojums)<\/h2>\n<p>AR-15 aiztura atspere. Ra\u017eots ASV, \u0161is komponents nodro\u0161ina ier\u012bces aiztura meh\u0101nisma darb\u012bbu.<\/p>\n<h2>Galven\u0101s \u012bpa\u0161\u012bbas:<\/h2>\n<ul>\n<li>Paredz\u0113ts AR-15 platform\u0101m<\/li>\n<li>Iztur\u012bga konstrukcija<\/li>\n<li>Nodro\u0161ina aiztura funkcionalit\u0101ti<\/li>\n<li>Ra\u017eots ASV<\/li>\n<li>P\u0101rdod 10 gab. iepakojum\u0101<\/li>\n<\/ul>\n<p>Produkta inform\u0101cija:<\/p>\n<ul>\n<li>Svars: 0.01 m\u0101rci\u0146as<\/li>\n<\/ul>\n<p>AR-15 aiztura atspere, ra\u017eota ASV.<\/p>\n<\/div>\n","protected":false},"excerpt":{"rendered":"<p>ASV ra\u017eota AR-15 aiztura atspere. B\u016btiska, iztur\u012bga rezerves da\u013ca.<\/p>\n","protected":false},"featured_media":496936,"template":"","meta":{"_acf_changed":false},"product_brand":[],"product_cat":[13776],"product_tag":[],"class_list":{"0":"post-537882","1":"product","2":"type-product","3":"status-publish","4":"has-post-thumbnail","6":"product_cat-sautenes-uzlabojumi","8":"first","9":"instock","10":"taxable","11":"shipping-taxable","12":"purchasable","13":"product-type-simple"},"acf":[],"_links":{"self":[{"href":"https:\/\/staging.nbg.eu\/lv\/wp-json\/wp\/v2\/product\/537882","targetHints":{"allow":["GET"]}}],"collection":[{"href":"https:\/\/staging.nbg.eu\/lv\/wp-json\/wp\/v2\/product"}],"about":[{"href":"https:\/\/staging.nbg.eu\/lv\/wp-json\/wp\/v2\/types\/product"}],"wp:featuredmedia":[{"embeddable":true,"href":"https:\/\/staging.nbg.eu\/lv\/wp-json\/wp\/v2\/media\/496936"}],"wp:attachment":[{"href":"https:\/\/staging.nbg.eu\/lv\/wp-json\/wp\/v2\/media?parent=537882"}],"wp:term":[{"taxonomy":"product_brand","embeddable":true,"href":"https:\/\/staging.nbg.eu\/lv\/wp-json\/wp\/v2\/product_brand?post=537882"},{"taxonomy":"product_cat","embeddable":true,"href":"https:\/\/staging.nbg.eu\/lv\/wp-json\/wp\/v2\/product_cat?post=537882"},{"taxonomy":"product_tag","embeddable":true,"href":"https:\/\/staging.nbg.eu\/lv\/wp-json\/wp\/v2\/product_tag?post=537882"}],"curies":[{"name":"wp","href":"https:\/\/api.w.org\/{rel}","templated":true}]}}