{"id":537747,"date":"2025-09-05T00:17:22","date_gmt":"2025-09-04T21:17:22","guid":{"rendered":"https:\/\/staging.nbg.eu\/product\/badger-ordnance-34mm-condition-one-accessory-ring-cap-tan-700-34\/"},"modified":"2025-09-30T11:50:29","modified_gmt":"2025-09-30T08:50:29","slug":"badger-ordnance-34mm-condition-one-aksesuaru-gredzena-vaks-tan-700-34","status":"publish","type":"product","link":"https:\/\/staging.nbg.eu\/lv\/product\/badger-ordnance-34mm-condition-one-aksesuaru-gredzena-vaks-tan-700-34\/","title":{"rendered":"BADGER ORDNANCE 34MM CONDITION ONE AKSESUARU GREDZENA VAKS TAN (700-34)"},"content":{"rendered":"<div class=\"product-description\">\n<h2>BADGER ORDNANCE 34MM CONDITION ONE PIEDERUMU GREDZENA V\u0100CI\u0145\u0160, SMIL\u0160KR\u0100S\u0100 (700-34)<\/h2>\n<p>Papildiniet savu Condition One modul\u0101ro stiprin\u0101jumu ar Badger Ordnance Condition One piederumu gredzena v\u0101ci\u0146u (C1 ARC). \u0160is piederums pied\u0101v\u0101:<\/p>\n<ul>\n<li>Integr\u0101cija ar Condition One modul\u0101rajiem stiprin\u0101jumiem<\/li>\n<li>Piestiprin\u0101\u0161anas iesp\u0113jas priek\u0161pus\u0113 vai aizmugur\u0113<\/li>\n<li>Sader\u012bba ar da\u017e\u0101diem piederumiem, tostarp l\u0101zera t\u0101lm\u0113ra slied\u0113m un 12 pulkste\u0146a sarkano punktu optiku<\/li>\n<li>Piestiprin\u0101\u0161ana\/no\u0146em\u0161ana, netrauc\u0113jot galven\u0101s optikas null\u0113\u0161anu<\/li>\n<li>Smil\u0161kr\u0101sas apdare taktiskajam pielietojumam<\/li>\n<\/ul>\n<p>Uzlabojiet savu optisko sist\u0113mu ar C1 ARC, kas paredz\u0113ts, lai nodro\u0161in\u0101tu piel\u0101go\u0161anas iesp\u0113jas un funkcionalit\u0101ti \u0161\u0101v\u0113jiem un profesion\u0101\u013ciem.<\/p>\n<\/div>\n","protected":false},"excerpt":{"rendered":"<p>Piel\u0101gojama 34 mm gredzena uzgalis Condition One stiprin\u0101jumiem. Daudzpus\u012bgs piederumu pievieno\u0161anas risin\u0101jums.<\/p>\n","protected":false},"featured_media":496483,"template":"","meta":{"_acf_changed":false},"product_brand":[11085],"product_cat":[13803,13760],"product_tag":[],"class_list":{"0":"post-537747","1":"product","2":"type-product","3":"status-publish","4":"has-post-thumbnail","6":"product_brand-badger-ordnance","7":"product_cat-merkesana","8":"product_cat-merkesanas-aksesuari","10":"first","11":"instock","12":"taxable","13":"shipping-taxable","14":"purchasable","15":"product-type-simple"},"acf":[],"_links":{"self":[{"href":"https:\/\/staging.nbg.eu\/lv\/wp-json\/wp\/v2\/product\/537747","targetHints":{"allow":["GET"]}}],"collection":[{"href":"https:\/\/staging.nbg.eu\/lv\/wp-json\/wp\/v2\/product"}],"about":[{"href":"https:\/\/staging.nbg.eu\/lv\/wp-json\/wp\/v2\/types\/product"}],"wp:featuredmedia":[{"embeddable":true,"href":"https:\/\/staging.nbg.eu\/lv\/wp-json\/wp\/v2\/media\/496483"}],"wp:attachment":[{"href":"https:\/\/staging.nbg.eu\/lv\/wp-json\/wp\/v2\/media?parent=537747"}],"wp:term":[{"taxonomy":"product_brand","embeddable":true,"href":"https:\/\/staging.nbg.eu\/lv\/wp-json\/wp\/v2\/product_brand?post=537747"},{"taxonomy":"product_cat","embeddable":true,"href":"https:\/\/staging.nbg.eu\/lv\/wp-json\/wp\/v2\/product_cat?post=537747"},{"taxonomy":"product_tag","embeddable":true,"href":"https:\/\/staging.nbg.eu\/lv\/wp-json\/wp\/v2\/product_tag?post=537747"}],"curies":[{"name":"wp","href":"https:\/\/api.w.org\/{rel}","templated":true}]}}