{"id":535728,"date":"2025-09-05T00:01:54","date_gmt":"2025-09-04T21:01:54","guid":{"rendered":"https:\/\/staging.nbg.eu\/product\/vortex-defender-xl-red-dot-2moa-sight-dfxl-mrd2\/"},"modified":"2025-09-29T16:21:10","modified_gmt":"2025-09-29T13:21:10","slug":"vortex-defender-xl-sarkanais-punkts-2moa-temeklis-dfxl-mrd2","status":"publish","type":"product","link":"https:\/\/staging.nbg.eu\/lv\/product\/vortex-defender-xl-sarkanais-punkts-2moa-temeklis-dfxl-mrd2\/","title":{"rendered":"Vortex Defender-XL sarkanais punkts 2MOA t\u0113meklis &#8211; DFXL-MRD2"},"content":{"rendered":"<div class=\"product-description\">\n<h2>Vortex Defender-XL sarkan\u0101 punkta 2MOA t\u0113meklis &#8211; DFXL-MRD2<\/h2>\n<p>Vortex Defender-XL 2 MOA sarkan\u0101 punkta t\u0113meklis ir kompakts optiskais instruments, kas paredz\u0113ts \u0101trai m\u0113r\u0137a noteik\u0161anai. Tas ir piem\u0113rots sacens\u012bbu \u0161\u0101v\u0113jiem, taktiskajiem operatoriem un iero\u010du entuziastiem.<\/p>\n<h2>Galven\u0101s \u012bpa\u0161\u012bbas:<\/h2>\n<ul>\n<li>2 MOA sarkanais punkts<\/li>\n<li>10 spilgtuma iestat\u012bjumi, ieskaitot 2 nakts redzam\u012bbas re\u017e\u012bmus<\/li>\n<li>Liela asf\u0113riska l\u0113ca<\/li>\n<li>ShockShield polim\u0113ra ieliktnis triecieniztur\u012bbai<\/li>\n<li>Fast-Rack tekst\u016bra sl\u012bd\u0146a manipul\u0101cijai<\/li>\n<li>Kust\u012bbu aktiviz\u0113\u0161ana ar 10 min\u016b\u0161u autom\u0101tisko izsl\u0113g\u0161anos<\/li>\n<li>Pogu blo\u0137\u0113\u0161ana, lai nov\u0113rstu nejau\u0161as korekcijas<\/li>\n<li>Baterijas nomai\u0146as sist\u0113ma no aug\u0161puses<\/li>\n<li>Mat\u0113ta apdare<\/li>\n<\/ul>\n<p>Defender-XL ir izstr\u0101d\u0101ts, lai iztur\u0113tu sare\u017e\u0123\u012btus apst\u0101k\u013cus, saglab\u0101jot prec\u012bzu darb\u012bbu. \u0160is sarkan\u0101 punkta t\u0113meklis ir piem\u0113rots \u0161\u0101v\u0113jiem, kuriem nepiecie\u0161ama uzticam\u012bba un daudzpus\u012bba.<\/p>\n<\/div>\n","protected":false},"excerpt":{"rendered":"<p>Kompakts, iztur\u012bgs sarkan\u0101 punkta t\u0113meklis ar 2 MOA punktu un kust\u012bbas aktiviz\u0101ciju.<\/p>\n","protected":false},"featured_media":496174,"template":"","meta":{"_acf_changed":false},"product_brand":[],"product_cat":[13803,13783,13804,13837],"product_tag":[],"class_list":{"0":"post-535728","1":"product","2":"type-product","3":"status-publish","4":"has-post-thumbnail","6":"product_cat-merkesana","7":"product_cat-pistoles-punktieri","8":"product_cat-sarkanpunkta-temekli","9":"product_cat-sautenes-kolimatori","11":"first","12":"instock","13":"taxable","14":"shipping-taxable","15":"purchasable","16":"product-type-simple"},"acf":[],"_links":{"self":[{"href":"https:\/\/staging.nbg.eu\/lv\/wp-json\/wp\/v2\/product\/535728","targetHints":{"allow":["GET"]}}],"collection":[{"href":"https:\/\/staging.nbg.eu\/lv\/wp-json\/wp\/v2\/product"}],"about":[{"href":"https:\/\/staging.nbg.eu\/lv\/wp-json\/wp\/v2\/types\/product"}],"wp:featuredmedia":[{"embeddable":true,"href":"https:\/\/staging.nbg.eu\/lv\/wp-json\/wp\/v2\/media\/496174"}],"wp:attachment":[{"href":"https:\/\/staging.nbg.eu\/lv\/wp-json\/wp\/v2\/media?parent=535728"}],"wp:term":[{"taxonomy":"product_brand","embeddable":true,"href":"https:\/\/staging.nbg.eu\/lv\/wp-json\/wp\/v2\/product_brand?post=535728"},{"taxonomy":"product_cat","embeddable":true,"href":"https:\/\/staging.nbg.eu\/lv\/wp-json\/wp\/v2\/product_cat?post=535728"},{"taxonomy":"product_tag","embeddable":true,"href":"https:\/\/staging.nbg.eu\/lv\/wp-json\/wp\/v2\/product_tag?post=535728"}],"curies":[{"name":"wp","href":"https:\/\/api.w.org\/{rel}","templated":true}]}}