{"id":535620,"date":"2025-09-05T00:01:46","date_gmt":"2025-09-04T21:01:46","guid":{"rendered":"https:\/\/staging.nbg.eu\/product\/rh-502-speedloops-45-mm\/"},"modified":"2025-09-29T16:11:49","modified_gmt":"2025-09-29T13:11:49","slug":"rh-502-speedloops-45-mm","status":"publish","type":"product","link":"https:\/\/staging.nbg.eu\/lv\/product\/rh-502-speedloops-45-mm\/","title":{"rendered":"RH .502 Speedloops 45 mm"},"content":{"rendered":"<h2>RH .502 Speedloops 45 mm<\/h2>\n<p>RH .502 Speedloops 45 mm ir paredz\u0113ti cydex futr\u0101\u013ciem un RH Holster produktiem.<\/p>\n<h3>Galven\u0101s \u012bpa\u0161\u012bbas:<\/h3>\n<ul>\n<li>Nav nepiecie\u0161ama jostas v\u0113r\u0161ana<\/li>\n<li>T\u0113rauda konstrukcija ar melnu laku<\/li>\n<li>Sader\u012bgi ar jost\u0101m l\u012bdz 7 mm biezumam<\/li>\n<li>45 mm izm\u0113rs<\/li>\n<\/ul>\n<p>SpeedLoops RH Holsters \u013cauj piestiprin\u0101t cydex futr\u0101li jostai. Uzlieciet cilpu uz nedaudz atbr\u012bvotas jostas.<\/p>\n<h3>Priek\u0161roc\u012bbas:<\/h3>\n<ul>\n<li>Paredz\u0113ti cydex futr\u0101\u013ciem<\/li>\n<li>Sader\u012bgi ar RH Holster futr\u0101\u013ciem<\/li>\n<li>Nav nepiecie\u0161ama jostas v\u0113r\u0161ana<\/li>\n<\/ul>\n<p><strong>Kr\u0101sa:<\/strong> Melna<\/p>\n<p><strong>Izm\u0113rs:<\/strong> 45 mm<\/p>\n<p>RH .502 Speedloops 45 mm ir paredz\u0113ti j\u016bsu futr\u0101\u013ca uzst\u0101d\u012b\u0161anai.<\/p>\n","protected":false},"excerpt":{"rendered":"<p>RH .502 Speedloops: \u0100tri pievienojamas t\u0113rauda cilpas Cydex futr\u0101\u013ciem, 45mm.<\/p>\n","protected":false},"featured_media":496150,"template":"","meta":{"_acf_changed":false},"product_brand":[11644],"product_cat":[13814],"product_tag":[],"class_list":{"0":"post-535620","1":"product","2":"type-product","3":"status-publish","4":"has-post-thumbnail","6":"product_brand-rh-holsters","7":"product_cat-koburas-aksesuari","9":"first","10":"outofstock","11":"taxable","12":"shipping-taxable","13":"purchasable","14":"product-type-simple"},"acf":[],"_links":{"self":[{"href":"https:\/\/staging.nbg.eu\/lv\/wp-json\/wp\/v2\/product\/535620","targetHints":{"allow":["GET"]}}],"collection":[{"href":"https:\/\/staging.nbg.eu\/lv\/wp-json\/wp\/v2\/product"}],"about":[{"href":"https:\/\/staging.nbg.eu\/lv\/wp-json\/wp\/v2\/types\/product"}],"wp:featuredmedia":[{"embeddable":true,"href":"https:\/\/staging.nbg.eu\/lv\/wp-json\/wp\/v2\/media\/496150"}],"wp:attachment":[{"href":"https:\/\/staging.nbg.eu\/lv\/wp-json\/wp\/v2\/media?parent=535620"}],"wp:term":[{"taxonomy":"product_brand","embeddable":true,"href":"https:\/\/staging.nbg.eu\/lv\/wp-json\/wp\/v2\/product_brand?post=535620"},{"taxonomy":"product_cat","embeddable":true,"href":"https:\/\/staging.nbg.eu\/lv\/wp-json\/wp\/v2\/product_cat?post=535620"},{"taxonomy":"product_tag","embeddable":true,"href":"https:\/\/staging.nbg.eu\/lv\/wp-json\/wp\/v2\/product_tag?post=535620"}],"curies":[{"name":"wp","href":"https:\/\/api.w.org\/{rel}","templated":true}]}}